{"id":8704,"date":"2022-01-26T21:36:45","date_gmt":"2022-01-26T21:36:45","guid":{"rendered":"https:\/\/d6be6d1b8c.nxcli.io\/stod\/"},"modified":"2025-11-20T14:09:30","modified_gmt":"2025-11-20T14:09:30","slug":"stod","status":"publish","type":"page","link":"https:\/\/meetobi.com\/sv\/stod\/","title":{"rendered":"St\u00f6d"},"content":{"rendered":"\t\t<div data-elementor-type=\"wp-page\" data-elementor-id=\"8704\" class=\"elementor elementor-8704 elementor-2780\" data-elementor-post-type=\"page\">\n\t\t\t\t\t\t<section class=\"elementor-section elementor-top-section elementor-element elementor-element-00e1042 section-pts section-pbs wht mbs elementor-section-height-min-height elementor-section-boxed elementor-section-height-default elementor-section-items-middle\" data-id=\"00e1042\" data-element_type=\"section\" data-e-type=\"section\" data-settings=\"{&quot;background_background&quot;:&quot;classic&quot;}\">\n\t\t\t\t\t\t<div class=\"elementor-container elementor-column-gap-default\">\n\t\t\t\t\t<div class=\"elementor-column elementor-col-100 elementor-top-column elementor-element elementor-element-c55ec4d\" data-id=\"c55ec4d\" data-element_type=\"column\" data-e-type=\"column\">\n\t\t\t<div class=\"elementor-widget-wrap elementor-element-populated\">\n\t\t\t\t\t\t<div class=\"elementor-element elementor-element-d342da2 wht mbs elementor-widget elementor-widget-heading\" data-id=\"d342da2\" data-element_type=\"widget\" data-e-type=\"widget\" data-widget_type=\"heading.default\">\n\t\t\t\t<div class=\"elementor-widget-container\">\n\t\t\t\t\t<h1 class=\"elementor-heading-title elementor-size-default\">St\u00f6d<\/h1>\t\t\t\t<\/div>\n\t\t\t\t<\/div>\n\t\t\t\t<div class=\"elementor-element elementor-element-a767316 elementor-align-center mbn elementor-widget elementor-widget-breadcrumbs\" data-id=\"a767316\" data-element_type=\"widget\" data-e-type=\"widget\" data-widget_type=\"breadcrumbs.default\">\n\t\t\t\t<div class=\"elementor-widget-container\">\n\t\t\t\t\t<p id=\"breadcrumbs\"><span><span><a href=\"https:\/\/meetobi.com\/sv\/\">Home<\/a><\/span><\/span><\/p>\t\t\t\t<\/div>\n\t\t\t\t<\/div>\n\t\t\t\t\t<\/div>\n\t\t<\/div>\n\t\t\t\t\t<\/div>\n\t\t<\/section>\n\t\t\t\t<section class=\"elementor-section elementor-top-section elementor-element elementor-element-a74ee78 section-pts elementor-section-boxed elementor-section-height-default elementor-section-height-default section-default-pad\" data-id=\"a74ee78\" data-element_type=\"section\" data-e-type=\"section\">\n\t\t\t\t\t\t<div class=\"elementor-container elementor-column-gap-default\">\n\t\t\t\t\t<div class=\"elementor-column elementor-col-100 elementor-top-column elementor-element elementor-element-9dda51a\" data-id=\"9dda51a\" data-element_type=\"column\" data-e-type=\"column\">\n\t\t\t<div class=\"elementor-widget-wrap elementor-element-populated\">\n\t\t\t\t\t\t<div class=\"elementor-element elementor-element-c1be73f text-narrow-centered elementor-widget elementor-widget-heading\" data-id=\"c1be73f\" data-element_type=\"widget\" data-e-type=\"widget\" data-widget_type=\"heading.default\">\n\t\t\t\t<div class=\"elementor-widget-container\">\n\t\t\t\t\t<h5 class=\"elementor-heading-title elementor-size-default\">F\u00f6r support eller problem med enheten, v\u00e4nligen fyll i formul\u00e4ret \nnedan s\u00e5 kommer v\u00e5rt serviceteam att kontakta dig inom kort!<\/h5>\t\t\t\t<\/div>\n\t\t\t\t<\/div>\n\t\t\t\t<section class=\"elementor-section elementor-inner-section elementor-element elementor-element-ade7d77 section-ptn section-pbn elementor-section-boxed elementor-section-height-default elementor-section-height-default\" data-id=\"ade7d77\" data-element_type=\"section\" data-e-type=\"section\">\n\t\t\t\t\t\t<div class=\"elementor-container elementor-column-gap-default\">\n\t\t\t\t\t<div class=\"elementor-column elementor-col-100 elementor-inner-column elementor-element elementor-element-c653488\" data-id=\"c653488\" data-element_type=\"column\" data-e-type=\"column\">\n\t\t\t<div class=\"elementor-widget-wrap elementor-element-populated\">\n\t\t\t\t\t\t<div class=\"elementor-element elementor-element-21d1c2f elementor-widget elementor-widget-html\" data-id=\"21d1c2f\" data-element_type=\"widget\" data-e-type=\"widget\" data-widget_type=\"html.default\">\n\t\t\t\t<div class=\"elementor-widget-container\">\n\t\t\t\t\t<!--[if lte IE 8]>\n<script charset=\"utf-8\" type=\"text\/javascript\" src=\"\/\/js.hsforms.net\/forms\/v2-legacy.js\"><\/script>\n<![endif]-->\n<script charset=\"utf-8\" type=\"text\/javascript\" src=\"\/\/js.hsforms.net\/forms\/v2.js\"><\/script>\n<script>\nhbspt.forms.create({\nregion: \"na1\",\nportalId: \"20523599\",\nformId: \"0761c020-9900-40d9-b8bd-45f5bd1958f6\"\n});\n<\/script>\t\t\t\t<\/div>\n\t\t\t\t<\/div>\n\t\t\t\t\t<\/div>\n\t\t<\/div>\n\t\t\t\t\t<\/div>\n\t\t<\/section>\n\t\t\t\t\t<\/div>\n\t\t<\/div>\n\t\t\t\t\t<\/div>\n\t\t<\/section>\n\t\t<div class=\"elementor-element elementor-element-ad4dcb1 e-flex e-con-boxed e-con e-parent\" data-id=\"ad4dcb1\" data-element_type=\"container\" data-e-type=\"container\">\n\t\t\t\t\t<div class=\"e-con-inner\">\n\t\t<div class=\"elementor-element elementor-element-869ac37 e-con-full e-flex e-con e-child\" data-id=\"869ac37\" data-element_type=\"container\" data-e-type=\"container\">\n\t\t\t\t<div class=\"elementor-element elementor-element-9e5cb96 elementor-widget elementor-widget-heading\" data-id=\"9e5cb96\" data-element_type=\"widget\" data-e-type=\"widget\" data-widget_type=\"heading.default\">\n\t\t\t\t<div class=\"elementor-widget-container\">\n\t\t\t\t\t<h3 class=\"elementor-heading-title elementor-size-default\">L\u00e4s mer om hur Obi g\u00f6r det m\u00f6jligt att \u00e4ta sj\u00e4lvst\u00e4ndigt<\/h3>\t\t\t\t<\/div>\n\t\t\t\t<\/div>\n\t\t\t\t<div class=\"elementor-element elementor-element-0d119bf elementor-widget elementor-widget-text-editor\" data-id=\"0d119bf\" data-element_type=\"widget\" data-e-type=\"widget\" data-widget_type=\"text-editor.default\">\n\t\t\t\t<div class=\"elementor-widget-container\">\n\t\t\t\t\t\t\t\t\t<p>Obi \u00e4r en <a href=\"\/\"><strong>\u00c4tningshj\u00e4lpmedel<\/strong><\/a> utformad f\u00f6r att hj\u00e4lpa vuxna och barn med fysiska funktionshinder eller funktionsneds\u00e4ttningar som beh\u00f6ver hj\u00e4lp med att \u00e4ta sj\u00e4lva. Den inneh\u00e5ller en multisensorisk, interaktiv basenhet som kan anv\u00e4ndas med n\u00e4stan alla typer av mat.<\/p><p>Med Obi blir anv\u00e4ndarna mer delaktiga i m\u00e5ltidsupplevelsen, samtidigt som de blir sj\u00e4lvst\u00e4ndiga och f\u00e5r sj\u00e4lvf\u00f6rtroende n\u00e4r de \u00e4ter p\u00e5 egen hand.<\/p>\t\t\t\t\t\t\t\t<\/div>\n\t\t\t\t<\/div>\n\t\t\t\t<div class=\"elementor-element elementor-element-55a63c7 elementor-align-left elementor-mobile-align-left elementor-widget elementor-widget-button\" data-id=\"55a63c7\" data-element_type=\"widget\" data-e-type=\"widget\" data-widget_type=\"button.default\">\n\t\t\t\t<div class=\"elementor-widget-container\">\n\t\t\t\t\t\t\t\t\t<div class=\"elementor-button-wrapper\">\n\t\t\t\t\t<a class=\"elementor-button elementor-button-link elementor-size-sm\" href=\"https:\/\/meetobi.com\/sv\/traffa-obi\/\" rel=\"nofollow\">\n\t\t\t\t\t\t<span class=\"elementor-button-content-wrapper\">\n\t\t\t\t\t\t\t\t\t<span class=\"elementor-button-text\">L\u00e4s mer om Obi<\/span>\n\t\t\t\t\t<\/span>\n\t\t\t\t\t<\/a>\n\t\t\t\t<\/div>\n\t\t\t\t\t\t\t\t<\/div>\n\t\t\t\t<\/div>\n\t\t\t\t<\/div>\n\t\t<div class=\"elementor-element elementor-element-246d47f e-con-full e-flex e-con e-child\" data-id=\"246d47f\" data-element_type=\"container\" data-e-type=\"container\">\n\t\t\t\t<div class=\"elementor-element elementor-element-81ae234 elementor-widget elementor-widget-image\" data-id=\"81ae234\" data-element_type=\"widget\" data-e-type=\"widget\" data-widget_type=\"image.default\">\n\t\t\t\t<div class=\"elementor-widget-container\">\n\t\t\t\t\t\t\t\t\t\t\t\t\t\t\t<img fetchpriority=\"high\" decoding=\"async\" width=\"800\" height=\"534\" src=\"https:\/\/meetobi.com\/wp-content\/uploads\/2024\/05\/IMG_0251-1024x683.jpg\" class=\"attachment-large size-large wp-image-12335\" alt=\"\" srcset=\"https:\/\/meetobi.com\/wp-content\/uploads\/2024\/05\/IMG_0251-1024x683.jpg 1024w, https:\/\/meetobi.com\/wp-content\/uploads\/2024\/05\/IMG_0251-300x200.jpg 300w, https:\/\/meetobi.com\/wp-content\/uploads\/2024\/05\/IMG_0251-768x512.jpg 768w, https:\/\/meetobi.com\/wp-content\/uploads\/2024\/05\/IMG_0251-1536x1024.jpg 1536w, https:\/\/meetobi.com\/wp-content\/uploads\/2024\/05\/IMG_0251-2048x1365.jpg 2048w, https:\/\/meetobi.com\/wp-content\/uploads\/2024\/05\/IMG_0251-1320x880.jpg 1320w, https:\/\/meetobi.com\/wp-content\/uploads\/2024\/05\/IMG_0251-600x400.jpg 600w\" sizes=\"(max-width: 800px) 100vw, 800px\" \/>\t\t\t\t\t\t\t\t\t\t\t\t\t\t\t<\/div>\n\t\t\t\t<\/div>\n\t\t\t\t<\/div>\n\t\t\t\t\t<\/div>\n\t\t\t\t<\/div>\n\t\t\t\t<\/div>\n\t\t","protected":false},"excerpt":{"rendered":"<p>Obi \u00e4r ett adaptivt \u00e4thj\u00e4lpmedel som \u00e4r utformat f\u00f6r att hj\u00e4lpa vuxna och barn med fysiska funktionshinder eller funktionsneds\u00e4ttningar som beh\u00f6ver hj\u00e4lp med att \u00e4ta sj\u00e4lva. Den inneh\u00e5ller en multisensorisk, interaktiv basenhet som kan anv\u00e4ndas med n\u00e4stan alla typer av mat. <\/p>\n","protected":false},"author":1,"featured_media":8435,"parent":0,"menu_order":13,"comment_status":"closed","ping_status":"closed","template":"","meta":{"content-type":"","footnotes":""},"class_list":["post-8704","page","type-page","status-publish","has-post-thumbnail","hentry"],"yoast_head":"<!-- This site is optimized with the Yoast SEO plugin v27.4 - https:\/\/yoast.com\/product\/yoast-seo-wordpress\/ -->\n<title>F\u00e5 hj\u00e4lp och support f\u00f6r Obi - Obi% %%sitename<\/title>\n<meta name=\"description\" content=\"Beh\u00f6ver du hj\u00e4lp med din Obi-enhet? Vi \u00e4r h\u00e4r f\u00f6r att hj\u00e4lpa dig! Skicka in en beg\u00e4ran om st\u00f6d. V\u00e5rt serviceteam kommer att kontakta dig inom kort!\" \/>\n<meta name=\"robots\" content=\"index, follow, max-snippet:-1, max-image-preview:large, max-video-preview:-1\" \/>\n<link rel=\"canonical\" href=\"https:\/\/meetobi.com\/sv\/stod\/\" \/>\n<meta property=\"og:locale\" content=\"sv_SE\" \/>\n<meta property=\"og:type\" content=\"article\" \/>\n<meta property=\"og:title\" content=\"F\u00e5 hj\u00e4lp och support f\u00f6r Obi - Obi% %%sitename\" \/>\n<meta property=\"og:description\" content=\"Beh\u00f6ver du hj\u00e4lp med din Obi-enhet? Vi \u00e4r h\u00e4r f\u00f6r att hj\u00e4lpa dig! Skicka in en beg\u00e4ran om st\u00f6d. V\u00e5rt serviceteam kommer att kontakta dig inom kort!\" \/>\n<meta property=\"og:url\" content=\"https:\/\/meetobi.com\/sv\/stod\/\" \/>\n<meta property=\"og:site_name\" content=\"Obi\" \/>\n<meta property=\"article:publisher\" content=\"https:\/\/www.facebook.com\/obirobot\" \/>\n<meta property=\"article:modified_time\" content=\"2025-11-20T14:09:30+00:00\" \/>\n<meta property=\"og:image\" content=\"https:\/\/meetobi.com\/wp-content\/uploads\/2023\/01\/Alan-Veteran-using-obi-at-home-dinner-table.webp\" \/>\n\t<meta property=\"og:image:width\" content=\"1920\" \/>\n\t<meta property=\"og:image:height\" content=\"1470\" \/>\n\t<meta property=\"og:image:type\" content=\"image\/webp\" \/>\n<meta name=\"twitter:card\" content=\"summary_large_image\" \/>\n<meta name=\"twitter:site\" content=\"@ObiRobot\" \/>\n<meta name=\"twitter:label1\" content=\"Ber\u00e4knad l\u00e4stid\" \/>\n\t<meta name=\"twitter:data1\" content=\"1 minut\" \/>\n<script type=\"application\/ld+json\" class=\"yoast-schema-graph\">{\"@context\":\"https:\\\/\\\/schema.org\",\"@graph\":[{\"@type\":\"WebPage\",\"@id\":\"https:\\\/\\\/meetobi.com\\\/sv\\\/stod\\\/\",\"url\":\"https:\\\/\\\/meetobi.com\\\/sv\\\/stod\\\/\",\"name\":\"F\u00e5 hj\u00e4lp och support f\u00f6r Obi - Obi% %%sitename\",\"isPartOf\":{\"@id\":\"https:\\\/\\\/meetobi.com\\\/sv\\\/#website\"},\"primaryImageOfPage\":{\"@id\":\"https:\\\/\\\/meetobi.com\\\/sv\\\/stod\\\/#primaryimage\"},\"image\":{\"@id\":\"https:\\\/\\\/meetobi.com\\\/sv\\\/stod\\\/#primaryimage\"},\"thumbnailUrl\":\"https:\\\/\\\/meetobi.com\\\/wp-content\\\/uploads\\\/2023\\\/01\\\/Alan-Veteran-using-obi-at-home-dinner-table.webp\",\"datePublished\":\"2022-01-26T21:36:45+00:00\",\"dateModified\":\"2025-11-20T14:09:30+00:00\",\"description\":\"Beh\u00f6ver du hj\u00e4lp med din Obi-enhet? Vi \u00e4r h\u00e4r f\u00f6r att hj\u00e4lpa dig! Skicka in en beg\u00e4ran om st\u00f6d. V\u00e5rt serviceteam kommer att kontakta dig inom kort!\",\"breadcrumb\":{\"@id\":\"https:\\\/\\\/meetobi.com\\\/sv\\\/stod\\\/#breadcrumb\"},\"inLanguage\":\"sv-SE\",\"potentialAction\":[{\"@type\":\"ReadAction\",\"target\":[\"https:\\\/\\\/meetobi.com\\\/sv\\\/stod\\\/\"]}]},{\"@type\":\"ImageObject\",\"inLanguage\":\"sv-SE\",\"@id\":\"https:\\\/\\\/meetobi.com\\\/sv\\\/stod\\\/#primaryimage\",\"url\":\"https:\\\/\\\/meetobi.com\\\/wp-content\\\/uploads\\\/2023\\\/01\\\/Alan-Veteran-using-obi-at-home-dinner-table.webp\",\"contentUrl\":\"https:\\\/\\\/meetobi.com\\\/wp-content\\\/uploads\\\/2023\\\/01\\\/Alan-Veteran-using-obi-at-home-dinner-table.webp\",\"width\":1920,\"height\":1470},{\"@type\":\"BreadcrumbList\",\"@id\":\"https:\\\/\\\/meetobi.com\\\/sv\\\/stod\\\/#breadcrumb\",\"itemListElement\":[{\"@type\":\"ListItem\",\"position\":1,\"name\":\"Home\",\"item\":\"https:\\\/\\\/meetobi.com\\\/sv\\\/\"},{\"@type\":\"ListItem\",\"position\":2,\"name\":\"St\u00f6d\"}]},{\"@type\":\"WebSite\",\"@id\":\"https:\\\/\\\/meetobi.com\\\/sv\\\/#website\",\"url\":\"https:\\\/\\\/meetobi.com\\\/sv\\\/\",\"name\":\"Obi\",\"description\":\"Obi: The Independent Eating Device\",\"publisher\":{\"@id\":\"https:\\\/\\\/meetobi.com\\\/sv\\\/#organization\"},\"alternateName\":\"Obi Adaptive Eating Device\",\"potentialAction\":[{\"@type\":\"SearchAction\",\"target\":{\"@type\":\"EntryPoint\",\"urlTemplate\":\"https:\\\/\\\/meetobi.com\\\/sv\\\/?s={search_term_string}\"},\"query-input\":{\"@type\":\"PropertyValueSpecification\",\"valueRequired\":true,\"valueName\":\"search_term_string\"}}],\"inLanguage\":\"sv-SE\"},{\"@type\":\"Organization\",\"@id\":\"https:\\\/\\\/meetobi.com\\\/sv\\\/#organization\",\"name\":\"Obi Adaptive Eating Device\",\"alternateName\":\"MeetObi\",\"url\":\"https:\\\/\\\/meetobi.com\\\/sv\\\/\",\"logo\":{\"@type\":\"ImageObject\",\"inLanguage\":\"sv-SE\",\"@id\":\"https:\\\/\\\/meetobi.com\\\/sv\\\/#\\\/schema\\\/logo\\\/image\\\/\",\"url\":\"https:\\\/\\\/d6be6d1b8c.nxcli.io\\\/wp-content\\\/uploads\\\/2022\\\/02\\\/Outdoor-Dining-with-Obi-768x433-1.jpg\",\"contentUrl\":\"https:\\\/\\\/d6be6d1b8c.nxcli.io\\\/wp-content\\\/uploads\\\/2022\\\/02\\\/Outdoor-Dining-with-Obi-768x433-1.jpg\",\"width\":768,\"height\":433,\"caption\":\"Obi Adaptive Eating Device\"},\"image\":{\"@id\":\"https:\\\/\\\/meetobi.com\\\/sv\\\/#\\\/schema\\\/logo\\\/image\\\/\"},\"sameAs\":[\"https:\\\/\\\/www.facebook.com\\\/obirobot\",\"https:\\\/\\\/x.com\\\/ObiRobot\",\"https:\\\/\\\/www.youtube.com\\\/c\\\/Meetobirobot\",\"https:\\\/\\\/www.instagram.com\\\/obirobot\"]}]}<\/script>\n<!-- \/ Yoast SEO plugin. -->","yoast_head_json":{"title":"F\u00e5 hj\u00e4lp och support f\u00f6r Obi - Obi% %%sitename","description":"Beh\u00f6ver du hj\u00e4lp med din Obi-enhet? Vi \u00e4r h\u00e4r f\u00f6r att hj\u00e4lpa dig! Skicka in en beg\u00e4ran om st\u00f6d. V\u00e5rt serviceteam kommer att kontakta dig inom kort!","robots":{"index":"index","follow":"follow","max-snippet":"max-snippet:-1","max-image-preview":"max-image-preview:large","max-video-preview":"max-video-preview:-1"},"canonical":"https:\/\/meetobi.com\/sv\/stod\/","og_locale":"sv_SE","og_type":"article","og_title":"F\u00e5 hj\u00e4lp och support f\u00f6r Obi - Obi% %%sitename","og_description":"Beh\u00f6ver du hj\u00e4lp med din Obi-enhet? Vi \u00e4r h\u00e4r f\u00f6r att hj\u00e4lpa dig! Skicka in en beg\u00e4ran om st\u00f6d. V\u00e5rt serviceteam kommer att kontakta dig inom kort!","og_url":"https:\/\/meetobi.com\/sv\/stod\/","og_site_name":"Obi","article_publisher":"https:\/\/www.facebook.com\/obirobot","article_modified_time":"2025-11-20T14:09:30+00:00","og_image":[{"width":1920,"height":1470,"url":"https:\/\/meetobi.com\/wp-content\/uploads\/2023\/01\/Alan-Veteran-using-obi-at-home-dinner-table.webp","type":"image\/webp"}],"twitter_card":"summary_large_image","twitter_site":"@ObiRobot","twitter_misc":{"Ber\u00e4knad l\u00e4stid":"1 minut"},"schema":{"@context":"https:\/\/schema.org","@graph":[{"@type":"WebPage","@id":"https:\/\/meetobi.com\/sv\/stod\/","url":"https:\/\/meetobi.com\/sv\/stod\/","name":"F\u00e5 hj\u00e4lp och support f\u00f6r Obi - Obi% %%sitename","isPartOf":{"@id":"https:\/\/meetobi.com\/sv\/#website"},"primaryImageOfPage":{"@id":"https:\/\/meetobi.com\/sv\/stod\/#primaryimage"},"image":{"@id":"https:\/\/meetobi.com\/sv\/stod\/#primaryimage"},"thumbnailUrl":"https:\/\/meetobi.com\/wp-content\/uploads\/2023\/01\/Alan-Veteran-using-obi-at-home-dinner-table.webp","datePublished":"2022-01-26T21:36:45+00:00","dateModified":"2025-11-20T14:09:30+00:00","description":"Beh\u00f6ver du hj\u00e4lp med din Obi-enhet? Vi \u00e4r h\u00e4r f\u00f6r att hj\u00e4lpa dig! Skicka in en beg\u00e4ran om st\u00f6d. V\u00e5rt serviceteam kommer att kontakta dig inom kort!","breadcrumb":{"@id":"https:\/\/meetobi.com\/sv\/stod\/#breadcrumb"},"inLanguage":"sv-SE","potentialAction":[{"@type":"ReadAction","target":["https:\/\/meetobi.com\/sv\/stod\/"]}]},{"@type":"ImageObject","inLanguage":"sv-SE","@id":"https:\/\/meetobi.com\/sv\/stod\/#primaryimage","url":"https:\/\/meetobi.com\/wp-content\/uploads\/2023\/01\/Alan-Veteran-using-obi-at-home-dinner-table.webp","contentUrl":"https:\/\/meetobi.com\/wp-content\/uploads\/2023\/01\/Alan-Veteran-using-obi-at-home-dinner-table.webp","width":1920,"height":1470},{"@type":"BreadcrumbList","@id":"https:\/\/meetobi.com\/sv\/stod\/#breadcrumb","itemListElement":[{"@type":"ListItem","position":1,"name":"Home","item":"https:\/\/meetobi.com\/sv\/"},{"@type":"ListItem","position":2,"name":"St\u00f6d"}]},{"@type":"WebSite","@id":"https:\/\/meetobi.com\/sv\/#website","url":"https:\/\/meetobi.com\/sv\/","name":"Obi","description":"Obi: The Independent Eating Device","publisher":{"@id":"https:\/\/meetobi.com\/sv\/#organization"},"alternateName":"Obi Adaptive Eating Device","potentialAction":[{"@type":"SearchAction","target":{"@type":"EntryPoint","urlTemplate":"https:\/\/meetobi.com\/sv\/?s={search_term_string}"},"query-input":{"@type":"PropertyValueSpecification","valueRequired":true,"valueName":"search_term_string"}}],"inLanguage":"sv-SE"},{"@type":"Organization","@id":"https:\/\/meetobi.com\/sv\/#organization","name":"Obi Adaptive Eating Device","alternateName":"MeetObi","url":"https:\/\/meetobi.com\/sv\/","logo":{"@type":"ImageObject","inLanguage":"sv-SE","@id":"https:\/\/meetobi.com\/sv\/#\/schema\/logo\/image\/","url":"https:\/\/d6be6d1b8c.nxcli.io\/wp-content\/uploads\/2022\/02\/Outdoor-Dining-with-Obi-768x433-1.jpg","contentUrl":"https:\/\/d6be6d1b8c.nxcli.io\/wp-content\/uploads\/2022\/02\/Outdoor-Dining-with-Obi-768x433-1.jpg","width":768,"height":433,"caption":"Obi Adaptive Eating Device"},"image":{"@id":"https:\/\/meetobi.com\/sv\/#\/schema\/logo\/image\/"},"sameAs":["https:\/\/www.facebook.com\/obirobot","https:\/\/x.com\/ObiRobot","https:\/\/www.youtube.com\/c\/Meetobirobot","https:\/\/www.instagram.com\/obirobot"]}]}},"jetpack_sharing_enabled":true,"_links":{"self":[{"href":"https:\/\/meetobi.com\/sv\/wp-json\/wp\/v2\/pages\/8704","targetHints":{"allow":["GET"]}}],"collection":[{"href":"https:\/\/meetobi.com\/sv\/wp-json\/wp\/v2\/pages"}],"about":[{"href":"https:\/\/meetobi.com\/sv\/wp-json\/wp\/v2\/types\/page"}],"author":[{"embeddable":true,"href":"https:\/\/meetobi.com\/sv\/wp-json\/wp\/v2\/users\/1"}],"replies":[{"embeddable":true,"href":"https:\/\/meetobi.com\/sv\/wp-json\/wp\/v2\/comments?post=8704"}],"version-history":[{"count":4,"href":"https:\/\/meetobi.com\/sv\/wp-json\/wp\/v2\/pages\/8704\/revisions"}],"predecessor-version":[{"id":21056,"href":"https:\/\/meetobi.com\/sv\/wp-json\/wp\/v2\/pages\/8704\/revisions\/21056"}],"wp:featuredmedia":[{"embeddable":true,"href":"https:\/\/meetobi.com\/sv\/wp-json\/wp\/v2\/media\/8435"}],"wp:attachment":[{"href":"https:\/\/meetobi.com\/sv\/wp-json\/wp\/v2\/media?parent=8704"}],"curies":[{"name":"wp","href":"https:\/\/api.w.org\/{rel}","templated":true}]}}