{"id":8609,"date":"2022-12-20T22:05:48","date_gmt":"2022-12-20T22:05:48","guid":{"rendered":"https:\/\/d6be6d1b8c.nxcli.io\/begaran-om-provning-for-veteraner\/"},"modified":"2025-08-19T10:31:13","modified_gmt":"2025-08-19T10:31:13","slug":"begaran-om-provning-for-veteraner","status":"publish","type":"page","link":"https:\/\/meetobi.com\/sv\/begaran-om-provning-for-veteraner\/","title":{"rendered":"Beg\u00e4ran om pr\u00f6vning f\u00f6r veteraner"},"content":{"rendered":"\t\t<div data-elementor-type=\"wp-page\" data-elementor-id=\"8609\" class=\"elementor elementor-8609 elementor-6846\" data-elementor-post-type=\"page\">\n\t\t\t\t\t\t<section class=\"elementor-section elementor-top-section elementor-element elementor-element-6d96025 section-pts section-pbs wht mbs elementor-section-height-min-height elementor-section-boxed elementor-section-height-default elementor-section-items-middle\" data-id=\"6d96025\" data-element_type=\"section\" data-e-type=\"section\" data-settings=\"{&quot;background_background&quot;:&quot;classic&quot;}\">\n\t\t\t\t\t\t<div class=\"elementor-container elementor-column-gap-default\">\n\t\t\t\t\t<div class=\"elementor-column elementor-col-100 elementor-top-column elementor-element elementor-element-290a58a\" data-id=\"290a58a\" data-element_type=\"column\" data-e-type=\"column\">\n\t\t\t<div class=\"elementor-widget-wrap elementor-element-populated\">\n\t\t\t\t\t\t<div class=\"elementor-element elementor-element-0042c08 wht mbs elementor-widget elementor-widget-heading\" data-id=\"0042c08\" data-element_type=\"widget\" data-e-type=\"widget\" data-widget_type=\"heading.default\">\n\t\t\t\t<div class=\"elementor-widget-container\">\n\t\t\t\t\t<h1 class=\"elementor-heading-title elementor-size-default\">BEG\u00c4RAN OM VETERANPR\u00d6VNING<\/h1>\t\t\t\t<\/div>\n\t\t\t\t<\/div>\n\t\t\t\t<div class=\"elementor-element elementor-element-e946878 elementor-align-center mbn elementor-widget elementor-widget-breadcrumbs\" data-id=\"e946878\" data-element_type=\"widget\" data-e-type=\"widget\" data-widget_type=\"breadcrumbs.default\">\n\t\t\t\t<div class=\"elementor-widget-container\">\n\t\t\t\t\t<p id=\"breadcrumbs\"><span><span><a href=\"https:\/\/meetobi.com\/sv\/\">Home<\/a><\/span><\/span><\/p>\t\t\t\t<\/div>\n\t\t\t\t<\/div>\n\t\t\t\t\t<\/div>\n\t\t<\/div>\n\t\t\t\t\t<\/div>\n\t\t<\/section>\n\t\t\t\t<section class=\"elementor-section elementor-top-section elementor-element elementor-element-66c4236 elementor-section-boxed elementor-section-height-default elementor-section-height-default section-default-pad section-default-pad\" data-id=\"66c4236\" data-element_type=\"section\" data-e-type=\"section\">\n\t\t\t\t\t\t<div class=\"elementor-container elementor-column-gap-default\">\n\t\t\t\t\t<div class=\"elementor-column elementor-col-100 elementor-top-column elementor-element elementor-element-2fe7a39\" data-id=\"2fe7a39\" data-element_type=\"column\" data-e-type=\"column\">\n\t\t\t<div class=\"elementor-widget-wrap elementor-element-populated\">\n\t\t\t\t\t\t<div class=\"elementor-element elementor-element-a542844 elementor-widget elementor-widget-html\" data-id=\"a542844\" data-element_type=\"widget\" data-e-type=\"widget\" data-widget_type=\"html.default\">\n\t\t\t\t<div class=\"elementor-widget-container\">\n\t\t\t\t\t<script charset=\"utf-8\" type=\"text\/javascript\" src=\"\/\/js.hsforms.net\/forms\/embed\/v2.js\"><\/script><script>hbspt.forms.create({\n    region: \"na1\",\n    portalId: \"20523599\",\n    formId: \"9eb3bd21-16c7-4dbf-bfc9-ebba845d5f4d\"\n  });\n<\/script>\t\t\t\t<\/div>\n\t\t\t\t<\/div>\n\t\t\t\t\t<\/div>\n\t\t<\/div>\n\t\t\t\t\t<\/div>\n\t\t<\/section>\n\t\t<div class=\"elementor-element elementor-element-6f2f7d4 e-flex e-con-boxed e-con e-parent\" data-id=\"6f2f7d4\" data-element_type=\"container\" data-e-type=\"container\">\n\t\t\t\t\t<div class=\"e-con-inner\">\n\t\t<div class=\"elementor-element elementor-element-38876bd e-con-full e-flex e-con e-child\" data-id=\"38876bd\" data-element_type=\"container\" data-e-type=\"container\">\n\t\t\t\t<div class=\"elementor-element elementor-element-b714f10 elementor-widget elementor-widget-heading\" data-id=\"b714f10\" data-element_type=\"widget\" data-e-type=\"widget\" data-widget_type=\"heading.default\">\n\t\t\t\t<div class=\"elementor-widget-container\">\n\t\t\t\t\t<h3 class=\"elementor-heading-title elementor-size-default\">L\u00e4s mer om hur veteraner kan anv\u00e4nda OBI f\u00f6r att \u00e4ta MED INDEPENDENS<\/h3>\t\t\t\t<\/div>\n\t\t\t\t<\/div>\n\t\t\t\t<div class=\"elementor-element elementor-element-ec6e1ec elementor-widget elementor-widget-text-editor\" data-id=\"ec6e1ec\" data-element_type=\"widget\" data-e-type=\"widget\" data-widget_type=\"text-editor.default\">\n\t\t\t\t<div class=\"elementor-widget-container\">\n\t\t\t\t\t\t\t\t\t<p>Obi \u00e4r en&nbsp;<a href=\"\/\">\n  <strong>Anpassad \u00e4tanordning<\/strong>\n<\/a> som hj\u00e4lper veteraner och andra vuxna eller barn med begr\u00e4nsningar i de \u00f6vre extremiteterna.&nbsp; Obi \u00e4r ett utm\u00e4rkt verktyg f\u00f6r att hj\u00e4lpa personer som vill \u00e4ta sj\u00e4lvst\u00e4ndigt. Med Obi v\u00e4ljer anv\u00e4ndarna vilka livsmedel de vill \u00e4ta och kan \u00e4ta i sin egen takt!&nbsp;<\/p>\t\t\t\t\t\t\t\t<\/div>\n\t\t\t\t<\/div>\n\t\t\t\t<div class=\"elementor-element elementor-element-d38a5b1 elementor-align-left elementor-mobile-align-left elementor-widget elementor-widget-button\" data-id=\"d38a5b1\" data-element_type=\"widget\" data-e-type=\"widget\" data-widget_type=\"button.default\">\n\t\t\t\t<div class=\"elementor-widget-container\">\n\t\t\t\t\t\t\t\t\t<div class=\"elementor-button-wrapper\">\n\t\t\t\t\t<a class=\"elementor-button elementor-button-link elementor-size-sm\" href=\"https:\/\/meetobi.com\/sv\/obi-anvandare\/veteraner\/\" rel=\"nofollow\">\n\t\t\t\t\t\t<span class=\"elementor-button-content-wrapper\">\n\t\t\t\t\t\t\t\t\t<span class=\"elementor-button-text\">L\u00e4s mer om Obi f\u00f6r veteraner<\/span>\n\t\t\t\t\t<\/span>\n\t\t\t\t\t<\/a>\n\t\t\t\t<\/div>\n\t\t\t\t\t\t\t\t<\/div>\n\t\t\t\t<\/div>\n\t\t\t\t<\/div>\n\t\t<div class=\"elementor-element elementor-element-ca06cfe e-con-full e-flex e-con e-child\" data-id=\"ca06cfe\" data-element_type=\"container\" data-e-type=\"container\">\n\t\t\t\t<div class=\"elementor-element elementor-element-6c87cee elementor-widget elementor-widget-image\" data-id=\"6c87cee\" data-element_type=\"widget\" data-e-type=\"widget\" data-widget_type=\"image.default\">\n\t\t\t\t<div class=\"elementor-widget-container\">\n\t\t\t\t\t\t\t\t\t\t\t\t\t\t\t<img fetchpriority=\"high\" decoding=\"async\" width=\"800\" height=\"613\" src=\"https:\/\/meetobi.com\/wp-content\/uploads\/2023\/01\/Alan-Veteran-using-obi-at-home-dinner-table-1024x784.webp\" class=\"attachment-large size-large wp-image-8435\" alt=\"\" srcset=\"https:\/\/meetobi.com\/wp-content\/uploads\/2023\/01\/Alan-Veteran-using-obi-at-home-dinner-table-1024x784.webp 1024w, https:\/\/meetobi.com\/wp-content\/uploads\/2023\/01\/Alan-Veteran-using-obi-at-home-dinner-table-600x459.webp 600w, https:\/\/meetobi.com\/wp-content\/uploads\/2023\/01\/Alan-Veteran-using-obi-at-home-dinner-table-300x230.webp 300w, https:\/\/meetobi.com\/wp-content\/uploads\/2023\/01\/Alan-Veteran-using-obi-at-home-dinner-table-768x588.webp 768w, https:\/\/meetobi.com\/wp-content\/uploads\/2023\/01\/Alan-Veteran-using-obi-at-home-dinner-table-1536x1176.webp 1536w, https:\/\/meetobi.com\/wp-content\/uploads\/2023\/01\/Alan-Veteran-using-obi-at-home-dinner-table.webp 1920w\" sizes=\"(max-width: 800px) 100vw, 800px\" \/>\t\t\t\t\t\t\t\t\t\t\t\t\t\t\t<\/div>\n\t\t\t\t<\/div>\n\t\t\t\t<\/div>\n\t\t\t\t\t<\/div>\n\t\t\t\t<\/div>\n\t\t\t\t<\/div>\n\t\t","protected":false},"excerpt":{"rendered":"<p>BEG\u00c4RAN OM VETERANPR\u00d6VNING L\u00e4s mer om hur veteraner kan anv\u00e4nda OBI f\u00f6r att \u00e4ta MED INDEPENDENS Obi \u00e4r en&nbsp; Anpassad \u00e4tanordning som hj\u00e4lper veteraner och andra vuxna eller barn med begr\u00e4nsningar i de \u00f6vre extremiteterna.&nbsp; Obi \u00e4r ett utm\u00e4rkt verktyg f\u00f6r att hj\u00e4lpa personer som vill \u00e4ta sj\u00e4lvst\u00e4ndigt. Med Obi v\u00e4ljer anv\u00e4ndarna vilka livsmedel de <a class=\"moretag btn btn-primary\" href=\"https:\/\/meetobi.com\/sv\/begaran-om-provning-for-veteraner\/\">Read More \u00bb<\/a><\/p>\n","protected":false},"author":7,"featured_media":0,"parent":0,"menu_order":15,"comment_status":"closed","ping_status":"closed","template":"","meta":{"content-type":"","footnotes":""},"class_list":["post-8609","page","type-page","status-publish","hentry"],"yoast_head":"<!-- This site is optimized with the Yoast SEO plugin v27.2 - https:\/\/yoast.com\/product\/yoast-seo-wordpress\/ -->\n<title>Beg\u00e4ran om r\u00e4tteg\u00e5ng f\u00f6r veteraner - Obi%.<\/title>\n<meta name=\"description\" content=\"Beg\u00e4r att f\u00e5 prova Obi, personligen, och ta reda p\u00e5 om denna revolutionerande enhet kan fungera f\u00f6r dig. Vi arbetar med veteraner \u00f6ver hela landet, s\u00e5 kontakta oss om du beh\u00f6ver den h\u00e4r enheten.\" \/>\n<meta name=\"robots\" content=\"index, follow, max-snippet:-1, max-image-preview:large, max-video-preview:-1\" \/>\n<link rel=\"canonical\" href=\"https:\/\/meetobi.com\/sv\/begaran-om-provning-for-veteraner\/\" \/>\n<meta property=\"og:locale\" content=\"sv_SE\" \/>\n<meta property=\"og:type\" content=\"article\" \/>\n<meta property=\"og:title\" content=\"Beg\u00e4ran om r\u00e4tteg\u00e5ng f\u00f6r veteraner - Obi%.\" \/>\n<meta property=\"og:description\" content=\"Beg\u00e4r att f\u00e5 prova Obi, personligen, och ta reda p\u00e5 om denna revolutionerande enhet kan fungera f\u00f6r dig. Vi arbetar med veteraner \u00f6ver hela landet, s\u00e5 kontakta oss om du beh\u00f6ver den h\u00e4r enheten.\" \/>\n<meta property=\"og:url\" content=\"https:\/\/meetobi.com\/sv\/begaran-om-provning-for-veteraner\/\" \/>\n<meta property=\"og:site_name\" content=\"Obi\" \/>\n<meta property=\"article:publisher\" content=\"https:\/\/www.facebook.com\/obirobot\" \/>\n<meta property=\"article:modified_time\" content=\"2025-08-19T10:31:13+00:00\" \/>\n<meta property=\"og:image\" content=\"https:\/\/meetobi.com\/wp-content\/uploads\/2023\/01\/Alan-Veteran-using-obi-at-home-dinner-table.webp\" \/>\n\t<meta property=\"og:image:width\" content=\"1920\" \/>\n\t<meta property=\"og:image:height\" content=\"1470\" \/>\n\t<meta property=\"og:image:type\" content=\"image\/webp\" \/>\n<meta name=\"twitter:card\" content=\"summary_large_image\" \/>\n<meta name=\"twitter:site\" content=\"@ObiRobot\" \/>\n<script type=\"application\/ld+json\" class=\"yoast-schema-graph\">{\"@context\":\"https:\/\/schema.org\",\"@graph\":[{\"@type\":\"WebPage\",\"@id\":\"https:\/\/meetobi.com\/sv\/begaran-om-provning-for-veteraner\/\",\"url\":\"https:\/\/meetobi.com\/sv\/begaran-om-provning-for-veteraner\/\",\"name\":\"Beg\u00e4ran om r\u00e4tteg\u00e5ng f\u00f6r veteraner - Obi%.\",\"isPartOf\":{\"@id\":\"https:\/\/meetobi.com\/sv\/#website\"},\"primaryImageOfPage\":{\"@id\":\"https:\/\/meetobi.com\/sv\/begaran-om-provning-for-veteraner\/#primaryimage\"},\"image\":{\"@id\":\"https:\/\/meetobi.com\/sv\/begaran-om-provning-for-veteraner\/#primaryimage\"},\"thumbnailUrl\":\"https:\/\/meetobi.com\/wp-content\/uploads\/2023\/01\/Alan-Veteran-using-obi-at-home-dinner-table-1024x784.webp\",\"datePublished\":\"2022-12-20T22:05:48+00:00\",\"dateModified\":\"2025-08-19T10:31:13+00:00\",\"description\":\"Beg\u00e4r att f\u00e5 prova Obi, personligen, och ta reda p\u00e5 om denna revolutionerande enhet kan fungera f\u00f6r dig. Vi arbetar med veteraner \u00f6ver hela landet, s\u00e5 kontakta oss om du beh\u00f6ver den h\u00e4r enheten.\",\"breadcrumb\":{\"@id\":\"https:\/\/meetobi.com\/sv\/begaran-om-provning-for-veteraner\/#breadcrumb\"},\"inLanguage\":\"sv-SE\",\"potentialAction\":[{\"@type\":\"ReadAction\",\"target\":[\"https:\/\/meetobi.com\/sv\/begaran-om-provning-for-veteraner\/\"]}]},{\"@type\":\"ImageObject\",\"inLanguage\":\"sv-SE\",\"@id\":\"https:\/\/meetobi.com\/sv\/begaran-om-provning-for-veteraner\/#primaryimage\",\"url\":\"https:\/\/meetobi.com\/wp-content\/uploads\/2023\/01\/Alan-Veteran-using-obi-at-home-dinner-table-1024x784.webp\",\"contentUrl\":\"https:\/\/meetobi.com\/wp-content\/uploads\/2023\/01\/Alan-Veteran-using-obi-at-home-dinner-table-1024x784.webp\"},{\"@type\":\"BreadcrumbList\",\"@id\":\"https:\/\/meetobi.com\/sv\/begaran-om-provning-for-veteraner\/#breadcrumb\",\"itemListElement\":[{\"@type\":\"ListItem\",\"position\":1,\"name\":\"Home\",\"item\":\"https:\/\/meetobi.com\/sv\/\"},{\"@type\":\"ListItem\",\"position\":2,\"name\":\"Beg\u00e4ran om pr\u00f6vning f\u00f6r veteraner\"}]},{\"@type\":\"WebSite\",\"@id\":\"https:\/\/meetobi.com\/sv\/#website\",\"url\":\"https:\/\/meetobi.com\/sv\/\",\"name\":\"Obi\",\"description\":\"Obi: The Independent Eating Device\",\"publisher\":{\"@id\":\"https:\/\/meetobi.com\/sv\/#organization\"},\"alternateName\":\"Obi Adaptive Eating Device\",\"potentialAction\":[{\"@type\":\"SearchAction\",\"target\":{\"@type\":\"EntryPoint\",\"urlTemplate\":\"https:\/\/meetobi.com\/sv\/?s={search_term_string}\"},\"query-input\":{\"@type\":\"PropertyValueSpecification\",\"valueRequired\":true,\"valueName\":\"search_term_string\"}}],\"inLanguage\":\"sv-SE\"},{\"@type\":\"Organization\",\"@id\":\"https:\/\/meetobi.com\/sv\/#organization\",\"name\":\"Obi Adaptive Eating Device\",\"alternateName\":\"MeetObi\",\"url\":\"https:\/\/meetobi.com\/sv\/\",\"logo\":{\"@type\":\"ImageObject\",\"inLanguage\":\"sv-SE\",\"@id\":\"https:\/\/meetobi.com\/sv\/#\/schema\/logo\/image\/\",\"url\":\"https:\/\/d6be6d1b8c.nxcli.io\/wp-content\/uploads\/2022\/02\/Outdoor-Dining-with-Obi-768x433-1.jpg\",\"contentUrl\":\"https:\/\/d6be6d1b8c.nxcli.io\/wp-content\/uploads\/2022\/02\/Outdoor-Dining-with-Obi-768x433-1.jpg\",\"width\":768,\"height\":433,\"caption\":\"Obi Adaptive Eating Device\"},\"image\":{\"@id\":\"https:\/\/meetobi.com\/sv\/#\/schema\/logo\/image\/\"},\"sameAs\":[\"https:\/\/www.facebook.com\/obirobot\",\"https:\/\/x.com\/ObiRobot\",\"https:\/\/www.youtube.com\/c\/Meetobirobot\",\"https:\/\/www.instagram.com\/obirobot\"]}]}<\/script>\n<!-- \/ Yoast SEO plugin. -->","yoast_head_json":{"title":"Beg\u00e4ran om r\u00e4tteg\u00e5ng f\u00f6r veteraner - Obi%.","description":"Beg\u00e4r att f\u00e5 prova Obi, personligen, och ta reda p\u00e5 om denna revolutionerande enhet kan fungera f\u00f6r dig. Vi arbetar med veteraner \u00f6ver hela landet, s\u00e5 kontakta oss om du beh\u00f6ver den h\u00e4r enheten.","robots":{"index":"index","follow":"follow","max-snippet":"max-snippet:-1","max-image-preview":"max-image-preview:large","max-video-preview":"max-video-preview:-1"},"canonical":"https:\/\/meetobi.com\/sv\/begaran-om-provning-for-veteraner\/","og_locale":"sv_SE","og_type":"article","og_title":"Beg\u00e4ran om r\u00e4tteg\u00e5ng f\u00f6r veteraner - Obi%.","og_description":"Beg\u00e4r att f\u00e5 prova Obi, personligen, och ta reda p\u00e5 om denna revolutionerande enhet kan fungera f\u00f6r dig. Vi arbetar med veteraner \u00f6ver hela landet, s\u00e5 kontakta oss om du beh\u00f6ver den h\u00e4r enheten.","og_url":"https:\/\/meetobi.com\/sv\/begaran-om-provning-for-veteraner\/","og_site_name":"Obi","article_publisher":"https:\/\/www.facebook.com\/obirobot","article_modified_time":"2025-08-19T10:31:13+00:00","og_image":[{"width":1920,"height":1470,"url":"https:\/\/meetobi.com\/wp-content\/uploads\/2023\/01\/Alan-Veteran-using-obi-at-home-dinner-table.webp","type":"image\/webp"}],"twitter_card":"summary_large_image","twitter_site":"@ObiRobot","schema":{"@context":"https:\/\/schema.org","@graph":[{"@type":"WebPage","@id":"https:\/\/meetobi.com\/sv\/begaran-om-provning-for-veteraner\/","url":"https:\/\/meetobi.com\/sv\/begaran-om-provning-for-veteraner\/","name":"Beg\u00e4ran om r\u00e4tteg\u00e5ng f\u00f6r veteraner - Obi%.","isPartOf":{"@id":"https:\/\/meetobi.com\/sv\/#website"},"primaryImageOfPage":{"@id":"https:\/\/meetobi.com\/sv\/begaran-om-provning-for-veteraner\/#primaryimage"},"image":{"@id":"https:\/\/meetobi.com\/sv\/begaran-om-provning-for-veteraner\/#primaryimage"},"thumbnailUrl":"https:\/\/meetobi.com\/wp-content\/uploads\/2023\/01\/Alan-Veteran-using-obi-at-home-dinner-table-1024x784.webp","datePublished":"2022-12-20T22:05:48+00:00","dateModified":"2025-08-19T10:31:13+00:00","description":"Beg\u00e4r att f\u00e5 prova Obi, personligen, och ta reda p\u00e5 om denna revolutionerande enhet kan fungera f\u00f6r dig. Vi arbetar med veteraner \u00f6ver hela landet, s\u00e5 kontakta oss om du beh\u00f6ver den h\u00e4r enheten.","breadcrumb":{"@id":"https:\/\/meetobi.com\/sv\/begaran-om-provning-for-veteraner\/#breadcrumb"},"inLanguage":"sv-SE","potentialAction":[{"@type":"ReadAction","target":["https:\/\/meetobi.com\/sv\/begaran-om-provning-for-veteraner\/"]}]},{"@type":"ImageObject","inLanguage":"sv-SE","@id":"https:\/\/meetobi.com\/sv\/begaran-om-provning-for-veteraner\/#primaryimage","url":"https:\/\/meetobi.com\/wp-content\/uploads\/2023\/01\/Alan-Veteran-using-obi-at-home-dinner-table-1024x784.webp","contentUrl":"https:\/\/meetobi.com\/wp-content\/uploads\/2023\/01\/Alan-Veteran-using-obi-at-home-dinner-table-1024x784.webp"},{"@type":"BreadcrumbList","@id":"https:\/\/meetobi.com\/sv\/begaran-om-provning-for-veteraner\/#breadcrumb","itemListElement":[{"@type":"ListItem","position":1,"name":"Home","item":"https:\/\/meetobi.com\/sv\/"},{"@type":"ListItem","position":2,"name":"Beg\u00e4ran om pr\u00f6vning f\u00f6r veteraner"}]},{"@type":"WebSite","@id":"https:\/\/meetobi.com\/sv\/#website","url":"https:\/\/meetobi.com\/sv\/","name":"Obi","description":"Obi: The Independent Eating Device","publisher":{"@id":"https:\/\/meetobi.com\/sv\/#organization"},"alternateName":"Obi Adaptive Eating Device","potentialAction":[{"@type":"SearchAction","target":{"@type":"EntryPoint","urlTemplate":"https:\/\/meetobi.com\/sv\/?s={search_term_string}"},"query-input":{"@type":"PropertyValueSpecification","valueRequired":true,"valueName":"search_term_string"}}],"inLanguage":"sv-SE"},{"@type":"Organization","@id":"https:\/\/meetobi.com\/sv\/#organization","name":"Obi Adaptive Eating Device","alternateName":"MeetObi","url":"https:\/\/meetobi.com\/sv\/","logo":{"@type":"ImageObject","inLanguage":"sv-SE","@id":"https:\/\/meetobi.com\/sv\/#\/schema\/logo\/image\/","url":"https:\/\/d6be6d1b8c.nxcli.io\/wp-content\/uploads\/2022\/02\/Outdoor-Dining-with-Obi-768x433-1.jpg","contentUrl":"https:\/\/d6be6d1b8c.nxcli.io\/wp-content\/uploads\/2022\/02\/Outdoor-Dining-with-Obi-768x433-1.jpg","width":768,"height":433,"caption":"Obi Adaptive Eating Device"},"image":{"@id":"https:\/\/meetobi.com\/sv\/#\/schema\/logo\/image\/"},"sameAs":["https:\/\/www.facebook.com\/obirobot","https:\/\/x.com\/ObiRobot","https:\/\/www.youtube.com\/c\/Meetobirobot","https:\/\/www.instagram.com\/obirobot"]}]}},"jetpack_sharing_enabled":true,"_links":{"self":[{"href":"https:\/\/meetobi.com\/sv\/wp-json\/wp\/v2\/pages\/8609","targetHints":{"allow":["GET"]}}],"collection":[{"href":"https:\/\/meetobi.com\/sv\/wp-json\/wp\/v2\/pages"}],"about":[{"href":"https:\/\/meetobi.com\/sv\/wp-json\/wp\/v2\/types\/page"}],"author":[{"embeddable":true,"href":"https:\/\/meetobi.com\/sv\/wp-json\/wp\/v2\/users\/7"}],"replies":[{"embeddable":true,"href":"https:\/\/meetobi.com\/sv\/wp-json\/wp\/v2\/comments?post=8609"}],"version-history":[{"count":2,"href":"https:\/\/meetobi.com\/sv\/wp-json\/wp\/v2\/pages\/8609\/revisions"}],"predecessor-version":[{"id":20203,"href":"https:\/\/meetobi.com\/sv\/wp-json\/wp\/v2\/pages\/8609\/revisions\/20203"}],"wp:attachment":[{"href":"https:\/\/meetobi.com\/sv\/wp-json\/wp\/v2\/media?parent=8609"}],"curies":[{"name":"wp","href":"https:\/\/api.w.org\/{rel}","templated":true}]}}