{"id":20979,"date":"2025-10-31T16:03:14","date_gmt":"2025-10-31T16:03:14","guid":{"rendered":"https:\/\/meetobi.com\/bortom-sjalvstandighet\/"},"modified":"2026-01-16T15:31:37","modified_gmt":"2026-01-16T15:31:37","slug":"bortom-sjalvstandighet","status":"publish","type":"page","link":"https:\/\/meetobi.com\/sv\/bortom-sjalvstandighet\/","title":{"rendered":"Kurs i medicinsk motivering"},"content":{"rendered":"\t\t<div data-elementor-type=\"wp-page\" data-elementor-id=\"20979\" class=\"elementor elementor-20979 elementor-20956\" data-elementor-post-type=\"page\">\n\t\t\t\t\t\t<section class=\"elementor-section elementor-top-section elementor-element elementor-element-3fdccd6 section-pts section-pbs wht mbs elementor-section-height-min-height elementor-section-boxed elementor-section-height-default elementor-section-items-middle\" data-id=\"3fdccd6\" data-element_type=\"section\" data-e-type=\"section\" data-settings=\"{&quot;background_background&quot;:&quot;classic&quot;}\">\n\t\t\t\t\t\t<div class=\"elementor-container elementor-column-gap-default\">\n\t\t\t\t\t<div class=\"elementor-column elementor-col-100 elementor-top-column elementor-element elementor-element-3bdb240\" data-id=\"3bdb240\" data-element_type=\"column\" data-e-type=\"column\">\n\t\t\t<div class=\"elementor-widget-wrap elementor-element-populated\">\n\t\t\t\t\t\t<div class=\"elementor-element elementor-element-69ae38f wht mbs elementor-widget elementor-widget-heading\" data-id=\"69ae38f\" data-element_type=\"widget\" data-e-type=\"widget\" data-widget_type=\"heading.default\">\n\t\t\t\t<div class=\"elementor-widget-container\">\n\t\t\t\t\t<h1 class=\"elementor-heading-title elementor-size-default\">Fortbildningskurs<\/h1>\t\t\t\t<\/div>\n\t\t\t\t<\/div>\n\t\t\t\t<div class=\"elementor-element elementor-element-58c34f8 elementor-align-center mbn elementor-widget elementor-widget-breadcrumbs\" data-id=\"58c34f8\" data-element_type=\"widget\" data-e-type=\"widget\" data-widget_type=\"breadcrumbs.default\">\n\t\t\t\t<div class=\"elementor-widget-container\">\n\t\t\t\t\t<p id=\"breadcrumbs\"><span><span><a href=\"https:\/\/meetobi.com\/sv\/\">Home<\/a><\/span><\/span><\/p>\t\t\t\t<\/div>\n\t\t\t\t<\/div>\n\t\t\t\t\t<\/div>\n\t\t<\/div>\n\t\t\t\t\t<\/div>\n\t\t<\/section>\n\t\t<div class=\"elementor-element elementor-element-08f011a e-con-full e-flex e-con e-parent\" data-id=\"08f011a\" data-element_type=\"container\" data-e-type=\"container\">\n\t\t\t\t<div class=\"elementor-element elementor-element-c4861c0 elementor-widget elementor-widget-html\" data-id=\"c4861c0\" data-element_type=\"widget\" data-e-type=\"widget\" data-widget_type=\"html.default\">\n\t\t\t\t<div class=\"elementor-widget-container\">\n\t\t\t\t\t<script charset=\"utf-8\" type=\"text\/javascript\" src=\"\/\/js.hsforms.net\/forms\/embed\/v2.js\"><\/script><script>hbspt.forms.create({\r\n    portalId: \"20523599\",\r\n    formId: \"0b6dd2fb-ddbf-468b-b02a-1b2c5d205feb\",\r\n    region: \"na1\"\r\n  });\r\n<\/script>\t\t\t\t<\/div>\n\t\t\t\t<\/div>\n\t\t\t\t<\/div>\n\t\t<div class=\"elementor-element elementor-element-85cbc91 e-flex e-con-boxed e-con e-parent\" data-id=\"85cbc91\" data-element_type=\"container\" data-e-type=\"container\" data-settings=\"{&quot;background_background&quot;:&quot;classic&quot;}\">\n\t\t\t\t\t<div class=\"e-con-inner\">\n\t\t\t\t<div class=\"elementor-element elementor-element-4c40b38 elementor-widget elementor-widget-text-editor\" data-id=\"4c40b38\" data-element_type=\"widget\" data-e-type=\"widget\" data-widget_type=\"text-editor.default\">\n\t\t\t\t<div class=\"elementor-widget-container\">\n\t\t\t\t\t\t\t\t\t<p><b>Antidiskriminering och inl\u00e4rningsmilj\u00f6<\/b><br>DES\u012aN, LLC har \u00e5tagit sig att tillhandah\u00e5lla en inkluderande, respektfull och tillg\u00e4nglig inl\u00e4rningsmilj\u00f6 f\u00f6r alla deltagare. Diskriminering, trakasserier eller repressalier tolereras inte i n\u00e5gon fortbildnings- och tr\u00e4ningsaktivitet (CE\/T). Eleverna uppmuntras att ta upp problem eller beg\u00e4ra anpassningar utan r\u00e4dsla f\u00f6r repressalier.  <\/p>\t\t\t\t\t\t\t\t<\/div>\n\t\t\t\t<\/div>\n\t\t\t\t\t<\/div>\n\t\t\t\t<\/div>\n\t\t\t\t<\/div>\n\t\t","protected":false},"excerpt":{"rendered":"<p>Fortbildningskurs Antidiskriminering och inl\u00e4rningsmilj\u00f6DES\u012aN, LLC har \u00e5tagit sig att tillhandah\u00e5lla en inkluderande, respektfull och tillg\u00e4nglig inl\u00e4rningsmilj\u00f6 f\u00f6r alla deltagare. Diskriminering, trakasserier eller repressalier tolereras inte i n\u00e5gon fortbildnings- och tr\u00e4ningsaktivitet (CE\/T). Eleverna uppmuntras att ta upp problem eller beg\u00e4ra anpassningar utan r\u00e4dsla f\u00f6r repressalier.<\/p>\n","protected":false},"author":9,"featured_media":0,"parent":0,"menu_order":11,"comment_status":"closed","ping_status":"closed","template":"","meta":{"content-type":"","footnotes":""},"class_list":["post-20979","page","type-page","status-publish","hentry"],"yoast_head":"<!-- This site is optimized with the Yoast SEO plugin v27.4 - https:\/\/yoast.com\/product\/yoast-seo-wordpress\/ -->\n<title>Kurs i medicinsk motivering - Obi<\/title>\n<meta name=\"robots\" content=\"index, follow, max-snippet:-1, max-image-preview:large, max-video-preview:-1\" \/>\n<link rel=\"canonical\" href=\"https:\/\/meetobi.com\/sv\/bortom-sjalvstandighet\/\" \/>\n<meta property=\"og:locale\" content=\"sv_SE\" \/>\n<meta property=\"og:type\" content=\"article\" \/>\n<meta property=\"og:title\" content=\"Kurs i medicinsk motivering - Obi\" \/>\n<meta property=\"og:description\" content=\"Fortbildningskurs Antidiskriminering och inl\u00e4rningsmilj\u00f6DES\u012aN, LLC har \u00e5tagit sig att tillhandah\u00e5lla en inkluderande, respektfull och tillg\u00e4nglig inl\u00e4rningsmilj\u00f6 f\u00f6r alla deltagare. Diskriminering, trakasserier eller repressalier tolereras inte i n\u00e5gon fortbildnings- och tr\u00e4ningsaktivitet (CE\/T). Eleverna uppmuntras att ta upp problem eller beg\u00e4ra anpassningar utan r\u00e4dsla f\u00f6r repressalier.\" \/>\n<meta property=\"og:url\" content=\"https:\/\/meetobi.com\/sv\/bortom-sjalvstandighet\/\" \/>\n<meta property=\"og:site_name\" content=\"Obi\" \/>\n<meta property=\"article:publisher\" content=\"https:\/\/www.facebook.com\/obirobot\" \/>\n<meta property=\"article:modified_time\" content=\"2026-01-16T15:31:37+00:00\" \/>\n<meta property=\"og:image\" content=\"https:\/\/meetobi.com\/wp-content\/uploads\/2022\/02\/Outdoor-Dining-with-Obi-768x433-1.jpg\" \/>\n\t<meta property=\"og:image:width\" content=\"768\" \/>\n\t<meta property=\"og:image:height\" content=\"433\" \/>\n\t<meta property=\"og:image:type\" content=\"image\/jpeg\" \/>\n<meta name=\"twitter:card\" content=\"summary_large_image\" \/>\n<meta name=\"twitter:site\" content=\"@ObiRobot\" \/>\n<script type=\"application\/ld+json\" class=\"yoast-schema-graph\">{\"@context\":\"https:\\\/\\\/schema.org\",\"@graph\":[{\"@type\":\"WebPage\",\"@id\":\"https:\\\/\\\/meetobi.com\\\/sv\\\/bortom-sjalvstandighet\\\/\",\"url\":\"https:\\\/\\\/meetobi.com\\\/sv\\\/bortom-sjalvstandighet\\\/\",\"name\":\"Kurs i medicinsk motivering - Obi\",\"isPartOf\":{\"@id\":\"https:\\\/\\\/meetobi.com\\\/sv\\\/#website\"},\"datePublished\":\"2025-10-31T16:03:14+00:00\",\"dateModified\":\"2026-01-16T15:31:37+00:00\",\"breadcrumb\":{\"@id\":\"https:\\\/\\\/meetobi.com\\\/sv\\\/bortom-sjalvstandighet\\\/#breadcrumb\"},\"inLanguage\":\"sv-SE\",\"potentialAction\":[{\"@type\":\"ReadAction\",\"target\":[\"https:\\\/\\\/meetobi.com\\\/sv\\\/bortom-sjalvstandighet\\\/\"]}]},{\"@type\":\"BreadcrumbList\",\"@id\":\"https:\\\/\\\/meetobi.com\\\/sv\\\/bortom-sjalvstandighet\\\/#breadcrumb\",\"itemListElement\":[{\"@type\":\"ListItem\",\"position\":1,\"name\":\"Home\",\"item\":\"https:\\\/\\\/meetobi.com\\\/sv\\\/\"},{\"@type\":\"ListItem\",\"position\":2,\"name\":\"Kurs i medicinsk motivering\"}]},{\"@type\":\"WebSite\",\"@id\":\"https:\\\/\\\/meetobi.com\\\/sv\\\/#website\",\"url\":\"https:\\\/\\\/meetobi.com\\\/sv\\\/\",\"name\":\"Obi\",\"description\":\"Obi: The Independent Eating Device\",\"publisher\":{\"@id\":\"https:\\\/\\\/meetobi.com\\\/sv\\\/#organization\"},\"alternateName\":\"Obi Adaptive Eating Device\",\"potentialAction\":[{\"@type\":\"SearchAction\",\"target\":{\"@type\":\"EntryPoint\",\"urlTemplate\":\"https:\\\/\\\/meetobi.com\\\/sv\\\/?s={search_term_string}\"},\"query-input\":{\"@type\":\"PropertyValueSpecification\",\"valueRequired\":true,\"valueName\":\"search_term_string\"}}],\"inLanguage\":\"sv-SE\"},{\"@type\":\"Organization\",\"@id\":\"https:\\\/\\\/meetobi.com\\\/sv\\\/#organization\",\"name\":\"Obi Adaptive Eating Device\",\"alternateName\":\"MeetObi\",\"url\":\"https:\\\/\\\/meetobi.com\\\/sv\\\/\",\"logo\":{\"@type\":\"ImageObject\",\"inLanguage\":\"sv-SE\",\"@id\":\"https:\\\/\\\/meetobi.com\\\/sv\\\/#\\\/schema\\\/logo\\\/image\\\/\",\"url\":\"https:\\\/\\\/d6be6d1b8c.nxcli.io\\\/wp-content\\\/uploads\\\/2022\\\/02\\\/Outdoor-Dining-with-Obi-768x433-1.jpg\",\"contentUrl\":\"https:\\\/\\\/d6be6d1b8c.nxcli.io\\\/wp-content\\\/uploads\\\/2022\\\/02\\\/Outdoor-Dining-with-Obi-768x433-1.jpg\",\"width\":768,\"height\":433,\"caption\":\"Obi Adaptive Eating Device\"},\"image\":{\"@id\":\"https:\\\/\\\/meetobi.com\\\/sv\\\/#\\\/schema\\\/logo\\\/image\\\/\"},\"sameAs\":[\"https:\\\/\\\/www.facebook.com\\\/obirobot\",\"https:\\\/\\\/x.com\\\/ObiRobot\",\"https:\\\/\\\/www.youtube.com\\\/c\\\/Meetobirobot\",\"https:\\\/\\\/www.instagram.com\\\/obirobot\"]}]}<\/script>\n<!-- \/ Yoast SEO plugin. -->","yoast_head_json":{"title":"Kurs i medicinsk motivering - Obi","robots":{"index":"index","follow":"follow","max-snippet":"max-snippet:-1","max-image-preview":"max-image-preview:large","max-video-preview":"max-video-preview:-1"},"canonical":"https:\/\/meetobi.com\/sv\/bortom-sjalvstandighet\/","og_locale":"sv_SE","og_type":"article","og_title":"Kurs i medicinsk motivering - Obi","og_description":"Fortbildningskurs Antidiskriminering och inl\u00e4rningsmilj\u00f6DES\u012aN, LLC har \u00e5tagit sig att tillhandah\u00e5lla en inkluderande, respektfull och tillg\u00e4nglig inl\u00e4rningsmilj\u00f6 f\u00f6r alla deltagare. Diskriminering, trakasserier eller repressalier tolereras inte i n\u00e5gon fortbildnings- och tr\u00e4ningsaktivitet (CE\/T). Eleverna uppmuntras att ta upp problem eller beg\u00e4ra anpassningar utan r\u00e4dsla f\u00f6r repressalier.","og_url":"https:\/\/meetobi.com\/sv\/bortom-sjalvstandighet\/","og_site_name":"Obi","article_publisher":"https:\/\/www.facebook.com\/obirobot","article_modified_time":"2026-01-16T15:31:37+00:00","og_image":[{"width":768,"height":433,"url":"https:\/\/meetobi.com\/wp-content\/uploads\/2022\/02\/Outdoor-Dining-with-Obi-768x433-1.jpg","type":"image\/jpeg"}],"twitter_card":"summary_large_image","twitter_site":"@ObiRobot","schema":{"@context":"https:\/\/schema.org","@graph":[{"@type":"WebPage","@id":"https:\/\/meetobi.com\/sv\/bortom-sjalvstandighet\/","url":"https:\/\/meetobi.com\/sv\/bortom-sjalvstandighet\/","name":"Kurs i medicinsk motivering - Obi","isPartOf":{"@id":"https:\/\/meetobi.com\/sv\/#website"},"datePublished":"2025-10-31T16:03:14+00:00","dateModified":"2026-01-16T15:31:37+00:00","breadcrumb":{"@id":"https:\/\/meetobi.com\/sv\/bortom-sjalvstandighet\/#breadcrumb"},"inLanguage":"sv-SE","potentialAction":[{"@type":"ReadAction","target":["https:\/\/meetobi.com\/sv\/bortom-sjalvstandighet\/"]}]},{"@type":"BreadcrumbList","@id":"https:\/\/meetobi.com\/sv\/bortom-sjalvstandighet\/#breadcrumb","itemListElement":[{"@type":"ListItem","position":1,"name":"Home","item":"https:\/\/meetobi.com\/sv\/"},{"@type":"ListItem","position":2,"name":"Kurs i medicinsk motivering"}]},{"@type":"WebSite","@id":"https:\/\/meetobi.com\/sv\/#website","url":"https:\/\/meetobi.com\/sv\/","name":"Obi","description":"Obi: The Independent Eating Device","publisher":{"@id":"https:\/\/meetobi.com\/sv\/#organization"},"alternateName":"Obi Adaptive Eating Device","potentialAction":[{"@type":"SearchAction","target":{"@type":"EntryPoint","urlTemplate":"https:\/\/meetobi.com\/sv\/?s={search_term_string}"},"query-input":{"@type":"PropertyValueSpecification","valueRequired":true,"valueName":"search_term_string"}}],"inLanguage":"sv-SE"},{"@type":"Organization","@id":"https:\/\/meetobi.com\/sv\/#organization","name":"Obi Adaptive Eating Device","alternateName":"MeetObi","url":"https:\/\/meetobi.com\/sv\/","logo":{"@type":"ImageObject","inLanguage":"sv-SE","@id":"https:\/\/meetobi.com\/sv\/#\/schema\/logo\/image\/","url":"https:\/\/d6be6d1b8c.nxcli.io\/wp-content\/uploads\/2022\/02\/Outdoor-Dining-with-Obi-768x433-1.jpg","contentUrl":"https:\/\/d6be6d1b8c.nxcli.io\/wp-content\/uploads\/2022\/02\/Outdoor-Dining-with-Obi-768x433-1.jpg","width":768,"height":433,"caption":"Obi Adaptive Eating Device"},"image":{"@id":"https:\/\/meetobi.com\/sv\/#\/schema\/logo\/image\/"},"sameAs":["https:\/\/www.facebook.com\/obirobot","https:\/\/x.com\/ObiRobot","https:\/\/www.youtube.com\/c\/Meetobirobot","https:\/\/www.instagram.com\/obirobot"]}]}},"jetpack_sharing_enabled":true,"_links":{"self":[{"href":"https:\/\/meetobi.com\/sv\/wp-json\/wp\/v2\/pages\/20979","targetHints":{"allow":["GET"]}}],"collection":[{"href":"https:\/\/meetobi.com\/sv\/wp-json\/wp\/v2\/pages"}],"about":[{"href":"https:\/\/meetobi.com\/sv\/wp-json\/wp\/v2\/types\/page"}],"author":[{"embeddable":true,"href":"https:\/\/meetobi.com\/sv\/wp-json\/wp\/v2\/users\/9"}],"replies":[{"embeddable":true,"href":"https:\/\/meetobi.com\/sv\/wp-json\/wp\/v2\/comments?post=20979"}],"version-history":[{"count":5,"href":"https:\/\/meetobi.com\/sv\/wp-json\/wp\/v2\/pages\/20979\/revisions"}],"predecessor-version":[{"id":21593,"href":"https:\/\/meetobi.com\/sv\/wp-json\/wp\/v2\/pages\/20979\/revisions\/21593"}],"wp:attachment":[{"href":"https:\/\/meetobi.com\/sv\/wp-json\/wp\/v2\/media?parent=20979"}],"curies":[{"name":"wp","href":"https:\/\/api.w.org\/{rel}","templated":true}]}}