{"id":16509,"date":"2024-11-19T19:33:36","date_gmt":"2024-11-19T19:33:36","guid":{"rendered":"https:\/\/meetobi.com\/fortbildningskurs\/"},"modified":"2026-01-16T15:32:35","modified_gmt":"2026-01-16T15:32:35","slug":"fortbildningskurs","status":"publish","type":"page","link":"https:\/\/meetobi.com\/sv\/fortbildningskurs\/","title":{"rendered":"Fortbildningskurs"},"content":{"rendered":"\t\t<div data-elementor-type=\"wp-page\" data-elementor-id=\"16509\" class=\"elementor elementor-16509 elementor-16346\" data-elementor-post-type=\"page\">\n\t\t\t\t\t\t<section class=\"elementor-section elementor-top-section elementor-element elementor-element-b57d297 section-pts section-pbs wht mbs elementor-section-height-min-height elementor-section-boxed elementor-section-height-default elementor-section-items-middle\" data-id=\"b57d297\" data-element_type=\"section\" data-e-type=\"section\" data-settings=\"{&quot;background_background&quot;:&quot;classic&quot;}\">\n\t\t\t\t\t\t<div class=\"elementor-container elementor-column-gap-default\">\n\t\t\t\t\t<div class=\"elementor-column elementor-col-100 elementor-top-column elementor-element elementor-element-2665be2\" data-id=\"2665be2\" data-element_type=\"column\" data-e-type=\"column\">\n\t\t\t<div class=\"elementor-widget-wrap elementor-element-populated\">\n\t\t\t\t\t\t<div class=\"elementor-element elementor-element-25f39bc elementor-widget elementor-widget-heading\" data-id=\"25f39bc\" data-element_type=\"widget\" data-e-type=\"widget\" data-widget_type=\"heading.default\">\n\t\t\t\t<div class=\"elementor-widget-container\">\n\t\t\t\t\t<h2 class=\"elementor-heading-title elementor-size-default\">Fortbildningskurs<\/h2>\t\t\t\t<\/div>\n\t\t\t\t<\/div>\n\t\t\t\t\t<\/div>\n\t\t<\/div>\n\t\t\t\t\t<\/div>\n\t\t<\/section>\n\t\t<div class=\"elementor-element elementor-element-c5cbf83 e-flex e-con-boxed e-con e-parent\" data-id=\"c5cbf83\" data-element_type=\"container\" data-e-type=\"container\">\n\t\t\t\t\t<div class=\"e-con-inner\">\n\t\t\t\t<div class=\"elementor-element elementor-element-f10c3ce elementor-widget elementor-widget-shortcode\" data-id=\"f10c3ce\" data-element_type=\"widget\" data-e-type=\"widget\" data-widget_type=\"shortcode.default\">\n\t\t\t\t<div class=\"elementor-widget-container\">\n\t\t\t\t\t\t\t<div class=\"elementor-shortcode\"><script charset=\"utf-8\" type=\"text\/javascript\" src=\"\/\/js.hsforms.net\/forms\/embed\/v2.js\"><\/script><script>hbspt.forms.create({\n    portalId: \"20523599\",\n    formId: \"5ba28ed6-be45-40ce-99ef-bab3ef90ed74\"\n  });\n<\/script><\/div>\n\t\t\t\t\t\t<\/div>\n\t\t\t\t<\/div>\n\t\t\t\t\t<\/div>\n\t\t\t\t<\/div>\n\t\t<div class=\"elementor-element elementor-element-c3abfda e-flex e-con-boxed e-con e-parent\" data-id=\"c3abfda\" data-element_type=\"container\" data-e-type=\"container\" data-settings=\"{&quot;background_background&quot;:&quot;classic&quot;}\">\n\t\t\t\t\t<div class=\"e-con-inner\">\n\t\t\t\t<div class=\"elementor-element elementor-element-c5f45a1 elementor-widget elementor-widget-text-editor\" data-id=\"c5f45a1\" data-element_type=\"widget\" data-e-type=\"widget\" data-widget_type=\"text-editor.default\">\n\t\t\t\t<div class=\"elementor-widget-container\">\n\t\t\t\t\t\t\t\t\t<p><b>Antidiskriminering och inl\u00e4rningsmilj\u00f6<\/b><br>DES\u012aN, LLC har \u00e5tagit sig att tillhandah\u00e5lla en inkluderande, respektfull och tillg\u00e4nglig inl\u00e4rningsmilj\u00f6 f\u00f6r alla deltagare. Diskriminering, trakasserier eller repressalier tolereras inte i n\u00e5gon fortbildnings- och tr\u00e4ningsaktivitet (CE\/T). Eleverna uppmuntras att ta upp problem eller beg\u00e4ra anpassningar utan r\u00e4dsla f\u00f6r repressalier.  <\/p>\t\t\t\t\t\t\t\t<\/div>\n\t\t\t\t<\/div>\n\t\t\t\t\t<\/div>\n\t\t\t\t<\/div>\n\t\t\t\t<\/div>\n\t\t","protected":false},"excerpt":{"rendered":"<p>Fortbildningskurs Antidiskriminering och inl\u00e4rningsmilj\u00f6DES\u012aN, LLC har \u00e5tagit sig att tillhandah\u00e5lla en inkluderande, respektfull och tillg\u00e4nglig inl\u00e4rningsmilj\u00f6 f\u00f6r alla deltagare. Diskriminering, trakasserier eller repressalier tolereras inte i n\u00e5gon fortbildnings- och tr\u00e4ningsaktivitet (CE\/T). Eleverna uppmuntras att ta upp problem eller beg\u00e4ra anpassningar utan r\u00e4dsla f\u00f6r repressalier.<\/p>\n","protected":false},"author":9,"featured_media":0,"parent":0,"menu_order":43,"comment_status":"closed","ping_status":"closed","template":"","meta":{"content-type":"","footnotes":""},"class_list":["post-16509","page","type-page","status-publish","hentry"],"yoast_head":"<!-- This site is optimized with the Yoast SEO plugin v27.2 - https:\/\/yoast.com\/product\/yoast-seo-wordpress\/ -->\n<title>Ta reda p\u00e5 hur du provar den adaptiva matningsanordningen Obi<\/title>\n<meta name=\"description\" content=\"Obi \u00e4r en anpassningsbar matningsanordning f\u00f6r personer med begr\u00e4nsningar i de \u00f6vre extremiteterna. Beg\u00e4r att f\u00e5 testa Obi och upplev det b\u00e4sta inom matningsassisterande teknik!\" \/>\n<meta name=\"robots\" content=\"index, follow, max-snippet:-1, max-image-preview:large, max-video-preview:-1\" \/>\n<link rel=\"canonical\" href=\"https:\/\/meetobi.com\/sv\/fortbildningskurs\/\" \/>\n<meta property=\"og:locale\" content=\"sv_SE\" \/>\n<meta property=\"og:type\" content=\"article\" \/>\n<meta property=\"og:title\" content=\"Ta reda p\u00e5 hur du provar den adaptiva matningsanordningen Obi\" \/>\n<meta property=\"og:description\" content=\"Obi \u00e4r en anpassningsbar matningsanordning f\u00f6r personer med begr\u00e4nsningar i de \u00f6vre extremiteterna. Beg\u00e4r att f\u00e5 testa Obi och upplev det b\u00e4sta inom matningsassisterande teknik!\" \/>\n<meta property=\"og:url\" content=\"https:\/\/meetobi.com\/sv\/fortbildningskurs\/\" \/>\n<meta property=\"og:site_name\" content=\"Obi\" \/>\n<meta property=\"article:publisher\" content=\"https:\/\/www.facebook.com\/obirobot\" \/>\n<meta property=\"article:modified_time\" content=\"2026-01-16T15:32:35+00:00\" \/>\n<meta property=\"og:image\" content=\"https:\/\/meetobi.com\/wp-content\/uploads\/2022\/02\/Outdoor-Dining-with-Obi-768x433-1.jpg\" \/>\n\t<meta property=\"og:image:width\" content=\"768\" \/>\n\t<meta property=\"og:image:height\" content=\"433\" \/>\n\t<meta property=\"og:image:type\" content=\"image\/jpeg\" \/>\n<meta name=\"twitter:card\" content=\"summary_large_image\" \/>\n<meta name=\"twitter:site\" content=\"@ObiRobot\" \/>\n<script type=\"application\/ld+json\" class=\"yoast-schema-graph\">{\"@context\":\"https:\/\/schema.org\",\"@graph\":[{\"@type\":\"WebPage\",\"@id\":\"https:\/\/meetobi.com\/sv\/fortbildningskurs\/\",\"url\":\"https:\/\/meetobi.com\/sv\/fortbildningskurs\/\",\"name\":\"Ta reda p\u00e5 hur du provar den adaptiva matningsanordningen Obi\",\"isPartOf\":{\"@id\":\"https:\/\/meetobi.com\/sv\/#website\"},\"datePublished\":\"2024-11-19T19:33:36+00:00\",\"dateModified\":\"2026-01-16T15:32:35+00:00\",\"description\":\"Obi \u00e4r en anpassningsbar matningsanordning f\u00f6r personer med begr\u00e4nsningar i de \u00f6vre extremiteterna. Beg\u00e4r att f\u00e5 testa Obi och upplev det b\u00e4sta inom matningsassisterande teknik!\",\"breadcrumb\":{\"@id\":\"https:\/\/meetobi.com\/sv\/fortbildningskurs\/#breadcrumb\"},\"inLanguage\":\"sv-SE\",\"potentialAction\":[{\"@type\":\"ReadAction\",\"target\":[\"https:\/\/meetobi.com\/sv\/fortbildningskurs\/\"]}]},{\"@type\":\"BreadcrumbList\",\"@id\":\"https:\/\/meetobi.com\/sv\/fortbildningskurs\/#breadcrumb\",\"itemListElement\":[{\"@type\":\"ListItem\",\"position\":1,\"name\":\"Home\",\"item\":\"https:\/\/meetobi.com\/sv\/\"},{\"@type\":\"ListItem\",\"position\":2,\"name\":\"Fortbildningskurs\"}]},{\"@type\":\"WebSite\",\"@id\":\"https:\/\/meetobi.com\/sv\/#website\",\"url\":\"https:\/\/meetobi.com\/sv\/\",\"name\":\"Obi\",\"description\":\"Obi: The Independent Eating Device\",\"publisher\":{\"@id\":\"https:\/\/meetobi.com\/sv\/#organization\"},\"alternateName\":\"Obi Adaptive Eating Device\",\"potentialAction\":[{\"@type\":\"SearchAction\",\"target\":{\"@type\":\"EntryPoint\",\"urlTemplate\":\"https:\/\/meetobi.com\/sv\/?s={search_term_string}\"},\"query-input\":{\"@type\":\"PropertyValueSpecification\",\"valueRequired\":true,\"valueName\":\"search_term_string\"}}],\"inLanguage\":\"sv-SE\"},{\"@type\":\"Organization\",\"@id\":\"https:\/\/meetobi.com\/sv\/#organization\",\"name\":\"Obi Adaptive Eating Device\",\"alternateName\":\"MeetObi\",\"url\":\"https:\/\/meetobi.com\/sv\/\",\"logo\":{\"@type\":\"ImageObject\",\"inLanguage\":\"sv-SE\",\"@id\":\"https:\/\/meetobi.com\/sv\/#\/schema\/logo\/image\/\",\"url\":\"https:\/\/d6be6d1b8c.nxcli.io\/wp-content\/uploads\/2022\/02\/Outdoor-Dining-with-Obi-768x433-1.jpg\",\"contentUrl\":\"https:\/\/d6be6d1b8c.nxcli.io\/wp-content\/uploads\/2022\/02\/Outdoor-Dining-with-Obi-768x433-1.jpg\",\"width\":768,\"height\":433,\"caption\":\"Obi Adaptive Eating Device\"},\"image\":{\"@id\":\"https:\/\/meetobi.com\/sv\/#\/schema\/logo\/image\/\"},\"sameAs\":[\"https:\/\/www.facebook.com\/obirobot\",\"https:\/\/x.com\/ObiRobot\",\"https:\/\/www.youtube.com\/c\/Meetobirobot\",\"https:\/\/www.instagram.com\/obirobot\"]}]}<\/script>\n<!-- \/ Yoast SEO plugin. -->","yoast_head_json":{"title":"Ta reda p\u00e5 hur du provar den adaptiva matningsanordningen Obi","description":"Obi \u00e4r en anpassningsbar matningsanordning f\u00f6r personer med begr\u00e4nsningar i de \u00f6vre extremiteterna. Beg\u00e4r att f\u00e5 testa Obi och upplev det b\u00e4sta inom matningsassisterande teknik!","robots":{"index":"index","follow":"follow","max-snippet":"max-snippet:-1","max-image-preview":"max-image-preview:large","max-video-preview":"max-video-preview:-1"},"canonical":"https:\/\/meetobi.com\/sv\/fortbildningskurs\/","og_locale":"sv_SE","og_type":"article","og_title":"Ta reda p\u00e5 hur du provar den adaptiva matningsanordningen Obi","og_description":"Obi \u00e4r en anpassningsbar matningsanordning f\u00f6r personer med begr\u00e4nsningar i de \u00f6vre extremiteterna. Beg\u00e4r att f\u00e5 testa Obi och upplev det b\u00e4sta inom matningsassisterande teknik!","og_url":"https:\/\/meetobi.com\/sv\/fortbildningskurs\/","og_site_name":"Obi","article_publisher":"https:\/\/www.facebook.com\/obirobot","article_modified_time":"2026-01-16T15:32:35+00:00","og_image":[{"width":768,"height":433,"url":"https:\/\/meetobi.com\/wp-content\/uploads\/2022\/02\/Outdoor-Dining-with-Obi-768x433-1.jpg","type":"image\/jpeg"}],"twitter_card":"summary_large_image","twitter_site":"@ObiRobot","schema":{"@context":"https:\/\/schema.org","@graph":[{"@type":"WebPage","@id":"https:\/\/meetobi.com\/sv\/fortbildningskurs\/","url":"https:\/\/meetobi.com\/sv\/fortbildningskurs\/","name":"Ta reda p\u00e5 hur du provar den adaptiva matningsanordningen Obi","isPartOf":{"@id":"https:\/\/meetobi.com\/sv\/#website"},"datePublished":"2024-11-19T19:33:36+00:00","dateModified":"2026-01-16T15:32:35+00:00","description":"Obi \u00e4r en anpassningsbar matningsanordning f\u00f6r personer med begr\u00e4nsningar i de \u00f6vre extremiteterna. Beg\u00e4r att f\u00e5 testa Obi och upplev det b\u00e4sta inom matningsassisterande teknik!","breadcrumb":{"@id":"https:\/\/meetobi.com\/sv\/fortbildningskurs\/#breadcrumb"},"inLanguage":"sv-SE","potentialAction":[{"@type":"ReadAction","target":["https:\/\/meetobi.com\/sv\/fortbildningskurs\/"]}]},{"@type":"BreadcrumbList","@id":"https:\/\/meetobi.com\/sv\/fortbildningskurs\/#breadcrumb","itemListElement":[{"@type":"ListItem","position":1,"name":"Home","item":"https:\/\/meetobi.com\/sv\/"},{"@type":"ListItem","position":2,"name":"Fortbildningskurs"}]},{"@type":"WebSite","@id":"https:\/\/meetobi.com\/sv\/#website","url":"https:\/\/meetobi.com\/sv\/","name":"Obi","description":"Obi: The Independent Eating Device","publisher":{"@id":"https:\/\/meetobi.com\/sv\/#organization"},"alternateName":"Obi Adaptive Eating Device","potentialAction":[{"@type":"SearchAction","target":{"@type":"EntryPoint","urlTemplate":"https:\/\/meetobi.com\/sv\/?s={search_term_string}"},"query-input":{"@type":"PropertyValueSpecification","valueRequired":true,"valueName":"search_term_string"}}],"inLanguage":"sv-SE"},{"@type":"Organization","@id":"https:\/\/meetobi.com\/sv\/#organization","name":"Obi Adaptive Eating Device","alternateName":"MeetObi","url":"https:\/\/meetobi.com\/sv\/","logo":{"@type":"ImageObject","inLanguage":"sv-SE","@id":"https:\/\/meetobi.com\/sv\/#\/schema\/logo\/image\/","url":"https:\/\/d6be6d1b8c.nxcli.io\/wp-content\/uploads\/2022\/02\/Outdoor-Dining-with-Obi-768x433-1.jpg","contentUrl":"https:\/\/d6be6d1b8c.nxcli.io\/wp-content\/uploads\/2022\/02\/Outdoor-Dining-with-Obi-768x433-1.jpg","width":768,"height":433,"caption":"Obi Adaptive Eating Device"},"image":{"@id":"https:\/\/meetobi.com\/sv\/#\/schema\/logo\/image\/"},"sameAs":["https:\/\/www.facebook.com\/obirobot","https:\/\/x.com\/ObiRobot","https:\/\/www.youtube.com\/c\/Meetobirobot","https:\/\/www.instagram.com\/obirobot"]}]}},"jetpack_sharing_enabled":true,"_links":{"self":[{"href":"https:\/\/meetobi.com\/sv\/wp-json\/wp\/v2\/pages\/16509","targetHints":{"allow":["GET"]}}],"collection":[{"href":"https:\/\/meetobi.com\/sv\/wp-json\/wp\/v2\/pages"}],"about":[{"href":"https:\/\/meetobi.com\/sv\/wp-json\/wp\/v2\/types\/page"}],"author":[{"embeddable":true,"href":"https:\/\/meetobi.com\/sv\/wp-json\/wp\/v2\/users\/9"}],"replies":[{"embeddable":true,"href":"https:\/\/meetobi.com\/sv\/wp-json\/wp\/v2\/comments?post=16509"}],"version-history":[{"count":4,"href":"https:\/\/meetobi.com\/sv\/wp-json\/wp\/v2\/pages\/16509\/revisions"}],"predecessor-version":[{"id":21599,"href":"https:\/\/meetobi.com\/sv\/wp-json\/wp\/v2\/pages\/16509\/revisions\/21599"}],"wp:attachment":[{"href":"https:\/\/meetobi.com\/sv\/wp-json\/wp\/v2\/media?parent=16509"}],"curies":[{"name":"wp","href":"https:\/\/api.w.org\/{rel}","templated":true}]}}