{"id":9351,"date":"2021-12-10T20:13:40","date_gmt":"2021-12-10T20:13:40","guid":{"rendered":"https:\/\/d6be6d1b8c.nxcli.io\/opplev-obi\/"},"modified":"2026-03-26T22:25:55","modified_gmt":"2026-03-26T22:25:55","slug":"opplev-obi","status":"publish","type":"page","link":"https:\/\/meetobi.com\/no\/opplev-obi\/","title":{"rendered":"Opplev Obi"},"content":{"rendered":"\t\t<div data-elementor-type=\"wp-page\" data-elementor-id=\"9351\" class=\"elementor elementor-9351 elementor-2274\" data-elementor-post-type=\"page\">\n\t\t\t\t\t\t<section class=\"elementor-section elementor-top-section elementor-element elementor-element-b57d297 section-pts section-pbs wht mbs elementor-section-height-min-height elementor-section-boxed elementor-section-height-default elementor-section-items-middle\" data-id=\"b57d297\" data-element_type=\"section\" data-e-type=\"section\" data-settings=\"{&quot;background_background&quot;:&quot;classic&quot;}\">\n\t\t\t\t\t\t<div class=\"elementor-container elementor-column-gap-default\">\n\t\t\t\t\t<div class=\"elementor-column elementor-col-100 elementor-top-column elementor-element elementor-element-0332caf\" data-id=\"0332caf\" data-element_type=\"column\" data-e-type=\"column\">\n\t\t\t<div class=\"elementor-widget-wrap elementor-element-populated\">\n\t\t\t\t\t\t<div class=\"elementor-element elementor-element-6e4119b wht mbs elementor-widget elementor-widget-heading\" data-id=\"6e4119b\" data-element_type=\"widget\" data-e-type=\"widget\" data-widget_type=\"heading.default\">\n\t\t\t\t<div class=\"elementor-widget-container\">\n\t\t\t\t\t<h1 class=\"elementor-heading-title elementor-size-default\">Opplev Obi<\/h1>\t\t\t\t<\/div>\n\t\t\t\t<\/div>\n\t\t\t\t<div class=\"elementor-element elementor-element-86c157d elementor-align-center mbn elementor-widget elementor-widget-breadcrumbs\" data-id=\"86c157d\" data-element_type=\"widget\" data-e-type=\"widget\" data-widget_type=\"breadcrumbs.default\">\n\t\t\t\t<div class=\"elementor-widget-container\">\n\t\t\t\t\t<p id=\"breadcrumbs\"><span><span><a href=\"https:\/\/meetobi.com\/no\/\">Home<\/a><\/span><\/span><\/p>\t\t\t\t<\/div>\n\t\t\t\t<\/div>\n\t\t\t\t\t<\/div>\n\t\t<\/div>\n\t\t\t\t\t<\/div>\n\t\t<\/section>\n\t\t\t\t<section class=\"elementor-section elementor-top-section elementor-element elementor-element-2c79fe0 section-pts section-pbs elementor-section-boxed elementor-section-height-default elementor-section-height-default\" data-id=\"2c79fe0\" data-element_type=\"section\" data-e-type=\"section\">\n\t\t\t\t\t\t<div class=\"elementor-container elementor-column-gap-default\">\n\t\t\t\t\t<div class=\"elementor-column elementor-col-100 elementor-top-column elementor-element elementor-element-ca5ee2b\" data-id=\"ca5ee2b\" data-element_type=\"column\" data-e-type=\"column\">\n\t\t\t<div class=\"elementor-widget-wrap elementor-element-populated\">\n\t\t\t\t\t\t<div class=\"elementor-element elementor-element-5201d01 elementor-widget elementor-widget-heading\" data-id=\"5201d01\" data-element_type=\"widget\" data-e-type=\"widget\" data-widget_type=\"heading.default\">\n\t\t\t\t<div class=\"elementor-widget-container\">\n\t\t\t\t\t<span class=\"elementor-heading-title elementor-size-default\">Det er flere m\u00e5ter \u00e5 pr\u00f8ve Obi personlig eller virtuelt!<\/span>\t\t\t\t<\/div>\n\t\t\t\t<\/div>\n\t\t\t\t\t<\/div>\n\t\t<\/div>\n\t\t\t\t\t<\/div>\n\t\t<\/section>\n\t\t\t\t<section class=\"elementor-section elementor-top-section elementor-element elementor-element-5a9a83f section-pbs section-pts elementor-reverse-tablet elementor-reverse-mobile elementor-section-boxed elementor-section-height-default elementor-section-height-default\" data-id=\"5a9a83f\" data-element_type=\"section\" data-e-type=\"section\" data-settings=\"{&quot;background_background&quot;:&quot;classic&quot;}\">\n\t\t\t\t\t\t<div class=\"elementor-container elementor-column-gap-default\">\n\t\t\t\t\t<div class=\"elementor-column elementor-col-50 elementor-top-column elementor-element elementor-element-99769bd extra-space-right\" data-id=\"99769bd\" data-element_type=\"column\" data-e-type=\"column\">\n\t\t\t<div class=\"elementor-widget-wrap elementor-element-populated\">\n\t\t\t\t\t\t<div class=\"elementor-element elementor-element-babe55b elementor-widget elementor-widget-heading\" data-id=\"babe55b\" data-element_type=\"widget\" data-e-type=\"widget\" data-widget_type=\"heading.default\">\n\t\t\t\t<div class=\"elementor-widget-container\">\n\t\t\t\t\t<h2 class=\"elementor-heading-title elementor-size-default\">Be om en anleggspr\u00f8ve<\/h2>\t\t\t\t<\/div>\n\t\t\t\t<\/div>\n\t\t\t\t<div class=\"elementor-element elementor-element-2243455 mbs elementor-widget elementor-widget-text-editor\" data-id=\"2243455\" data-element_type=\"widget\" data-e-type=\"widget\" data-widget_type=\"text-editor.default\">\n\t\t\t\t<div class=\"elementor-widget-container\">\n\t\t\t\t\t\t\t\t\t<p><strong>Pr\u00f8v Obi og opplev uavhengig spising for deg selv eller med en pasient!<\/strong> <\/p><p>\u00c5 pr\u00f8ve Obi gir den perfekte muligheten for klinikere til \u00e5 introdusere Obis funksjoner for potensielle brukere og utf\u00f8re evalueringer.<\/p><p>Vi er glade for \u00e5 kunne tilby klinikere og deres pasienter utpr\u00f8ving av fasiliteter og tjenester*.  <\/p>\t\t\t\t\t\t\t\t<\/div>\n\t\t\t\t<\/div>\n\t\t\t\t<div class=\"elementor-element elementor-element-88542ca elementor-widget elementor-widget-button\" data-id=\"88542ca\" data-element_type=\"widget\" data-e-type=\"widget\" data-widget_type=\"button.default\">\n\t\t\t\t<div class=\"elementor-widget-container\">\n\t\t\t\t\t\t\t\t\t<div class=\"elementor-button-wrapper\">\n\t\t\t\t\t<a class=\"elementor-button elementor-button-link elementor-size-sm\" href=\"https:\/\/meetobi.com\/no\/kontakt-oss\/\">\n\t\t\t\t\t\t<span class=\"elementor-button-content-wrapper\">\n\t\t\t\t\t\t\t\t\t<span class=\"elementor-button-text\">Be om en pr\u00f8veperiode<\/span>\n\t\t\t\t\t<\/span>\n\t\t\t\t\t<\/a>\n\t\t\t\t<\/div>\n\t\t\t\t\t\t\t\t<\/div>\n\t\t\t\t<\/div>\n\t\t\t\t<div class=\"elementor-element elementor-element-739a0aa text-small elementor-widget elementor-widget-text-editor\" data-id=\"739a0aa\" data-element_type=\"widget\" data-e-type=\"widget\" data-widget_type=\"text-editor.default\">\n\t\t\t\t<div class=\"elementor-widget-container\">\n\t\t\t\t\t\t\t\t\t<p class=\"p1\"><i>*En foresp\u00f8rsel garanterer ikke at en pr\u00f8veversjon eller bruk vil bli godkjent. P\u00e5 grunn av det store antallet foresp\u00f8rsler, er det noen f\u00e5 kvalifikasjoner som m\u00e5 oppfylles f\u00f8r foresp\u00f8rselen din godkjennes, som vil bli diskutert etter innsending av et skjema.  En kliniker m\u00e5 v\u00e6re tilgjengelig for \u00e5 bist\u00e5 med den innledende vurderingen.<span class=\"Apple-converted-space\"> <\/span><\/i><\/p>\t\t\t\t\t\t\t\t<\/div>\n\t\t\t\t<\/div>\n\t\t\t\t\t<\/div>\n\t\t<\/div>\n\t\t\t\t<div class=\"elementor-column elementor-col-50 elementor-top-column elementor-element elementor-element-ae0357d\" data-id=\"ae0357d\" data-element_type=\"column\" data-e-type=\"column\">\n\t\t\t<div class=\"elementor-widget-wrap elementor-element-populated\">\n\t\t\t\t\t\t<div class=\"elementor-element elementor-element-5f492f6 elementor-widget elementor-widget-image\" data-id=\"5f492f6\" data-element_type=\"widget\" data-e-type=\"widget\" data-widget_type=\"image.default\">\n\t\t\t\t<div class=\"elementor-widget-container\">\n\t\t\t\t\t\t\t\t\t\t\t\t\t\t\t<img fetchpriority=\"high\" decoding=\"async\" width=\"800\" height=\"800\" src=\"https:\/\/meetobi.com\/wp-content\/uploads\/2025\/08\/GEN-3-42-1024x1024.png\" class=\"attachment-large size-large wp-image-19574\" alt=\"\" srcset=\"https:\/\/meetobi.com\/wp-content\/uploads\/2025\/08\/GEN-3-42-1024x1024.png 1024w, https:\/\/meetobi.com\/wp-content\/uploads\/2025\/08\/GEN-3-42-300x300.png 300w, https:\/\/meetobi.com\/wp-content\/uploads\/2025\/08\/GEN-3-42-150x150.png 150w, https:\/\/meetobi.com\/wp-content\/uploads\/2025\/08\/GEN-3-42-768x768.png 768w, https:\/\/meetobi.com\/wp-content\/uploads\/2025\/08\/GEN-3-42-1536x1536.png 1536w, https:\/\/meetobi.com\/wp-content\/uploads\/2025\/08\/GEN-3-42-2048x2048.png 2048w, https:\/\/meetobi.com\/wp-content\/uploads\/2025\/08\/GEN-3-42-1320x1320.png 1320w, https:\/\/meetobi.com\/wp-content\/uploads\/2025\/08\/GEN-3-42-600x600.png 600w, https:\/\/meetobi.com\/wp-content\/uploads\/2025\/08\/GEN-3-42-100x100.png 100w\" sizes=\"(max-width: 800px) 100vw, 800px\" \/>\t\t\t\t\t\t\t\t\t\t\t\t\t\t\t<\/div>\n\t\t\t\t<\/div>\n\t\t\t\t\t<\/div>\n\t\t<\/div>\n\t\t\t\t\t<\/div>\n\t\t<\/section>\n\t\t\t\t<section class=\"elementor-section elementor-top-section elementor-element elementor-element-2954a53 section-pbl elementor-section-content-middle section-ptn elementor-section-boxed elementor-section-height-default elementor-section-height-default\" data-id=\"2954a53\" data-element_type=\"section\" data-e-type=\"section\" id=\"virtual-demo\" data-settings=\"{&quot;background_background&quot;:&quot;classic&quot;}\">\n\t\t\t\t\t\t\t<div class=\"elementor-background-overlay\"><\/div>\n\t\t\t\t\t\t\t<div class=\"elementor-container elementor-column-gap-default\">\n\t\t\t\t\t<div class=\"elementor-column elementor-col-100 elementor-top-column elementor-element elementor-element-336302c extra-space-right\" data-id=\"336302c\" data-element_type=\"column\" data-e-type=\"column\">\n\t\t\t<div class=\"elementor-widget-wrap elementor-element-populated\">\n\t\t\t\t\t\t<div class=\"elementor-element elementor-element-3051f45 elementor-widget-divider--view-line_text elementor-widget-divider--element-align-center elementor-widget elementor-widget-divider\" data-id=\"3051f45\" data-element_type=\"widget\" data-e-type=\"widget\" data-widget_type=\"divider.default\">\n\t\t\t\t<div class=\"elementor-widget-container\">\n\t\t\t\t\t\t\t<div class=\"elementor-divider\">\n\t\t\t<span class=\"elementor-divider-separator\">\n\t\t\t\t\t\t\t<span class=\"elementor-divider__text elementor-divider__element\">\n\t\t\t\tEller\t\t\t\t<\/span>\n\t\t\t\t\t\t<\/span>\n\t\t<\/div>\n\t\t\t\t\t\t<\/div>\n\t\t\t\t<\/div>\n\t\t\t\t<div class=\"elementor-element elementor-element-a3a3d17 elementor-widget elementor-widget-heading\" data-id=\"a3a3d17\" data-element_type=\"widget\" data-e-type=\"widget\" data-widget_type=\"heading.default\">\n\t\t\t\t<div class=\"elementor-widget-container\">\n\t\t\t\t\t<h2 class=\"elementor-heading-title elementor-size-default\">M\u00f8t 1:1 med en PRODUCT ExPERT!<\/h2>\t\t\t\t<\/div>\n\t\t\t\t<\/div>\n\t\t\t\t<div class=\"elementor-element elementor-element-a195aea elementor-widget elementor-widget-text-editor\" data-id=\"a195aea\" data-element_type=\"widget\" data-e-type=\"widget\" data-widget_type=\"text-editor.default\">\n\t\t\t\t<div class=\"elementor-widget-container\">\n\t\t\t\t\t\t\t\t\t<p>M\u00f8t Obi, virtuelt!  <\/p><p>Har du spesifikke sp\u00f8rsm\u00e5l om Obi eller \u00f8nsker du \u00e5 se det i bruk? Avtal et m\u00f8te med Heather, v\u00e5r hjelpemiddelekspert og direkt\u00f8r for Advocacy! <\/p><p><strong>Utenfor USA?<\/strong> <a href=\"https:\/\/meetobi.com\/no\/kontakt-oss\/\">&lt;Klikk her&gt;<\/a> for \u00e5 komme i kontakt med en partner i ditt land!<\/p><div title=\"Side 27\"><div><div><div><p><strong>Institusjoner og universiteter:<\/strong> Er du interessert i en demo eller en etterutdanning for hele terapiavdelingen eller studentene dine? &lt;Klikk <a href=\"https:\/\/meetobi.com\/no\/kontakt-oss\/\">her<\/a>!&gt;<\/p><\/div><\/div><\/div><\/div>\t\t\t\t\t\t\t\t<\/div>\n\t\t\t\t<\/div>\n\t\t\t\t<div class=\"elementor-element elementor-element-e3f857f elementor-widget elementor-widget-html\" data-id=\"e3f857f\" data-element_type=\"widget\" data-e-type=\"widget\" data-widget_type=\"html.default\">\n\t\t\t\t<div class=\"elementor-widget-container\">\n\t\t\t\t\t<!-- Start of Meetings Embed Script -->\r\n    <div class=\"meetings-iframe-container\" data-src=\"https:\/\/meetings.hubspot.com\/heather-keeton\/obidemo?embed=true\"><\/div>\r\n    <script type=\"text\/javascript\" src=\"https:\/\/static.hsappstatic.net\/MeetingsEmbed\/ex\/MeetingsEmbedCode.js\"><\/script>\r\n  <!-- End of Meetings Embed Script -->\t\t\t\t<\/div>\n\t\t\t\t<\/div>\n\t\t\t\t\t<\/div>\n\t\t<\/div>\n\t\t\t\t\t<\/div>\n\t\t<\/section>\n\t\t\t\t<section class=\"elementor-section elementor-top-section elementor-element elementor-element-55d52c8 elementor-section-content-middle wht section-pts section-pbs elementor-reverse-mobile elementor-section-boxed elementor-section-height-default elementor-section-height-default\" data-id=\"55d52c8\" data-element_type=\"section\" data-e-type=\"section\" id=\"assistive\" data-settings=\"{&quot;background_background&quot;:&quot;classic&quot;}\">\n\t\t\t\t\t\t<div class=\"elementor-container elementor-column-gap-default\">\n\t\t\t\t\t<div class=\"elementor-column elementor-col-50 elementor-top-column elementor-element elementor-element-c35fa70 extra-space-right\" data-id=\"c35fa70\" data-element_type=\"column\" data-e-type=\"column\">\n\t\t\t<div class=\"elementor-widget-wrap elementor-element-populated\">\n\t\t\t\t\t\t<div class=\"elementor-element elementor-element-15cbe23 elementor-widget elementor-widget-heading\" data-id=\"15cbe23\" data-element_type=\"widget\" data-e-type=\"widget\" data-widget_type=\"heading.default\">\n\t\t\t\t<div class=\"elementor-widget-container\">\n\t\t\t\t\t<h2 class=\"elementor-heading-title elementor-size-default\">Hjelpemiddelprogrammer<\/h2>\t\t\t\t<\/div>\n\t\t\t\t<\/div>\n\t\t\t\t<div class=\"elementor-element elementor-element-b12fa56 text-narrow-centered text-intro elementor-widget elementor-widget-text-editor\" data-id=\"b12fa56\" data-element_type=\"widget\" data-e-type=\"widget\" data-widget_type=\"text-editor.default\">\n\t\t\t\t<div class=\"elementor-widget-container\">\n\t\t\t\t\t\t\t\t\t<p>Mange statlige hjelpeteknologiprogrammer og andre fortalergrupper har Obi-l\u00e5neenheter som enkeltpersoner kan pr\u00f8ve. Ta kontakt med oss \u200b\u200bfor \u00e5 f\u00e5 hjelp med \u00e5 finne en l\u00e5neenhet! <\/p>\t\t\t\t\t\t\t\t<\/div>\n\t\t\t\t<\/div>\n\t\t\t\t<div class=\"elementor-element elementor-element-31c90b6 elementor-align-left elementor-button-c-warning elementor-widget elementor-widget-button\" data-id=\"31c90b6\" data-element_type=\"widget\" data-e-type=\"widget\" data-aos=\"fade-up\" data-widget_type=\"button.default\">\n\t\t\t\t<div class=\"elementor-widget-container\">\n\t\t\t\t\t\t\t\t\t<div class=\"elementor-button-wrapper\">\n\t\t\t\t\t<a class=\"elementor-button elementor-button-link elementor-size-sm\" href=\"https:\/\/meetobi.com\/no\/kontakt-oss\/\">\n\t\t\t\t\t\t<span class=\"elementor-button-content-wrapper\">\n\t\t\t\t\t\t\t\t\t<span class=\"elementor-button-text\">Kontakt oss<\/span>\n\t\t\t\t\t<\/span>\n\t\t\t\t\t<\/a>\n\t\t\t\t<\/div>\n\t\t\t\t\t\t\t\t<\/div>\n\t\t\t\t<\/div>\n\t\t\t\t\t<\/div>\n\t\t<\/div>\n\t\t\t\t<div class=\"elementor-column elementor-col-50 elementor-top-column elementor-element elementor-element-5b5e229 extra-space-left\" data-id=\"5b5e229\" data-element_type=\"column\" data-e-type=\"column\" data-aos=\"fade-up\">\n\t\t\t<div class=\"elementor-widget-wrap elementor-element-populated\">\n\t\t\t\t\t\t<div class=\"elementor-element elementor-element-73f8291 elementor-widget elementor-widget-image\" data-id=\"73f8291\" data-element_type=\"widget\" data-e-type=\"widget\" data-widget_type=\"image.default\">\n\t\t\t\t<div class=\"elementor-widget-container\">\n\t\t\t\t\t\t\t\t\t\t\t\t\t\t\t<img decoding=\"async\" width=\"800\" height=\"531\" src=\"https:\/\/meetobi.com\/wp-content\/uploads\/2024\/05\/Jenny-Still-1024x680.jpg\" class=\"attachment-large size-large wp-image-12345\" alt=\"\" srcset=\"https:\/\/meetobi.com\/wp-content\/uploads\/2024\/05\/Jenny-Still-1024x680.jpg 1024w, https:\/\/meetobi.com\/wp-content\/uploads\/2024\/05\/Jenny-Still-300x199.jpg 300w, https:\/\/meetobi.com\/wp-content\/uploads\/2024\/05\/Jenny-Still-768x510.jpg 768w, https:\/\/meetobi.com\/wp-content\/uploads\/2024\/05\/Jenny-Still-1536x1021.jpg 1536w, https:\/\/meetobi.com\/wp-content\/uploads\/2024\/05\/Jenny-Still-2048x1361.jpg 2048w, https:\/\/meetobi.com\/wp-content\/uploads\/2024\/05\/Jenny-Still-1320x877.jpg 1320w, https:\/\/meetobi.com\/wp-content\/uploads\/2024\/05\/Jenny-Still-600x399.jpg 600w\" sizes=\"(max-width: 800px) 100vw, 800px\" \/>\t\t\t\t\t\t\t\t\t\t\t\t\t\t\t<\/div>\n\t\t\t\t<\/div>\n\t\t\t\t<div class=\"elementor-element elementor-element-dd878e1 elementor-widget elementor-widget-menu-anchor\" data-id=\"dd878e1\" data-element_type=\"widget\" data-e-type=\"widget\" data-widget_type=\"menu-anchor.default\">\n\t\t\t\t<div class=\"elementor-widget-container\">\n\t\t\t\t\t\t\t<div class=\"elementor-menu-anchor\" id=\"arrangementer\"><\/div>\n\t\t\t\t\t\t<\/div>\n\t\t\t\t<\/div>\n\t\t\t\t\t<\/div>\n\t\t<\/div>\n\t\t\t\t\t<\/div>\n\t\t<\/section>\n\t\t\t\t<\/div>\n\t\t","protected":false},"excerpt":{"rendered":"<p>Det er flere m\u00e5ter \u00e5 pr\u00f8ve Obi personlig eller virtuelt! Be om en anleggspr\u00f8ve Pr\u00f8v Obi og opplev uavhengig spising for deg selv eller med en pasient! \u00c5 pr\u00f8ve Obi gir den perfekte muligheten for klinikere til \u00e5 introdusere Obis funksjoner for potensielle brukere og utf\u00f8re evalueringer. Vi er glade for \u00e5 kunne tilby klinikere <a class=\"moretag btn btn-primary\" href=\"https:\/\/meetobi.com\/no\/opplev-obi\/\">Read More \u00bb<\/a><\/p>\n","protected":false},"author":1,"featured_media":0,"parent":0,"menu_order":36,"comment_status":"closed","ping_status":"closed","template":"","meta":{"content-type":"","footnotes":""},"class_list":["post-9351","page","type-page","status-publish","hentry"],"yoast_head":"<!-- This site is optimized with the Yoast SEO plugin v27.2 - https:\/\/yoast.com\/product\/yoast-seo-wordpress\/ -->\n<title>Finn ut hvordan du kan pr\u00f8ve Obi the Independent Feeding Device<\/title>\n<meta name=\"description\" content=\"Obi er en selvstendig mateenhet for personer med begrensninger i overekstremitetene. Be om \u00e5 pr\u00f8ve Obi og opplev det beste innen f\u00f4ringshjelpemidler!\" \/>\n<meta name=\"robots\" content=\"index, follow, max-snippet:-1, max-image-preview:large, max-video-preview:-1\" \/>\n<link rel=\"canonical\" href=\"https:\/\/meetobi.com\/no\/opplev-obi\/\" \/>\n<meta property=\"og:locale\" content=\"nb_NO\" \/>\n<meta property=\"og:type\" content=\"article\" \/>\n<meta property=\"og:title\" content=\"Finn ut hvordan du kan pr\u00f8ve Obi the Independent Feeding Device\" \/>\n<meta property=\"og:description\" content=\"Obi er en selvstendig mateenhet for personer med begrensninger i overekstremitetene. Be om \u00e5 pr\u00f8ve Obi og opplev det beste innen f\u00f4ringshjelpemidler!\" \/>\n<meta property=\"og:url\" content=\"https:\/\/meetobi.com\/no\/opplev-obi\/\" \/>\n<meta property=\"og:site_name\" content=\"Obi\" \/>\n<meta property=\"article:publisher\" content=\"https:\/\/www.facebook.com\/obirobot\" \/>\n<meta property=\"article:modified_time\" content=\"2026-03-26T22:25:55+00:00\" \/>\n<meta property=\"og:image\" content=\"https:\/\/meetobi.com\/wp-content\/uploads\/2025\/08\/GEN-3-42-scaled.png\" \/>\n\t<meta property=\"og:image:width\" content=\"2560\" \/>\n\t<meta property=\"og:image:height\" content=\"2560\" \/>\n\t<meta property=\"og:image:type\" content=\"image\/png\" \/>\n<meta name=\"twitter:card\" content=\"summary_large_image\" \/>\n<meta name=\"twitter:site\" content=\"@ObiRobot\" \/>\n<meta name=\"twitter:label1\" content=\"Ansl. lesetid\" \/>\n\t<meta name=\"twitter:data1\" content=\"1 minutt\" \/>\n<script type=\"application\/ld+json\" class=\"yoast-schema-graph\">{\"@context\":\"https:\/\/schema.org\",\"@graph\":[{\"@type\":\"WebPage\",\"@id\":\"https:\/\/meetobi.com\/no\/opplev-obi\/\",\"url\":\"https:\/\/meetobi.com\/no\/opplev-obi\/\",\"name\":\"Finn ut hvordan du kan pr\u00f8ve Obi the Independent Feeding Device\",\"isPartOf\":{\"@id\":\"https:\/\/meetobi.com\/no\/#website\"},\"primaryImageOfPage\":{\"@id\":\"https:\/\/meetobi.com\/no\/opplev-obi\/#primaryimage\"},\"image\":{\"@id\":\"https:\/\/meetobi.com\/no\/opplev-obi\/#primaryimage\"},\"thumbnailUrl\":\"https:\/\/meetobi.com\/wp-content\/uploads\/2025\/08\/GEN-3-42-1024x1024.png\",\"datePublished\":\"2021-12-10T20:13:40+00:00\",\"dateModified\":\"2026-03-26T22:25:55+00:00\",\"description\":\"Obi er en selvstendig mateenhet for personer med begrensninger i overekstremitetene. Be om \u00e5 pr\u00f8ve Obi og opplev det beste innen f\u00f4ringshjelpemidler!\",\"breadcrumb\":{\"@id\":\"https:\/\/meetobi.com\/no\/opplev-obi\/#breadcrumb\"},\"inLanguage\":\"nb-NO\",\"potentialAction\":[{\"@type\":\"ReadAction\",\"target\":[\"https:\/\/meetobi.com\/no\/opplev-obi\/\"]}]},{\"@type\":\"ImageObject\",\"inLanguage\":\"nb-NO\",\"@id\":\"https:\/\/meetobi.com\/no\/opplev-obi\/#primaryimage\",\"url\":\"https:\/\/meetobi.com\/wp-content\/uploads\/2025\/08\/GEN-3-42-1024x1024.png\",\"contentUrl\":\"https:\/\/meetobi.com\/wp-content\/uploads\/2025\/08\/GEN-3-42-1024x1024.png\"},{\"@type\":\"BreadcrumbList\",\"@id\":\"https:\/\/meetobi.com\/no\/opplev-obi\/#breadcrumb\",\"itemListElement\":[{\"@type\":\"ListItem\",\"position\":1,\"name\":\"Home\",\"item\":\"https:\/\/meetobi.com\/no\/\"},{\"@type\":\"ListItem\",\"position\":2,\"name\":\"Opplev Obi\"}]},{\"@type\":\"WebSite\",\"@id\":\"https:\/\/meetobi.com\/no\/#website\",\"url\":\"https:\/\/meetobi.com\/no\/\",\"name\":\"Obi\",\"description\":\"Obi: The Independent Eating Device\",\"publisher\":{\"@id\":\"https:\/\/meetobi.com\/no\/#organization\"},\"alternateName\":\"Obi Adaptive Eating Device\",\"potentialAction\":[{\"@type\":\"SearchAction\",\"target\":{\"@type\":\"EntryPoint\",\"urlTemplate\":\"https:\/\/meetobi.com\/no\/?s={search_term_string}\"},\"query-input\":{\"@type\":\"PropertyValueSpecification\",\"valueRequired\":true,\"valueName\":\"search_term_string\"}}],\"inLanguage\":\"nb-NO\"},{\"@type\":\"Organization\",\"@id\":\"https:\/\/meetobi.com\/no\/#organization\",\"name\":\"Obi Adaptive Eating Device\",\"alternateName\":\"MeetObi\",\"url\":\"https:\/\/meetobi.com\/no\/\",\"logo\":{\"@type\":\"ImageObject\",\"inLanguage\":\"nb-NO\",\"@id\":\"https:\/\/meetobi.com\/no\/#\/schema\/logo\/image\/\",\"url\":\"https:\/\/d6be6d1b8c.nxcli.io\/wp-content\/uploads\/2022\/02\/Outdoor-Dining-with-Obi-768x433-1.jpg\",\"contentUrl\":\"https:\/\/d6be6d1b8c.nxcli.io\/wp-content\/uploads\/2022\/02\/Outdoor-Dining-with-Obi-768x433-1.jpg\",\"width\":768,\"height\":433,\"caption\":\"Obi Adaptive Eating Device\"},\"image\":{\"@id\":\"https:\/\/meetobi.com\/no\/#\/schema\/logo\/image\/\"},\"sameAs\":[\"https:\/\/www.facebook.com\/obirobot\",\"https:\/\/x.com\/ObiRobot\",\"https:\/\/www.youtube.com\/c\/Meetobirobot\",\"https:\/\/www.instagram.com\/obirobot\"]}]}<\/script>\n<!-- \/ Yoast SEO plugin. -->","yoast_head_json":{"title":"Finn ut hvordan du kan pr\u00f8ve Obi the Independent Feeding Device","description":"Obi er en selvstendig mateenhet for personer med begrensninger i overekstremitetene. Be om \u00e5 pr\u00f8ve Obi og opplev det beste innen f\u00f4ringshjelpemidler!","robots":{"index":"index","follow":"follow","max-snippet":"max-snippet:-1","max-image-preview":"max-image-preview:large","max-video-preview":"max-video-preview:-1"},"canonical":"https:\/\/meetobi.com\/no\/opplev-obi\/","og_locale":"nb_NO","og_type":"article","og_title":"Finn ut hvordan du kan pr\u00f8ve Obi the Independent Feeding Device","og_description":"Obi er en selvstendig mateenhet for personer med begrensninger i overekstremitetene. Be om \u00e5 pr\u00f8ve Obi og opplev det beste innen f\u00f4ringshjelpemidler!","og_url":"https:\/\/meetobi.com\/no\/opplev-obi\/","og_site_name":"Obi","article_publisher":"https:\/\/www.facebook.com\/obirobot","article_modified_time":"2026-03-26T22:25:55+00:00","og_image":[{"width":2560,"height":2560,"url":"https:\/\/meetobi.com\/wp-content\/uploads\/2025\/08\/GEN-3-42-scaled.png","type":"image\/png"}],"twitter_card":"summary_large_image","twitter_site":"@ObiRobot","twitter_misc":{"Ansl. lesetid":"1 minutt"},"schema":{"@context":"https:\/\/schema.org","@graph":[{"@type":"WebPage","@id":"https:\/\/meetobi.com\/no\/opplev-obi\/","url":"https:\/\/meetobi.com\/no\/opplev-obi\/","name":"Finn ut hvordan du kan pr\u00f8ve Obi the Independent Feeding Device","isPartOf":{"@id":"https:\/\/meetobi.com\/no\/#website"},"primaryImageOfPage":{"@id":"https:\/\/meetobi.com\/no\/opplev-obi\/#primaryimage"},"image":{"@id":"https:\/\/meetobi.com\/no\/opplev-obi\/#primaryimage"},"thumbnailUrl":"https:\/\/meetobi.com\/wp-content\/uploads\/2025\/08\/GEN-3-42-1024x1024.png","datePublished":"2021-12-10T20:13:40+00:00","dateModified":"2026-03-26T22:25:55+00:00","description":"Obi er en selvstendig mateenhet for personer med begrensninger i overekstremitetene. Be om \u00e5 pr\u00f8ve Obi og opplev det beste innen f\u00f4ringshjelpemidler!","breadcrumb":{"@id":"https:\/\/meetobi.com\/no\/opplev-obi\/#breadcrumb"},"inLanguage":"nb-NO","potentialAction":[{"@type":"ReadAction","target":["https:\/\/meetobi.com\/no\/opplev-obi\/"]}]},{"@type":"ImageObject","inLanguage":"nb-NO","@id":"https:\/\/meetobi.com\/no\/opplev-obi\/#primaryimage","url":"https:\/\/meetobi.com\/wp-content\/uploads\/2025\/08\/GEN-3-42-1024x1024.png","contentUrl":"https:\/\/meetobi.com\/wp-content\/uploads\/2025\/08\/GEN-3-42-1024x1024.png"},{"@type":"BreadcrumbList","@id":"https:\/\/meetobi.com\/no\/opplev-obi\/#breadcrumb","itemListElement":[{"@type":"ListItem","position":1,"name":"Home","item":"https:\/\/meetobi.com\/no\/"},{"@type":"ListItem","position":2,"name":"Opplev Obi"}]},{"@type":"WebSite","@id":"https:\/\/meetobi.com\/no\/#website","url":"https:\/\/meetobi.com\/no\/","name":"Obi","description":"Obi: The Independent Eating Device","publisher":{"@id":"https:\/\/meetobi.com\/no\/#organization"},"alternateName":"Obi Adaptive Eating Device","potentialAction":[{"@type":"SearchAction","target":{"@type":"EntryPoint","urlTemplate":"https:\/\/meetobi.com\/no\/?s={search_term_string}"},"query-input":{"@type":"PropertyValueSpecification","valueRequired":true,"valueName":"search_term_string"}}],"inLanguage":"nb-NO"},{"@type":"Organization","@id":"https:\/\/meetobi.com\/no\/#organization","name":"Obi Adaptive Eating Device","alternateName":"MeetObi","url":"https:\/\/meetobi.com\/no\/","logo":{"@type":"ImageObject","inLanguage":"nb-NO","@id":"https:\/\/meetobi.com\/no\/#\/schema\/logo\/image\/","url":"https:\/\/d6be6d1b8c.nxcli.io\/wp-content\/uploads\/2022\/02\/Outdoor-Dining-with-Obi-768x433-1.jpg","contentUrl":"https:\/\/d6be6d1b8c.nxcli.io\/wp-content\/uploads\/2022\/02\/Outdoor-Dining-with-Obi-768x433-1.jpg","width":768,"height":433,"caption":"Obi Adaptive Eating Device"},"image":{"@id":"https:\/\/meetobi.com\/no\/#\/schema\/logo\/image\/"},"sameAs":["https:\/\/www.facebook.com\/obirobot","https:\/\/x.com\/ObiRobot","https:\/\/www.youtube.com\/c\/Meetobirobot","https:\/\/www.instagram.com\/obirobot"]}]}},"jetpack_sharing_enabled":true,"_links":{"self":[{"href":"https:\/\/meetobi.com\/no\/wp-json\/wp\/v2\/pages\/9351","targetHints":{"allow":["GET"]}}],"collection":[{"href":"https:\/\/meetobi.com\/no\/wp-json\/wp\/v2\/pages"}],"about":[{"href":"https:\/\/meetobi.com\/no\/wp-json\/wp\/v2\/types\/page"}],"author":[{"embeddable":true,"href":"https:\/\/meetobi.com\/no\/wp-json\/wp\/v2\/users\/1"}],"replies":[{"embeddable":true,"href":"https:\/\/meetobi.com\/no\/wp-json\/wp\/v2\/comments?post=9351"}],"version-history":[{"count":25,"href":"https:\/\/meetobi.com\/no\/wp-json\/wp\/v2\/pages\/9351\/revisions"}],"predecessor-version":[{"id":22462,"href":"https:\/\/meetobi.com\/no\/wp-json\/wp\/v2\/pages\/9351\/revisions\/22462"}],"wp:attachment":[{"href":"https:\/\/meetobi.com\/no\/wp-json\/wp\/v2\/media?parent=9351"}],"curies":[{"name":"wp","href":"https:\/\/api.w.org\/{rel}","templated":true}]}}