{"id":8606,"date":"2022-12-20T22:05:48","date_gmt":"2022-12-20T22:05:48","guid":{"rendered":"https:\/\/d6be6d1b8c.nxcli.io\/foresporsel-om-veteranprove\/"},"modified":"2025-08-19T10:31:00","modified_gmt":"2025-08-19T10:31:00","slug":"foresporsel-om-veteranprove","status":"publish","type":"page","link":"https:\/\/meetobi.com\/no\/foresporsel-om-veteranprove\/","title":{"rendered":"Foresp\u00f8rsel om veteranpr\u00f8ve"},"content":{"rendered":"\t\t<div data-elementor-type=\"wp-page\" data-elementor-id=\"8606\" class=\"elementor elementor-8606 elementor-6846\" data-elementor-post-type=\"page\">\n\t\t\t\t\t\t<section class=\"elementor-section elementor-top-section elementor-element elementor-element-6d96025 section-pts section-pbs wht mbs elementor-section-height-min-height elementor-section-boxed elementor-section-height-default elementor-section-items-middle\" data-id=\"6d96025\" data-element_type=\"section\" data-e-type=\"section\" data-settings=\"{&quot;background_background&quot;:&quot;classic&quot;}\">\n\t\t\t\t\t\t<div class=\"elementor-container elementor-column-gap-default\">\n\t\t\t\t\t<div class=\"elementor-column elementor-col-100 elementor-top-column elementor-element elementor-element-290a58a\" data-id=\"290a58a\" data-element_type=\"column\" data-e-type=\"column\">\n\t\t\t<div class=\"elementor-widget-wrap elementor-element-populated\">\n\t\t\t\t\t\t<div class=\"elementor-element elementor-element-0042c08 wht mbs elementor-widget elementor-widget-heading\" data-id=\"0042c08\" data-element_type=\"widget\" data-e-type=\"widget\" data-widget_type=\"heading.default\">\n\t\t\t\t<div class=\"elementor-widget-container\">\n\t\t\t\t\t<h1 class=\"elementor-heading-title elementor-size-default\">FORESP\u00d8RSEL FOR VETERANPR\u00d8VE<\/h1>\t\t\t\t<\/div>\n\t\t\t\t<\/div>\n\t\t\t\t<div class=\"elementor-element elementor-element-e946878 elementor-align-center mbn elementor-widget elementor-widget-breadcrumbs\" data-id=\"e946878\" data-element_type=\"widget\" data-e-type=\"widget\" data-widget_type=\"breadcrumbs.default\">\n\t\t\t\t<div class=\"elementor-widget-container\">\n\t\t\t\t\t<p id=\"breadcrumbs\"><span><span><a href=\"https:\/\/meetobi.com\/no\/\">Home<\/a><\/span><\/span><\/p>\t\t\t\t<\/div>\n\t\t\t\t<\/div>\n\t\t\t\t\t<\/div>\n\t\t<\/div>\n\t\t\t\t\t<\/div>\n\t\t<\/section>\n\t\t\t\t<section class=\"elementor-section elementor-top-section elementor-element elementor-element-66c4236 elementor-section-boxed elementor-section-height-default elementor-section-height-default section-default-pad section-default-pad\" data-id=\"66c4236\" data-element_type=\"section\" data-e-type=\"section\">\n\t\t\t\t\t\t<div class=\"elementor-container elementor-column-gap-default\">\n\t\t\t\t\t<div class=\"elementor-column elementor-col-100 elementor-top-column elementor-element elementor-element-2fe7a39\" data-id=\"2fe7a39\" data-element_type=\"column\" data-e-type=\"column\">\n\t\t\t<div class=\"elementor-widget-wrap elementor-element-populated\">\n\t\t\t\t\t\t<div class=\"elementor-element elementor-element-a542844 elementor-widget elementor-widget-html\" data-id=\"a542844\" data-element_type=\"widget\" data-e-type=\"widget\" data-widget_type=\"html.default\">\n\t\t\t\t<div class=\"elementor-widget-container\">\n\t\t\t\t\t<script charset=\"utf-8\" type=\"text\/javascript\" src=\"\/\/js.hsforms.net\/forms\/embed\/v2.js\"><\/script><script>hbspt.forms.create({\n    region: \"na1\",\n    portalId: \"20523599\",\n    formId: \"9eb3bd21-16c7-4dbf-bfc9-ebba845d5f4d\"\n  });\n<\/script>\t\t\t\t<\/div>\n\t\t\t\t<\/div>\n\t\t\t\t\t<\/div>\n\t\t<\/div>\n\t\t\t\t\t<\/div>\n\t\t<\/section>\n\t\t<div class=\"elementor-element elementor-element-6f2f7d4 e-flex e-con-boxed e-con e-parent\" data-id=\"6f2f7d4\" data-element_type=\"container\" data-e-type=\"container\">\n\t\t\t\t\t<div class=\"e-con-inner\">\n\t\t<div class=\"elementor-element elementor-element-38876bd e-con-full e-flex e-con e-child\" data-id=\"38876bd\" data-element_type=\"container\" data-e-type=\"container\">\n\t\t\t\t<div class=\"elementor-element elementor-element-b714f10 elementor-widget elementor-widget-heading\" data-id=\"b714f10\" data-element_type=\"widget\" data-e-type=\"widget\" data-widget_type=\"heading.default\">\n\t\t\t\t<div class=\"elementor-widget-container\">\n\t\t\t\t\t<h3 class=\"elementor-heading-title elementor-size-default\">L\u00e6r mer om hvordan VETERANER KAN BRUKE OBI til \u00e5 spise UAVHENGIG<\/h3>\t\t\t\t<\/div>\n\t\t\t\t<\/div>\n\t\t\t\t<div class=\"elementor-element elementor-element-ec6e1ec elementor-widget elementor-widget-text-editor\" data-id=\"ec6e1ec\" data-element_type=\"widget\" data-e-type=\"widget\" data-widget_type=\"text-editor.default\">\n\t\t\t\t<div class=\"elementor-widget-container\">\n\t\t\t\t\t\t\t\t\t<p>Obi er en&nbsp;<a href=\"\/\"><strong>Adaptive Eating Device<\/strong><\/a> som hjelper veteraner og andre voksne eller barn med begrensninger i \u00f8vre ekstremiteter.&nbsp; Obi er et flott verkt\u00f8y for \u00e5 hjelpe personer som \u00f8nsker \u00e5 spise med uavhengighet. Med Obi velger brukerne hvilke matvarer de vil spise og kan spise i sitt eget tempo!&nbsp;<\/p>\t\t\t\t\t\t\t\t<\/div>\n\t\t\t\t<\/div>\n\t\t\t\t<div class=\"elementor-element elementor-element-d38a5b1 elementor-align-left elementor-mobile-align-left elementor-widget elementor-widget-button\" data-id=\"d38a5b1\" data-element_type=\"widget\" data-e-type=\"widget\" data-widget_type=\"button.default\">\n\t\t\t\t<div class=\"elementor-widget-container\">\n\t\t\t\t\t\t\t\t\t<div class=\"elementor-button-wrapper\">\n\t\t\t\t\t<a class=\"elementor-button elementor-button-link elementor-size-sm\" href=\"https:\/\/meetobi.com\/no\/obi-brukere\/veteraner\/\" rel=\"nofollow\">\n\t\t\t\t\t\t<span class=\"elementor-button-content-wrapper\">\n\t\t\t\t\t\t\t\t\t<span class=\"elementor-button-text\">L\u00e6r mer om Obi for Veterans<\/span>\n\t\t\t\t\t<\/span>\n\t\t\t\t\t<\/a>\n\t\t\t\t<\/div>\n\t\t\t\t\t\t\t\t<\/div>\n\t\t\t\t<\/div>\n\t\t\t\t<\/div>\n\t\t<div class=\"elementor-element elementor-element-ca06cfe e-con-full e-flex e-con e-child\" data-id=\"ca06cfe\" data-element_type=\"container\" data-e-type=\"container\">\n\t\t\t\t<div class=\"elementor-element elementor-element-6c87cee elementor-widget elementor-widget-image\" data-id=\"6c87cee\" data-element_type=\"widget\" data-e-type=\"widget\" data-widget_type=\"image.default\">\n\t\t\t\t<div class=\"elementor-widget-container\">\n\t\t\t\t\t\t\t\t\t\t\t\t\t\t\t<img fetchpriority=\"high\" decoding=\"async\" width=\"800\" height=\"613\" src=\"https:\/\/meetobi.com\/wp-content\/uploads\/2023\/01\/Alan-Veteran-using-obi-at-home-dinner-table-1024x784.webp\" class=\"attachment-large size-large wp-image-8434\" alt=\"\" srcset=\"https:\/\/meetobi.com\/wp-content\/uploads\/2023\/01\/Alan-Veteran-using-obi-at-home-dinner-table-1024x784.webp 1024w, https:\/\/meetobi.com\/wp-content\/uploads\/2023\/01\/Alan-Veteran-using-obi-at-home-dinner-table-600x459.webp 600w, https:\/\/meetobi.com\/wp-content\/uploads\/2023\/01\/Alan-Veteran-using-obi-at-home-dinner-table-300x230.webp 300w, https:\/\/meetobi.com\/wp-content\/uploads\/2023\/01\/Alan-Veteran-using-obi-at-home-dinner-table-768x588.webp 768w, https:\/\/meetobi.com\/wp-content\/uploads\/2023\/01\/Alan-Veteran-using-obi-at-home-dinner-table-1536x1176.webp 1536w, https:\/\/meetobi.com\/wp-content\/uploads\/2023\/01\/Alan-Veteran-using-obi-at-home-dinner-table.webp 1920w\" sizes=\"(max-width: 800px) 100vw, 800px\" \/>\t\t\t\t\t\t\t\t\t\t\t\t\t\t\t<\/div>\n\t\t\t\t<\/div>\n\t\t\t\t<\/div>\n\t\t\t\t\t<\/div>\n\t\t\t\t<\/div>\n\t\t\t\t<\/div>\n\t\t","protected":false},"excerpt":{"rendered":"<p>FORESP\u00d8RSEL FOR VETERANPR\u00d8VE L\u00e6r mer om hvordan VETERANER KAN BRUKE OBI til \u00e5 spise UAVHENGIG Obi er en&nbsp;Adaptive Eating Device som hjelper veteraner og andre voksne eller barn med begrensninger i \u00f8vre ekstremiteter.&nbsp; Obi er et flott verkt\u00f8y for \u00e5 hjelpe personer som \u00f8nsker \u00e5 spise med uavhengighet. Med Obi velger brukerne hvilke matvarer de <a class=\"moretag btn btn-primary\" href=\"https:\/\/meetobi.com\/no\/foresporsel-om-veteranprove\/\">Read More \u00bb<\/a><\/p>\n","protected":false},"author":7,"featured_media":0,"parent":0,"menu_order":15,"comment_status":"closed","ping_status":"closed","template":"","meta":{"content-type":"","footnotes":""},"class_list":["post-8606","page","type-page","status-publish","hentry"],"yoast_head":"<!-- This site is optimized with the Yoast SEO plugin v27.2 - https:\/\/yoast.com\/product\/yoast-seo-wordpress\/ -->\n<title>Foresp\u00f8rsel om veteranpr\u00f8ve \u2013 Obi<\/title>\n<meta name=\"description\" content=\"Be om \u00e5 pr\u00f8ve Obi, personlig, og finn ut om denne revolusjonerende enheten kan fungere for deg. Vi jobber med veteraner over hele landet, s\u00e5 ta kontakt med oss \u200b\u200bhvis du trenger denne enheten.\" \/>\n<meta name=\"robots\" content=\"index, follow, max-snippet:-1, max-image-preview:large, max-video-preview:-1\" \/>\n<link rel=\"canonical\" href=\"https:\/\/meetobi.com\/no\/foresporsel-om-veteranprove\/\" \/>\n<meta property=\"og:locale\" content=\"nb_NO\" \/>\n<meta property=\"og:type\" content=\"article\" \/>\n<meta property=\"og:title\" content=\"Foresp\u00f8rsel om veteranpr\u00f8ve \u2013 Obi\" \/>\n<meta property=\"og:description\" content=\"Be om \u00e5 pr\u00f8ve Obi, personlig, og finn ut om denne revolusjonerende enheten kan fungere for deg. Vi jobber med veteraner over hele landet, s\u00e5 ta kontakt med oss \u200b\u200bhvis du trenger denne enheten.\" \/>\n<meta property=\"og:url\" content=\"https:\/\/meetobi.com\/no\/foresporsel-om-veteranprove\/\" \/>\n<meta property=\"og:site_name\" content=\"Obi\" \/>\n<meta property=\"article:publisher\" content=\"https:\/\/www.facebook.com\/obirobot\" \/>\n<meta property=\"article:modified_time\" content=\"2025-08-19T10:31:00+00:00\" \/>\n<meta property=\"og:image\" content=\"https:\/\/meetobi.com\/wp-content\/uploads\/2023\/01\/Alan-Veteran-using-obi-at-home-dinner-table.webp\" \/>\n\t<meta property=\"og:image:width\" content=\"1920\" \/>\n\t<meta property=\"og:image:height\" content=\"1470\" \/>\n\t<meta property=\"og:image:type\" content=\"image\/webp\" \/>\n<meta name=\"twitter:card\" content=\"summary_large_image\" \/>\n<meta name=\"twitter:site\" content=\"@ObiRobot\" \/>\n<script type=\"application\/ld+json\" class=\"yoast-schema-graph\">{\"@context\":\"https:\/\/schema.org\",\"@graph\":[{\"@type\":\"WebPage\",\"@id\":\"https:\/\/meetobi.com\/no\/foresporsel-om-veteranprove\/\",\"url\":\"https:\/\/meetobi.com\/no\/foresporsel-om-veteranprove\/\",\"name\":\"Foresp\u00f8rsel om veteranpr\u00f8ve \u2013 Obi\",\"isPartOf\":{\"@id\":\"https:\/\/meetobi.com\/no\/#website\"},\"primaryImageOfPage\":{\"@id\":\"https:\/\/meetobi.com\/no\/foresporsel-om-veteranprove\/#primaryimage\"},\"image\":{\"@id\":\"https:\/\/meetobi.com\/no\/foresporsel-om-veteranprove\/#primaryimage\"},\"thumbnailUrl\":\"https:\/\/meetobi.com\/wp-content\/uploads\/2023\/01\/Alan-Veteran-using-obi-at-home-dinner-table-1024x784.webp\",\"datePublished\":\"2022-12-20T22:05:48+00:00\",\"dateModified\":\"2025-08-19T10:31:00+00:00\",\"description\":\"Be om \u00e5 pr\u00f8ve Obi, personlig, og finn ut om denne revolusjonerende enheten kan fungere for deg. Vi jobber med veteraner over hele landet, s\u00e5 ta kontakt med oss \u200b\u200bhvis du trenger denne enheten.\",\"breadcrumb\":{\"@id\":\"https:\/\/meetobi.com\/no\/foresporsel-om-veteranprove\/#breadcrumb\"},\"inLanguage\":\"nb-NO\",\"potentialAction\":[{\"@type\":\"ReadAction\",\"target\":[\"https:\/\/meetobi.com\/no\/foresporsel-om-veteranprove\/\"]}]},{\"@type\":\"ImageObject\",\"inLanguage\":\"nb-NO\",\"@id\":\"https:\/\/meetobi.com\/no\/foresporsel-om-veteranprove\/#primaryimage\",\"url\":\"https:\/\/meetobi.com\/wp-content\/uploads\/2023\/01\/Alan-Veteran-using-obi-at-home-dinner-table-1024x784.webp\",\"contentUrl\":\"https:\/\/meetobi.com\/wp-content\/uploads\/2023\/01\/Alan-Veteran-using-obi-at-home-dinner-table-1024x784.webp\"},{\"@type\":\"BreadcrumbList\",\"@id\":\"https:\/\/meetobi.com\/no\/foresporsel-om-veteranprove\/#breadcrumb\",\"itemListElement\":[{\"@type\":\"ListItem\",\"position\":1,\"name\":\"Home\",\"item\":\"https:\/\/meetobi.com\/no\/\"},{\"@type\":\"ListItem\",\"position\":2,\"name\":\"Foresp\u00f8rsel om veteranpr\u00f8ve\"}]},{\"@type\":\"WebSite\",\"@id\":\"https:\/\/meetobi.com\/no\/#website\",\"url\":\"https:\/\/meetobi.com\/no\/\",\"name\":\"Obi\",\"description\":\"Obi: The Independent Eating Device\",\"publisher\":{\"@id\":\"https:\/\/meetobi.com\/no\/#organization\"},\"alternateName\":\"Obi Adaptive Eating Device\",\"potentialAction\":[{\"@type\":\"SearchAction\",\"target\":{\"@type\":\"EntryPoint\",\"urlTemplate\":\"https:\/\/meetobi.com\/no\/?s={search_term_string}\"},\"query-input\":{\"@type\":\"PropertyValueSpecification\",\"valueRequired\":true,\"valueName\":\"search_term_string\"}}],\"inLanguage\":\"nb-NO\"},{\"@type\":\"Organization\",\"@id\":\"https:\/\/meetobi.com\/no\/#organization\",\"name\":\"Obi Adaptive Eating Device\",\"alternateName\":\"MeetObi\",\"url\":\"https:\/\/meetobi.com\/no\/\",\"logo\":{\"@type\":\"ImageObject\",\"inLanguage\":\"nb-NO\",\"@id\":\"https:\/\/meetobi.com\/no\/#\/schema\/logo\/image\/\",\"url\":\"https:\/\/d6be6d1b8c.nxcli.io\/wp-content\/uploads\/2022\/02\/Outdoor-Dining-with-Obi-768x433-1.jpg\",\"contentUrl\":\"https:\/\/d6be6d1b8c.nxcli.io\/wp-content\/uploads\/2022\/02\/Outdoor-Dining-with-Obi-768x433-1.jpg\",\"width\":768,\"height\":433,\"caption\":\"Obi Adaptive Eating Device\"},\"image\":{\"@id\":\"https:\/\/meetobi.com\/no\/#\/schema\/logo\/image\/\"},\"sameAs\":[\"https:\/\/www.facebook.com\/obirobot\",\"https:\/\/x.com\/ObiRobot\",\"https:\/\/www.youtube.com\/c\/Meetobirobot\",\"https:\/\/www.instagram.com\/obirobot\"]}]}<\/script>\n<!-- \/ Yoast SEO plugin. -->","yoast_head_json":{"title":"Foresp\u00f8rsel om veteranpr\u00f8ve \u2013 Obi","description":"Be om \u00e5 pr\u00f8ve Obi, personlig, og finn ut om denne revolusjonerende enheten kan fungere for deg. Vi jobber med veteraner over hele landet, s\u00e5 ta kontakt med oss \u200b\u200bhvis du trenger denne enheten.","robots":{"index":"index","follow":"follow","max-snippet":"max-snippet:-1","max-image-preview":"max-image-preview:large","max-video-preview":"max-video-preview:-1"},"canonical":"https:\/\/meetobi.com\/no\/foresporsel-om-veteranprove\/","og_locale":"nb_NO","og_type":"article","og_title":"Foresp\u00f8rsel om veteranpr\u00f8ve \u2013 Obi","og_description":"Be om \u00e5 pr\u00f8ve Obi, personlig, og finn ut om denne revolusjonerende enheten kan fungere for deg. Vi jobber med veteraner over hele landet, s\u00e5 ta kontakt med oss \u200b\u200bhvis du trenger denne enheten.","og_url":"https:\/\/meetobi.com\/no\/foresporsel-om-veteranprove\/","og_site_name":"Obi","article_publisher":"https:\/\/www.facebook.com\/obirobot","article_modified_time":"2025-08-19T10:31:00+00:00","og_image":[{"width":1920,"height":1470,"url":"https:\/\/meetobi.com\/wp-content\/uploads\/2023\/01\/Alan-Veteran-using-obi-at-home-dinner-table.webp","type":"image\/webp"}],"twitter_card":"summary_large_image","twitter_site":"@ObiRobot","schema":{"@context":"https:\/\/schema.org","@graph":[{"@type":"WebPage","@id":"https:\/\/meetobi.com\/no\/foresporsel-om-veteranprove\/","url":"https:\/\/meetobi.com\/no\/foresporsel-om-veteranprove\/","name":"Foresp\u00f8rsel om veteranpr\u00f8ve \u2013 Obi","isPartOf":{"@id":"https:\/\/meetobi.com\/no\/#website"},"primaryImageOfPage":{"@id":"https:\/\/meetobi.com\/no\/foresporsel-om-veteranprove\/#primaryimage"},"image":{"@id":"https:\/\/meetobi.com\/no\/foresporsel-om-veteranprove\/#primaryimage"},"thumbnailUrl":"https:\/\/meetobi.com\/wp-content\/uploads\/2023\/01\/Alan-Veteran-using-obi-at-home-dinner-table-1024x784.webp","datePublished":"2022-12-20T22:05:48+00:00","dateModified":"2025-08-19T10:31:00+00:00","description":"Be om \u00e5 pr\u00f8ve Obi, personlig, og finn ut om denne revolusjonerende enheten kan fungere for deg. Vi jobber med veteraner over hele landet, s\u00e5 ta kontakt med oss \u200b\u200bhvis du trenger denne enheten.","breadcrumb":{"@id":"https:\/\/meetobi.com\/no\/foresporsel-om-veteranprove\/#breadcrumb"},"inLanguage":"nb-NO","potentialAction":[{"@type":"ReadAction","target":["https:\/\/meetobi.com\/no\/foresporsel-om-veteranprove\/"]}]},{"@type":"ImageObject","inLanguage":"nb-NO","@id":"https:\/\/meetobi.com\/no\/foresporsel-om-veteranprove\/#primaryimage","url":"https:\/\/meetobi.com\/wp-content\/uploads\/2023\/01\/Alan-Veteran-using-obi-at-home-dinner-table-1024x784.webp","contentUrl":"https:\/\/meetobi.com\/wp-content\/uploads\/2023\/01\/Alan-Veteran-using-obi-at-home-dinner-table-1024x784.webp"},{"@type":"BreadcrumbList","@id":"https:\/\/meetobi.com\/no\/foresporsel-om-veteranprove\/#breadcrumb","itemListElement":[{"@type":"ListItem","position":1,"name":"Home","item":"https:\/\/meetobi.com\/no\/"},{"@type":"ListItem","position":2,"name":"Foresp\u00f8rsel om veteranpr\u00f8ve"}]},{"@type":"WebSite","@id":"https:\/\/meetobi.com\/no\/#website","url":"https:\/\/meetobi.com\/no\/","name":"Obi","description":"Obi: The Independent Eating Device","publisher":{"@id":"https:\/\/meetobi.com\/no\/#organization"},"alternateName":"Obi Adaptive Eating Device","potentialAction":[{"@type":"SearchAction","target":{"@type":"EntryPoint","urlTemplate":"https:\/\/meetobi.com\/no\/?s={search_term_string}"},"query-input":{"@type":"PropertyValueSpecification","valueRequired":true,"valueName":"search_term_string"}}],"inLanguage":"nb-NO"},{"@type":"Organization","@id":"https:\/\/meetobi.com\/no\/#organization","name":"Obi Adaptive Eating Device","alternateName":"MeetObi","url":"https:\/\/meetobi.com\/no\/","logo":{"@type":"ImageObject","inLanguage":"nb-NO","@id":"https:\/\/meetobi.com\/no\/#\/schema\/logo\/image\/","url":"https:\/\/d6be6d1b8c.nxcli.io\/wp-content\/uploads\/2022\/02\/Outdoor-Dining-with-Obi-768x433-1.jpg","contentUrl":"https:\/\/d6be6d1b8c.nxcli.io\/wp-content\/uploads\/2022\/02\/Outdoor-Dining-with-Obi-768x433-1.jpg","width":768,"height":433,"caption":"Obi Adaptive Eating Device"},"image":{"@id":"https:\/\/meetobi.com\/no\/#\/schema\/logo\/image\/"},"sameAs":["https:\/\/www.facebook.com\/obirobot","https:\/\/x.com\/ObiRobot","https:\/\/www.youtube.com\/c\/Meetobirobot","https:\/\/www.instagram.com\/obirobot"]}]}},"jetpack_sharing_enabled":true,"_links":{"self":[{"href":"https:\/\/meetobi.com\/no\/wp-json\/wp\/v2\/pages\/8606","targetHints":{"allow":["GET"]}}],"collection":[{"href":"https:\/\/meetobi.com\/no\/wp-json\/wp\/v2\/pages"}],"about":[{"href":"https:\/\/meetobi.com\/no\/wp-json\/wp\/v2\/types\/page"}],"author":[{"embeddable":true,"href":"https:\/\/meetobi.com\/no\/wp-json\/wp\/v2\/users\/7"}],"replies":[{"embeddable":true,"href":"https:\/\/meetobi.com\/no\/wp-json\/wp\/v2\/comments?post=8606"}],"version-history":[{"count":2,"href":"https:\/\/meetobi.com\/no\/wp-json\/wp\/v2\/pages\/8606\/revisions"}],"predecessor-version":[{"id":20200,"href":"https:\/\/meetobi.com\/no\/wp-json\/wp\/v2\/pages\/8606\/revisions\/20200"}],"wp:attachment":[{"href":"https:\/\/meetobi.com\/no\/wp-json\/wp\/v2\/media?parent=8606"}],"curies":[{"name":"wp","href":"https:\/\/api.w.org\/{rel}","templated":true}]}}