{"id":16507,"date":"2024-11-19T19:33:36","date_gmt":"2024-11-19T19:33:36","guid":{"rendered":"https:\/\/meetobi.com\/kurs-for-etter-og-videreutdanning\/"},"modified":"2026-01-16T15:32:32","modified_gmt":"2026-01-16T15:32:32","slug":"kurs-for-etter-og-videreutdanning","status":"publish","type":"page","link":"https:\/\/meetobi.com\/no\/kurs-for-etter-og-videreutdanning\/","title":{"rendered":"Kurs for etter- og videreutdanning"},"content":{"rendered":"\t\t<div data-elementor-type=\"wp-page\" data-elementor-id=\"16507\" class=\"elementor elementor-16507 elementor-16346\" data-elementor-post-type=\"page\">\n\t\t\t\t\t\t<section class=\"elementor-section elementor-top-section elementor-element elementor-element-b57d297 section-pts section-pbs wht mbs elementor-section-height-min-height elementor-section-boxed elementor-section-height-default elementor-section-items-middle\" data-id=\"b57d297\" data-element_type=\"section\" data-e-type=\"section\" data-settings=\"{&quot;background_background&quot;:&quot;classic&quot;}\">\n\t\t\t\t\t\t<div class=\"elementor-container elementor-column-gap-default\">\n\t\t\t\t\t<div class=\"elementor-column elementor-col-100 elementor-top-column elementor-element elementor-element-2665be2\" data-id=\"2665be2\" data-element_type=\"column\" data-e-type=\"column\">\n\t\t\t<div class=\"elementor-widget-wrap elementor-element-populated\">\n\t\t\t\t\t\t<div class=\"elementor-element elementor-element-25f39bc elementor-widget elementor-widget-heading\" data-id=\"25f39bc\" data-element_type=\"widget\" data-e-type=\"widget\" data-widget_type=\"heading.default\">\n\t\t\t\t<div class=\"elementor-widget-container\">\n\t\t\t\t\t<h2 class=\"elementor-heading-title elementor-size-default\">Kurs for etter- og videreutdanning<\/h2>\t\t\t\t<\/div>\n\t\t\t\t<\/div>\n\t\t\t\t\t<\/div>\n\t\t<\/div>\n\t\t\t\t\t<\/div>\n\t\t<\/section>\n\t\t<div class=\"elementor-element elementor-element-c5cbf83 e-flex e-con-boxed e-con e-parent\" data-id=\"c5cbf83\" data-element_type=\"container\" data-e-type=\"container\">\n\t\t\t\t\t<div class=\"e-con-inner\">\n\t\t\t\t<div class=\"elementor-element elementor-element-f10c3ce elementor-widget elementor-widget-shortcode\" data-id=\"f10c3ce\" data-element_type=\"widget\" data-e-type=\"widget\" data-widget_type=\"shortcode.default\">\n\t\t\t\t<div class=\"elementor-widget-container\">\n\t\t\t\t\t\t\t<div class=\"elementor-shortcode\"><script charset=\"utf-8\" type=\"text\/javascript\" src=\"\/\/js.hsforms.net\/forms\/embed\/v2.js\"><\/script><script>hbspt.forms.create({\n    portalId: \"20523599\",\n    formId: \"5ba28ed6-be45-40ce-99ef-bab3ef90ed74\"\n  });\n<\/script><\/div>\n\t\t\t\t\t\t<\/div>\n\t\t\t\t<\/div>\n\t\t\t\t\t<\/div>\n\t\t\t\t<\/div>\n\t\t<div class=\"elementor-element elementor-element-c3abfda e-flex e-con-boxed e-con e-parent\" data-id=\"c3abfda\" data-element_type=\"container\" data-e-type=\"container\" data-settings=\"{&quot;background_background&quot;:&quot;classic&quot;}\">\n\t\t\t\t\t<div class=\"e-con-inner\">\n\t\t\t\t<div class=\"elementor-element elementor-element-c5f45a1 elementor-widget elementor-widget-text-editor\" data-id=\"c5f45a1\" data-element_type=\"widget\" data-e-type=\"widget\" data-widget_type=\"text-editor.default\">\n\t\t\t\t<div class=\"elementor-widget-container\">\n\t\t\t\t\t\t\t\t\t<p><b>Antidiskriminering og l\u00e6ringsmilj\u00f8<\/b><br>DES\u012aN, LLC er forpliktet til \u00e5 tilby et inkluderende, respektfullt og tilgjengelig l\u00e6ringsmilj\u00f8 for alle deltakere. Diskriminering, trakassering eller gjengjeldelse tolereres ikke i noen etter- og videreutdannings- og oppl\u00e6ringsaktivitet (CE\/T). Deltakere oppfordres til \u00e5 ta opp bekymringer eller be om tilrettelegging uten frykt for represalier.  <\/p>\t\t\t\t\t\t\t\t<\/div>\n\t\t\t\t<\/div>\n\t\t\t\t\t<\/div>\n\t\t\t\t<\/div>\n\t\t\t\t<\/div>\n\t\t","protected":false},"excerpt":{"rendered":"<p>Kurs for etter- og videreutdanning Antidiskriminering og l\u00e6ringsmilj\u00f8DES\u012aN, LLC er forpliktet til \u00e5 tilby et inkluderende, respektfullt og tilgjengelig l\u00e6ringsmilj\u00f8 for alle deltakere. Diskriminering, trakassering eller gjengjeldelse tolereres ikke i noen etter- og videreutdannings- og oppl\u00e6ringsaktivitet (CE\/T). Deltakere oppfordres til \u00e5 ta opp bekymringer eller be om tilrettelegging uten frykt for represalier.<\/p>\n","protected":false},"author":9,"featured_media":0,"parent":0,"menu_order":43,"comment_status":"closed","ping_status":"closed","template":"","meta":{"content-type":"","footnotes":""},"class_list":["post-16507","page","type-page","status-publish","hentry"],"yoast_head":"<!-- This site is optimized with the Yoast SEO plugin v27.2 - https:\/\/yoast.com\/product\/yoast-seo-wordpress\/ -->\n<title>Finn ut hvordan du pr\u00f8ver Obi den adaptive f\u00f4ringsenheten<\/title>\n<meta name=\"description\" content=\"Obi er en adaptiv f\u00f4ringsenhet for de med begrensninger i \u00f8vre ekstremiteter. Be om \u00e5 pr\u00f8ve Obi og opplev det beste innen f\u00f4ringshjelpemidler!\" \/>\n<meta name=\"robots\" content=\"index, follow, max-snippet:-1, max-image-preview:large, max-video-preview:-1\" \/>\n<link rel=\"canonical\" href=\"https:\/\/meetobi.com\/no\/kurs-for-etter-og-videreutdanning\/\" \/>\n<meta property=\"og:locale\" content=\"nb_NO\" \/>\n<meta property=\"og:type\" content=\"article\" \/>\n<meta property=\"og:title\" content=\"Finn ut hvordan du pr\u00f8ver Obi den adaptive f\u00f4ringsenheten\" \/>\n<meta property=\"og:description\" content=\"Obi er en adaptiv f\u00f4ringsenhet for de med begrensninger i \u00f8vre ekstremiteter. Be om \u00e5 pr\u00f8ve Obi og opplev det beste innen f\u00f4ringshjelpemidler!\" \/>\n<meta property=\"og:url\" content=\"https:\/\/meetobi.com\/no\/kurs-for-etter-og-videreutdanning\/\" \/>\n<meta property=\"og:site_name\" content=\"Obi\" \/>\n<meta property=\"article:publisher\" content=\"https:\/\/www.facebook.com\/obirobot\" \/>\n<meta property=\"article:modified_time\" content=\"2026-01-16T15:32:32+00:00\" \/>\n<meta property=\"og:image\" content=\"https:\/\/meetobi.com\/wp-content\/uploads\/2022\/02\/Outdoor-Dining-with-Obi-768x433-1.jpg\" \/>\n\t<meta property=\"og:image:width\" content=\"768\" \/>\n\t<meta property=\"og:image:height\" content=\"433\" \/>\n\t<meta property=\"og:image:type\" content=\"image\/jpeg\" \/>\n<meta name=\"twitter:card\" content=\"summary_large_image\" \/>\n<meta name=\"twitter:site\" content=\"@ObiRobot\" \/>\n<script type=\"application\/ld+json\" class=\"yoast-schema-graph\">{\"@context\":\"https:\/\/schema.org\",\"@graph\":[{\"@type\":\"WebPage\",\"@id\":\"https:\/\/meetobi.com\/no\/kurs-for-etter-og-videreutdanning\/\",\"url\":\"https:\/\/meetobi.com\/no\/kurs-for-etter-og-videreutdanning\/\",\"name\":\"Finn ut hvordan du pr\u00f8ver Obi den adaptive f\u00f4ringsenheten\",\"isPartOf\":{\"@id\":\"https:\/\/meetobi.com\/no\/#website\"},\"datePublished\":\"2024-11-19T19:33:36+00:00\",\"dateModified\":\"2026-01-16T15:32:32+00:00\",\"description\":\"Obi er en adaptiv f\u00f4ringsenhet for de med begrensninger i \u00f8vre ekstremiteter. Be om \u00e5 pr\u00f8ve Obi og opplev det beste innen f\u00f4ringshjelpemidler!\",\"breadcrumb\":{\"@id\":\"https:\/\/meetobi.com\/no\/kurs-for-etter-og-videreutdanning\/#breadcrumb\"},\"inLanguage\":\"nb-NO\",\"potentialAction\":[{\"@type\":\"ReadAction\",\"target\":[\"https:\/\/meetobi.com\/no\/kurs-for-etter-og-videreutdanning\/\"]}]},{\"@type\":\"BreadcrumbList\",\"@id\":\"https:\/\/meetobi.com\/no\/kurs-for-etter-og-videreutdanning\/#breadcrumb\",\"itemListElement\":[{\"@type\":\"ListItem\",\"position\":1,\"name\":\"Home\",\"item\":\"https:\/\/meetobi.com\/no\/\"},{\"@type\":\"ListItem\",\"position\":2,\"name\":\"Kurs for etter- og videreutdanning\"}]},{\"@type\":\"WebSite\",\"@id\":\"https:\/\/meetobi.com\/no\/#website\",\"url\":\"https:\/\/meetobi.com\/no\/\",\"name\":\"Obi\",\"description\":\"Obi: The Independent Eating Device\",\"publisher\":{\"@id\":\"https:\/\/meetobi.com\/no\/#organization\"},\"alternateName\":\"Obi Adaptive Eating Device\",\"potentialAction\":[{\"@type\":\"SearchAction\",\"target\":{\"@type\":\"EntryPoint\",\"urlTemplate\":\"https:\/\/meetobi.com\/no\/?s={search_term_string}\"},\"query-input\":{\"@type\":\"PropertyValueSpecification\",\"valueRequired\":true,\"valueName\":\"search_term_string\"}}],\"inLanguage\":\"nb-NO\"},{\"@type\":\"Organization\",\"@id\":\"https:\/\/meetobi.com\/no\/#organization\",\"name\":\"Obi Adaptive Eating Device\",\"alternateName\":\"MeetObi\",\"url\":\"https:\/\/meetobi.com\/no\/\",\"logo\":{\"@type\":\"ImageObject\",\"inLanguage\":\"nb-NO\",\"@id\":\"https:\/\/meetobi.com\/no\/#\/schema\/logo\/image\/\",\"url\":\"https:\/\/d6be6d1b8c.nxcli.io\/wp-content\/uploads\/2022\/02\/Outdoor-Dining-with-Obi-768x433-1.jpg\",\"contentUrl\":\"https:\/\/d6be6d1b8c.nxcli.io\/wp-content\/uploads\/2022\/02\/Outdoor-Dining-with-Obi-768x433-1.jpg\",\"width\":768,\"height\":433,\"caption\":\"Obi Adaptive Eating Device\"},\"image\":{\"@id\":\"https:\/\/meetobi.com\/no\/#\/schema\/logo\/image\/\"},\"sameAs\":[\"https:\/\/www.facebook.com\/obirobot\",\"https:\/\/x.com\/ObiRobot\",\"https:\/\/www.youtube.com\/c\/Meetobirobot\",\"https:\/\/www.instagram.com\/obirobot\"]}]}<\/script>\n<!-- \/ Yoast SEO plugin. -->","yoast_head_json":{"title":"Finn ut hvordan du pr\u00f8ver Obi den adaptive f\u00f4ringsenheten","description":"Obi er en adaptiv f\u00f4ringsenhet for de med begrensninger i \u00f8vre ekstremiteter. Be om \u00e5 pr\u00f8ve Obi og opplev det beste innen f\u00f4ringshjelpemidler!","robots":{"index":"index","follow":"follow","max-snippet":"max-snippet:-1","max-image-preview":"max-image-preview:large","max-video-preview":"max-video-preview:-1"},"canonical":"https:\/\/meetobi.com\/no\/kurs-for-etter-og-videreutdanning\/","og_locale":"nb_NO","og_type":"article","og_title":"Finn ut hvordan du pr\u00f8ver Obi den adaptive f\u00f4ringsenheten","og_description":"Obi er en adaptiv f\u00f4ringsenhet for de med begrensninger i \u00f8vre ekstremiteter. Be om \u00e5 pr\u00f8ve Obi og opplev det beste innen f\u00f4ringshjelpemidler!","og_url":"https:\/\/meetobi.com\/no\/kurs-for-etter-og-videreutdanning\/","og_site_name":"Obi","article_publisher":"https:\/\/www.facebook.com\/obirobot","article_modified_time":"2026-01-16T15:32:32+00:00","og_image":[{"width":768,"height":433,"url":"https:\/\/meetobi.com\/wp-content\/uploads\/2022\/02\/Outdoor-Dining-with-Obi-768x433-1.jpg","type":"image\/jpeg"}],"twitter_card":"summary_large_image","twitter_site":"@ObiRobot","schema":{"@context":"https:\/\/schema.org","@graph":[{"@type":"WebPage","@id":"https:\/\/meetobi.com\/no\/kurs-for-etter-og-videreutdanning\/","url":"https:\/\/meetobi.com\/no\/kurs-for-etter-og-videreutdanning\/","name":"Finn ut hvordan du pr\u00f8ver Obi den adaptive f\u00f4ringsenheten","isPartOf":{"@id":"https:\/\/meetobi.com\/no\/#website"},"datePublished":"2024-11-19T19:33:36+00:00","dateModified":"2026-01-16T15:32:32+00:00","description":"Obi er en adaptiv f\u00f4ringsenhet for de med begrensninger i \u00f8vre ekstremiteter. Be om \u00e5 pr\u00f8ve Obi og opplev det beste innen f\u00f4ringshjelpemidler!","breadcrumb":{"@id":"https:\/\/meetobi.com\/no\/kurs-for-etter-og-videreutdanning\/#breadcrumb"},"inLanguage":"nb-NO","potentialAction":[{"@type":"ReadAction","target":["https:\/\/meetobi.com\/no\/kurs-for-etter-og-videreutdanning\/"]}]},{"@type":"BreadcrumbList","@id":"https:\/\/meetobi.com\/no\/kurs-for-etter-og-videreutdanning\/#breadcrumb","itemListElement":[{"@type":"ListItem","position":1,"name":"Home","item":"https:\/\/meetobi.com\/no\/"},{"@type":"ListItem","position":2,"name":"Kurs for etter- og videreutdanning"}]},{"@type":"WebSite","@id":"https:\/\/meetobi.com\/no\/#website","url":"https:\/\/meetobi.com\/no\/","name":"Obi","description":"Obi: The Independent Eating Device","publisher":{"@id":"https:\/\/meetobi.com\/no\/#organization"},"alternateName":"Obi Adaptive Eating Device","potentialAction":[{"@type":"SearchAction","target":{"@type":"EntryPoint","urlTemplate":"https:\/\/meetobi.com\/no\/?s={search_term_string}"},"query-input":{"@type":"PropertyValueSpecification","valueRequired":true,"valueName":"search_term_string"}}],"inLanguage":"nb-NO"},{"@type":"Organization","@id":"https:\/\/meetobi.com\/no\/#organization","name":"Obi Adaptive Eating Device","alternateName":"MeetObi","url":"https:\/\/meetobi.com\/no\/","logo":{"@type":"ImageObject","inLanguage":"nb-NO","@id":"https:\/\/meetobi.com\/no\/#\/schema\/logo\/image\/","url":"https:\/\/d6be6d1b8c.nxcli.io\/wp-content\/uploads\/2022\/02\/Outdoor-Dining-with-Obi-768x433-1.jpg","contentUrl":"https:\/\/d6be6d1b8c.nxcli.io\/wp-content\/uploads\/2022\/02\/Outdoor-Dining-with-Obi-768x433-1.jpg","width":768,"height":433,"caption":"Obi Adaptive Eating Device"},"image":{"@id":"https:\/\/meetobi.com\/no\/#\/schema\/logo\/image\/"},"sameAs":["https:\/\/www.facebook.com\/obirobot","https:\/\/x.com\/ObiRobot","https:\/\/www.youtube.com\/c\/Meetobirobot","https:\/\/www.instagram.com\/obirobot"]}]}},"jetpack_sharing_enabled":true,"_links":{"self":[{"href":"https:\/\/meetobi.com\/no\/wp-json\/wp\/v2\/pages\/16507","targetHints":{"allow":["GET"]}}],"collection":[{"href":"https:\/\/meetobi.com\/no\/wp-json\/wp\/v2\/pages"}],"about":[{"href":"https:\/\/meetobi.com\/no\/wp-json\/wp\/v2\/types\/page"}],"author":[{"embeddable":true,"href":"https:\/\/meetobi.com\/no\/wp-json\/wp\/v2\/users\/9"}],"replies":[{"embeddable":true,"href":"https:\/\/meetobi.com\/no\/wp-json\/wp\/v2\/comments?post=16507"}],"version-history":[{"count":2,"href":"https:\/\/meetobi.com\/no\/wp-json\/wp\/v2\/pages\/16507\/revisions"}],"predecessor-version":[{"id":21595,"href":"https:\/\/meetobi.com\/no\/wp-json\/wp\/v2\/pages\/16507\/revisions\/21595"}],"wp:attachment":[{"href":"https:\/\/meetobi.com\/no\/wp-json\/wp\/v2\/media?parent=16507"}],"curies":[{"name":"wp","href":"https:\/\/api.w.org\/{rel}","templated":true}]}}