{"id":8697,"date":"2022-01-26T21:36:45","date_gmt":"2022-01-26T21:36:45","guid":{"rendered":"https:\/\/d6be6d1b8c.nxcli.io\/soutien\/"},"modified":"2025-11-20T14:09:01","modified_gmt":"2025-11-20T14:09:01","slug":"soutien","status":"publish","type":"page","link":"https:\/\/meetobi.com\/fr\/soutien\/","title":{"rendered":"Soutien"},"content":{"rendered":"\t\t<div data-elementor-type=\"wp-page\" data-elementor-id=\"8697\" class=\"elementor elementor-8697 elementor-2780\" data-elementor-post-type=\"page\">\n\t\t\t\t\t\t<section class=\"elementor-section elementor-top-section elementor-element elementor-element-00e1042 section-pts section-pbs wht mbs elementor-section-height-min-height elementor-section-boxed elementor-section-height-default elementor-section-items-middle\" data-id=\"00e1042\" data-element_type=\"section\" data-e-type=\"section\" data-settings=\"{&quot;background_background&quot;:&quot;classic&quot;}\">\n\t\t\t\t\t\t<div class=\"elementor-container elementor-column-gap-default\">\n\t\t\t\t\t<div class=\"elementor-column elementor-col-100 elementor-top-column elementor-element elementor-element-c55ec4d\" data-id=\"c55ec4d\" data-element_type=\"column\" data-e-type=\"column\">\n\t\t\t<div class=\"elementor-widget-wrap elementor-element-populated\">\n\t\t\t\t\t\t<div class=\"elementor-element elementor-element-d342da2 wht mbs elementor-widget elementor-widget-heading\" data-id=\"d342da2\" data-element_type=\"widget\" data-e-type=\"widget\" data-widget_type=\"heading.default\">\n\t\t\t\t<div class=\"elementor-widget-container\">\n\t\t\t\t\t<h1 class=\"elementor-heading-title elementor-size-default\">Soutien<\/h1>\t\t\t\t<\/div>\n\t\t\t\t<\/div>\n\t\t\t\t<div class=\"elementor-element elementor-element-a767316 elementor-align-center mbn elementor-widget elementor-widget-breadcrumbs\" data-id=\"a767316\" data-element_type=\"widget\" data-e-type=\"widget\" data-widget_type=\"breadcrumbs.default\">\n\t\t\t\t<div class=\"elementor-widget-container\">\n\t\t\t\t\t<p id=\"breadcrumbs\"><span><span><a href=\"https:\/\/meetobi.com\/fr\/\">Home<\/a><\/span><\/span><\/p>\t\t\t\t<\/div>\n\t\t\t\t<\/div>\n\t\t\t\t\t<\/div>\n\t\t<\/div>\n\t\t\t\t\t<\/div>\n\t\t<\/section>\n\t\t\t\t<section class=\"elementor-section elementor-top-section elementor-element elementor-element-a74ee78 section-pts elementor-section-boxed elementor-section-height-default elementor-section-height-default section-default-pad\" data-id=\"a74ee78\" data-element_type=\"section\" data-e-type=\"section\">\n\t\t\t\t\t\t<div class=\"elementor-container elementor-column-gap-default\">\n\t\t\t\t\t<div class=\"elementor-column elementor-col-100 elementor-top-column elementor-element elementor-element-9dda51a\" data-id=\"9dda51a\" data-element_type=\"column\" data-e-type=\"column\">\n\t\t\t<div class=\"elementor-widget-wrap elementor-element-populated\">\n\t\t\t\t\t\t<div class=\"elementor-element elementor-element-c1be73f text-narrow-centered elementor-widget elementor-widget-heading\" data-id=\"c1be73f\" data-element_type=\"widget\" data-e-type=\"widget\" data-widget_type=\"heading.default\">\n\t\t\t\t<div class=\"elementor-widget-container\">\n\t\t\t\t\t<h5 class=\"elementor-heading-title elementor-size-default\">Pour toute assistance ou probl\u00e8me concernant un appareil, veuillez remplir le formulaire \nci-dessous et notre \u00e9quipe de service vous contactera dans les plus brefs d\u00e9lais !<\/h5>\t\t\t\t<\/div>\n\t\t\t\t<\/div>\n\t\t\t\t<section class=\"elementor-section elementor-inner-section elementor-element elementor-element-ade7d77 section-ptn section-pbn elementor-section-boxed elementor-section-height-default elementor-section-height-default\" data-id=\"ade7d77\" data-element_type=\"section\" data-e-type=\"section\">\n\t\t\t\t\t\t<div class=\"elementor-container elementor-column-gap-default\">\n\t\t\t\t\t<div class=\"elementor-column elementor-col-100 elementor-inner-column elementor-element elementor-element-c653488\" data-id=\"c653488\" data-element_type=\"column\" data-e-type=\"column\">\n\t\t\t<div class=\"elementor-widget-wrap elementor-element-populated\">\n\t\t\t\t\t\t<div class=\"elementor-element elementor-element-21d1c2f elementor-widget elementor-widget-html\" data-id=\"21d1c2f\" data-element_type=\"widget\" data-e-type=\"widget\" data-widget_type=\"html.default\">\n\t\t\t\t<div class=\"elementor-widget-container\">\n\t\t\t\t\t<!--[if lte IE 8]>\n<script charset=\"utf-8\" type=\"text\/javascript\" src=\"\/\/js.hsforms.net\/forms\/v2-legacy.js\"><\/script>\n<![endif]-->\n<script charset=\"utf-8\" type=\"text\/javascript\" src=\"\/\/js.hsforms.net\/forms\/v2.js\"><\/script>\n<script>\nhbspt.forms.create({\nregion: \"na1\",\nportalId: \"20523599\",\nformId: \"0761c020-9900-40d9-b8bd-45f5bd1958f6\"\n});\n<\/script>\t\t\t\t<\/div>\n\t\t\t\t<\/div>\n\t\t\t\t\t<\/div>\n\t\t<\/div>\n\t\t\t\t\t<\/div>\n\t\t<\/section>\n\t\t\t\t\t<\/div>\n\t\t<\/div>\n\t\t\t\t\t<\/div>\n\t\t<\/section>\n\t\t<div class=\"elementor-element elementor-element-ad4dcb1 e-flex e-con-boxed e-con e-parent\" data-id=\"ad4dcb1\" data-element_type=\"container\" data-e-type=\"container\">\n\t\t\t\t\t<div class=\"e-con-inner\">\n\t\t<div class=\"elementor-element elementor-element-869ac37 e-con-full e-flex e-con e-child\" data-id=\"869ac37\" data-element_type=\"container\" data-e-type=\"container\">\n\t\t\t\t<div class=\"elementor-element elementor-element-9e5cb96 elementor-widget elementor-widget-heading\" data-id=\"9e5cb96\" data-element_type=\"widget\" data-e-type=\"widget\" data-widget_type=\"heading.default\">\n\t\t\t\t<div class=\"elementor-widget-container\">\n\t\t\t\t\t<h3 class=\"elementor-heading-title elementor-size-default\">En savoir plus sur la fa\u00e7on dont Obi rend possible une alimentation ind\u00e9pendante<\/h3>\t\t\t\t<\/div>\n\t\t\t\t<\/div>\n\t\t\t\t<div class=\"elementor-element elementor-element-0d119bf elementor-widget elementor-widget-text-editor\" data-id=\"0d119bf\" data-element_type=\"widget\" data-e-type=\"widget\" data-widget_type=\"text-editor.default\">\n\t\t\t\t<div class=\"elementor-widget-container\">\n\t\t\t\t\t\t\t\t\t<p>Obi est un <a href=\"\/\"><strong>dispositif d&rsquo;alimentation<\/strong><\/a> con\u00e7u pour aider les adultes et les enfants souffrant d&rsquo;un handicap physique ou d&rsquo;une d\u00e9ficience et qui ont besoin d&rsquo;aide pour s&rsquo;alimenter. Il comprend une unit\u00e9 de base interactive et multisensorielle qui peut \u00eatre utilis\u00e9e avec presque tous les types d&rsquo;aliments.<\/p><p>Avec Obi, les utilisateurs s&rsquo;engagent davantage dans l&rsquo;exp\u00e9rience des repas, tout en gagnant en ind\u00e9pendance et en confiance lorsqu&rsquo;ils mangent de mani\u00e8re autonome.<\/p>\t\t\t\t\t\t\t\t<\/div>\n\t\t\t\t<\/div>\n\t\t\t\t<div class=\"elementor-element elementor-element-55a63c7 elementor-align-left elementor-mobile-align-left elementor-widget elementor-widget-button\" data-id=\"55a63c7\" data-element_type=\"widget\" data-e-type=\"widget\" data-widget_type=\"button.default\">\n\t\t\t\t<div class=\"elementor-widget-container\">\n\t\t\t\t\t\t\t\t\t<div class=\"elementor-button-wrapper\">\n\t\t\t\t\t<a class=\"elementor-button elementor-button-link elementor-size-sm\" href=\"https:\/\/meetobi.com\/fr\/rencontrer-obi\/\" rel=\"nofollow\">\n\t\t\t\t\t\t<span class=\"elementor-button-content-wrapper\">\n\t\t\t\t\t\t\t\t\t<span class=\"elementor-button-text\">En savoir plus sur Obi<\/span>\n\t\t\t\t\t<\/span>\n\t\t\t\t\t<\/a>\n\t\t\t\t<\/div>\n\t\t\t\t\t\t\t\t<\/div>\n\t\t\t\t<\/div>\n\t\t\t\t<\/div>\n\t\t<div class=\"elementor-element elementor-element-246d47f e-con-full e-flex e-con e-child\" data-id=\"246d47f\" data-element_type=\"container\" data-e-type=\"container\">\n\t\t\t\t<div class=\"elementor-element elementor-element-81ae234 elementor-widget elementor-widget-image\" data-id=\"81ae234\" data-element_type=\"widget\" data-e-type=\"widget\" data-widget_type=\"image.default\">\n\t\t\t\t<div class=\"elementor-widget-container\">\n\t\t\t\t\t\t\t\t\t\t\t\t\t\t\t<img fetchpriority=\"high\" decoding=\"async\" width=\"800\" height=\"534\" src=\"https:\/\/meetobi.com\/wp-content\/uploads\/2024\/05\/IMG_0251-1024x683.jpg\" class=\"attachment-large size-large wp-image-12331\" alt=\"\" srcset=\"https:\/\/meetobi.com\/wp-content\/uploads\/2024\/05\/IMG_0251-1024x683.jpg 1024w, https:\/\/meetobi.com\/wp-content\/uploads\/2024\/05\/IMG_0251-300x200.jpg 300w, https:\/\/meetobi.com\/wp-content\/uploads\/2024\/05\/IMG_0251-768x512.jpg 768w, https:\/\/meetobi.com\/wp-content\/uploads\/2024\/05\/IMG_0251-1536x1024.jpg 1536w, https:\/\/meetobi.com\/wp-content\/uploads\/2024\/05\/IMG_0251-2048x1365.jpg 2048w, https:\/\/meetobi.com\/wp-content\/uploads\/2024\/05\/IMG_0251-1320x880.jpg 1320w, https:\/\/meetobi.com\/wp-content\/uploads\/2024\/05\/IMG_0251-600x400.jpg 600w\" sizes=\"(max-width: 800px) 100vw, 800px\" \/>\t\t\t\t\t\t\t\t\t\t\t\t\t\t\t<\/div>\n\t\t\t\t<\/div>\n\t\t\t\t<\/div>\n\t\t\t\t\t<\/div>\n\t\t\t\t<\/div>\n\t\t\t\t<\/div>\n\t\t","protected":false},"excerpt":{"rendered":"<p>Obi est un dispositif d&rsquo;alimentation adapt\u00e9 con\u00e7u pour aider les adultes et les enfants souffrant d&rsquo;un handicap physique ou d&rsquo;une d\u00e9ficience et qui ont besoin d&rsquo;aide pour s&rsquo;alimenter. Il comprend une unit\u00e9 de base interactive et multisensorielle qui peut \u00eatre utilis\u00e9e avec presque tous les types d&rsquo;aliments. <\/p>\n","protected":false},"author":1,"featured_media":8433,"parent":0,"menu_order":13,"comment_status":"closed","ping_status":"closed","template":"","meta":{"content-type":"","footnotes":""},"class_list":["post-8697","page","type-page","status-publish","has-post-thumbnail","hentry"],"yoast_head":"<!-- This site is optimized with the Yoast SEO plugin v27.2 - https:\/\/yoast.com\/product\/yoast-seo-wordpress\/ -->\n<title>Obtenir de l&#039;aide et du soutien pour Obi - Obi.<\/title>\n<meta name=\"description\" content=\"Besoin d&#039;aide avec votre appareil Obi ? Nous sommes l\u00e0 pour vous aider ! Soumettre une demande de soutien. Notre \u00e9quipe de service vous contactera bient\u00f4t !\" \/>\n<meta name=\"robots\" content=\"index, follow, max-snippet:-1, max-image-preview:large, max-video-preview:-1\" \/>\n<link rel=\"canonical\" href=\"https:\/\/meetobi.com\/fr\/soutien\/\" \/>\n<meta property=\"og:locale\" content=\"fr_FR\" \/>\n<meta property=\"og:type\" content=\"article\" \/>\n<meta property=\"og:title\" content=\"Obtenir de l&#039;aide et du soutien pour Obi - Obi.\" \/>\n<meta property=\"og:description\" content=\"Besoin d&#039;aide avec votre appareil Obi ? Nous sommes l\u00e0 pour vous aider ! Soumettre une demande de soutien. Notre \u00e9quipe de service vous contactera bient\u00f4t !\" \/>\n<meta property=\"og:url\" content=\"https:\/\/meetobi.com\/fr\/soutien\/\" \/>\n<meta property=\"og:site_name\" content=\"Obi\" \/>\n<meta property=\"article:publisher\" content=\"https:\/\/www.facebook.com\/obirobot\" \/>\n<meta property=\"article:modified_time\" content=\"2025-11-20T14:09:01+00:00\" \/>\n<meta property=\"og:image\" content=\"https:\/\/meetobi.com\/wp-content\/uploads\/2023\/01\/Alan-Veteran-using-obi-at-home-dinner-table.webp\" \/>\n\t<meta property=\"og:image:width\" content=\"1920\" \/>\n\t<meta property=\"og:image:height\" content=\"1470\" \/>\n\t<meta property=\"og:image:type\" content=\"image\/webp\" \/>\n<meta name=\"twitter:card\" content=\"summary_large_image\" \/>\n<meta name=\"twitter:site\" content=\"@ObiRobot\" \/>\n<meta name=\"twitter:label1\" content=\"Dur\u00e9e de lecture estim\u00e9e\" \/>\n\t<meta name=\"twitter:data1\" content=\"1 minute\" \/>\n<script type=\"application\/ld+json\" class=\"yoast-schema-graph\">{\"@context\":\"https:\/\/schema.org\",\"@graph\":[{\"@type\":\"WebPage\",\"@id\":\"https:\/\/meetobi.com\/fr\/soutien\/\",\"url\":\"https:\/\/meetobi.com\/fr\/soutien\/\",\"name\":\"Obtenir de l'aide et du soutien pour Obi - Obi.\",\"isPartOf\":{\"@id\":\"https:\/\/meetobi.com\/fr\/#website\"},\"primaryImageOfPage\":{\"@id\":\"https:\/\/meetobi.com\/fr\/soutien\/#primaryimage\"},\"image\":{\"@id\":\"https:\/\/meetobi.com\/fr\/soutien\/#primaryimage\"},\"thumbnailUrl\":\"https:\/\/meetobi.com\/wp-content\/uploads\/2023\/01\/Alan-Veteran-using-obi-at-home-dinner-table.webp\",\"datePublished\":\"2022-01-26T21:36:45+00:00\",\"dateModified\":\"2025-11-20T14:09:01+00:00\",\"description\":\"Besoin d'aide avec votre appareil Obi ? Nous sommes l\u00e0 pour vous aider ! Soumettre une demande de soutien. Notre \u00e9quipe de service vous contactera bient\u00f4t !\",\"breadcrumb\":{\"@id\":\"https:\/\/meetobi.com\/fr\/soutien\/#breadcrumb\"},\"inLanguage\":\"fr-FR\",\"potentialAction\":[{\"@type\":\"ReadAction\",\"target\":[\"https:\/\/meetobi.com\/fr\/soutien\/\"]}]},{\"@type\":\"ImageObject\",\"inLanguage\":\"fr-FR\",\"@id\":\"https:\/\/meetobi.com\/fr\/soutien\/#primaryimage\",\"url\":\"https:\/\/meetobi.com\/wp-content\/uploads\/2023\/01\/Alan-Veteran-using-obi-at-home-dinner-table.webp\",\"contentUrl\":\"https:\/\/meetobi.com\/wp-content\/uploads\/2023\/01\/Alan-Veteran-using-obi-at-home-dinner-table.webp\",\"width\":1920,\"height\":1470},{\"@type\":\"BreadcrumbList\",\"@id\":\"https:\/\/meetobi.com\/fr\/soutien\/#breadcrumb\",\"itemListElement\":[{\"@type\":\"ListItem\",\"position\":1,\"name\":\"Home\",\"item\":\"https:\/\/meetobi.com\/fr\/\"},{\"@type\":\"ListItem\",\"position\":2,\"name\":\"Soutien\"}]},{\"@type\":\"WebSite\",\"@id\":\"https:\/\/meetobi.com\/fr\/#website\",\"url\":\"https:\/\/meetobi.com\/fr\/\",\"name\":\"Obi\",\"description\":\"Obi: The Independent Eating Device\",\"publisher\":{\"@id\":\"https:\/\/meetobi.com\/fr\/#organization\"},\"alternateName\":\"Obi Adaptive Eating Device\",\"potentialAction\":[{\"@type\":\"SearchAction\",\"target\":{\"@type\":\"EntryPoint\",\"urlTemplate\":\"https:\/\/meetobi.com\/fr\/?s={search_term_string}\"},\"query-input\":{\"@type\":\"PropertyValueSpecification\",\"valueRequired\":true,\"valueName\":\"search_term_string\"}}],\"inLanguage\":\"fr-FR\"},{\"@type\":\"Organization\",\"@id\":\"https:\/\/meetobi.com\/fr\/#organization\",\"name\":\"Obi Adaptive Eating Device\",\"alternateName\":\"MeetObi\",\"url\":\"https:\/\/meetobi.com\/fr\/\",\"logo\":{\"@type\":\"ImageObject\",\"inLanguage\":\"fr-FR\",\"@id\":\"https:\/\/meetobi.com\/fr\/#\/schema\/logo\/image\/\",\"url\":\"https:\/\/d6be6d1b8c.nxcli.io\/wp-content\/uploads\/2022\/02\/Outdoor-Dining-with-Obi-768x433-1.jpg\",\"contentUrl\":\"https:\/\/d6be6d1b8c.nxcli.io\/wp-content\/uploads\/2022\/02\/Outdoor-Dining-with-Obi-768x433-1.jpg\",\"width\":768,\"height\":433,\"caption\":\"Obi Adaptive Eating Device\"},\"image\":{\"@id\":\"https:\/\/meetobi.com\/fr\/#\/schema\/logo\/image\/\"},\"sameAs\":[\"https:\/\/www.facebook.com\/obirobot\",\"https:\/\/x.com\/ObiRobot\",\"https:\/\/www.youtube.com\/c\/Meetobirobot\",\"https:\/\/www.instagram.com\/obirobot\"]}]}<\/script>\n<!-- \/ Yoast SEO plugin. -->","yoast_head_json":{"title":"Obtenir de l'aide et du soutien pour Obi - Obi.","description":"Besoin d'aide avec votre appareil Obi ? Nous sommes l\u00e0 pour vous aider ! Soumettre une demande de soutien. Notre \u00e9quipe de service vous contactera bient\u00f4t !","robots":{"index":"index","follow":"follow","max-snippet":"max-snippet:-1","max-image-preview":"max-image-preview:large","max-video-preview":"max-video-preview:-1"},"canonical":"https:\/\/meetobi.com\/fr\/soutien\/","og_locale":"fr_FR","og_type":"article","og_title":"Obtenir de l'aide et du soutien pour Obi - Obi.","og_description":"Besoin d'aide avec votre appareil Obi ? Nous sommes l\u00e0 pour vous aider ! Soumettre une demande de soutien. Notre \u00e9quipe de service vous contactera bient\u00f4t !","og_url":"https:\/\/meetobi.com\/fr\/soutien\/","og_site_name":"Obi","article_publisher":"https:\/\/www.facebook.com\/obirobot","article_modified_time":"2025-11-20T14:09:01+00:00","og_image":[{"width":1920,"height":1470,"url":"https:\/\/meetobi.com\/wp-content\/uploads\/2023\/01\/Alan-Veteran-using-obi-at-home-dinner-table.webp","type":"image\/webp"}],"twitter_card":"summary_large_image","twitter_site":"@ObiRobot","twitter_misc":{"Dur\u00e9e de lecture estim\u00e9e":"1 minute"},"schema":{"@context":"https:\/\/schema.org","@graph":[{"@type":"WebPage","@id":"https:\/\/meetobi.com\/fr\/soutien\/","url":"https:\/\/meetobi.com\/fr\/soutien\/","name":"Obtenir de l'aide et du soutien pour Obi - Obi.","isPartOf":{"@id":"https:\/\/meetobi.com\/fr\/#website"},"primaryImageOfPage":{"@id":"https:\/\/meetobi.com\/fr\/soutien\/#primaryimage"},"image":{"@id":"https:\/\/meetobi.com\/fr\/soutien\/#primaryimage"},"thumbnailUrl":"https:\/\/meetobi.com\/wp-content\/uploads\/2023\/01\/Alan-Veteran-using-obi-at-home-dinner-table.webp","datePublished":"2022-01-26T21:36:45+00:00","dateModified":"2025-11-20T14:09:01+00:00","description":"Besoin d'aide avec votre appareil Obi ? Nous sommes l\u00e0 pour vous aider ! Soumettre une demande de soutien. Notre \u00e9quipe de service vous contactera bient\u00f4t !","breadcrumb":{"@id":"https:\/\/meetobi.com\/fr\/soutien\/#breadcrumb"},"inLanguage":"fr-FR","potentialAction":[{"@type":"ReadAction","target":["https:\/\/meetobi.com\/fr\/soutien\/"]}]},{"@type":"ImageObject","inLanguage":"fr-FR","@id":"https:\/\/meetobi.com\/fr\/soutien\/#primaryimage","url":"https:\/\/meetobi.com\/wp-content\/uploads\/2023\/01\/Alan-Veteran-using-obi-at-home-dinner-table.webp","contentUrl":"https:\/\/meetobi.com\/wp-content\/uploads\/2023\/01\/Alan-Veteran-using-obi-at-home-dinner-table.webp","width":1920,"height":1470},{"@type":"BreadcrumbList","@id":"https:\/\/meetobi.com\/fr\/soutien\/#breadcrumb","itemListElement":[{"@type":"ListItem","position":1,"name":"Home","item":"https:\/\/meetobi.com\/fr\/"},{"@type":"ListItem","position":2,"name":"Soutien"}]},{"@type":"WebSite","@id":"https:\/\/meetobi.com\/fr\/#website","url":"https:\/\/meetobi.com\/fr\/","name":"Obi","description":"Obi: The Independent Eating Device","publisher":{"@id":"https:\/\/meetobi.com\/fr\/#organization"},"alternateName":"Obi Adaptive Eating Device","potentialAction":[{"@type":"SearchAction","target":{"@type":"EntryPoint","urlTemplate":"https:\/\/meetobi.com\/fr\/?s={search_term_string}"},"query-input":{"@type":"PropertyValueSpecification","valueRequired":true,"valueName":"search_term_string"}}],"inLanguage":"fr-FR"},{"@type":"Organization","@id":"https:\/\/meetobi.com\/fr\/#organization","name":"Obi Adaptive Eating Device","alternateName":"MeetObi","url":"https:\/\/meetobi.com\/fr\/","logo":{"@type":"ImageObject","inLanguage":"fr-FR","@id":"https:\/\/meetobi.com\/fr\/#\/schema\/logo\/image\/","url":"https:\/\/d6be6d1b8c.nxcli.io\/wp-content\/uploads\/2022\/02\/Outdoor-Dining-with-Obi-768x433-1.jpg","contentUrl":"https:\/\/d6be6d1b8c.nxcli.io\/wp-content\/uploads\/2022\/02\/Outdoor-Dining-with-Obi-768x433-1.jpg","width":768,"height":433,"caption":"Obi Adaptive Eating Device"},"image":{"@id":"https:\/\/meetobi.com\/fr\/#\/schema\/logo\/image\/"},"sameAs":["https:\/\/www.facebook.com\/obirobot","https:\/\/x.com\/ObiRobot","https:\/\/www.youtube.com\/c\/Meetobirobot","https:\/\/www.instagram.com\/obirobot"]}]}},"jetpack_sharing_enabled":true,"_links":{"self":[{"href":"https:\/\/meetobi.com\/fr\/wp-json\/wp\/v2\/pages\/8697","targetHints":{"allow":["GET"]}}],"collection":[{"href":"https:\/\/meetobi.com\/fr\/wp-json\/wp\/v2\/pages"}],"about":[{"href":"https:\/\/meetobi.com\/fr\/wp-json\/wp\/v2\/types\/page"}],"author":[{"embeddable":true,"href":"https:\/\/meetobi.com\/fr\/wp-json\/wp\/v2\/users\/1"}],"replies":[{"embeddable":true,"href":"https:\/\/meetobi.com\/fr\/wp-json\/wp\/v2\/comments?post=8697"}],"version-history":[{"count":4,"href":"https:\/\/meetobi.com\/fr\/wp-json\/wp\/v2\/pages\/8697\/revisions"}],"predecessor-version":[{"id":21043,"href":"https:\/\/meetobi.com\/fr\/wp-json\/wp\/v2\/pages\/8697\/revisions\/21043"}],"wp:featuredmedia":[{"embeddable":true,"href":"https:\/\/meetobi.com\/fr\/wp-json\/wp\/v2\/media\/8433"}],"wp:attachment":[{"href":"https:\/\/meetobi.com\/fr\/wp-json\/wp\/v2\/media?parent=8697"}],"curies":[{"name":"wp","href":"https:\/\/api.w.org\/{rel}","templated":true}]}}