{"id":20963,"date":"2025-10-31T16:03:14","date_gmt":"2025-10-31T16:03:14","guid":{"rendered":"https:\/\/meetobi.com\/au-dela-de-lindependance\/"},"modified":"2026-01-16T15:31:22","modified_gmt":"2026-01-16T15:31:22","slug":"au-dela-de-lindependance","status":"publish","type":"page","link":"https:\/\/meetobi.com\/fr\/au-dela-de-lindependance\/","title":{"rendered":"Cours sur la justification m\u00e9dicale"},"content":{"rendered":"\t\t<div data-elementor-type=\"wp-page\" data-elementor-id=\"20963\" class=\"elementor elementor-20963 elementor-20956\" data-elementor-post-type=\"page\">\n\t\t\t\t\t\t<section class=\"elementor-section elementor-top-section elementor-element elementor-element-3fdccd6 section-pts section-pbs wht mbs elementor-section-height-min-height elementor-section-boxed elementor-section-height-default elementor-section-items-middle\" data-id=\"3fdccd6\" data-element_type=\"section\" data-e-type=\"section\" data-settings=\"{&quot;background_background&quot;:&quot;classic&quot;}\">\n\t\t\t\t\t\t<div class=\"elementor-container elementor-column-gap-default\">\n\t\t\t\t\t<div class=\"elementor-column elementor-col-100 elementor-top-column elementor-element elementor-element-3bdb240\" data-id=\"3bdb240\" data-element_type=\"column\" data-e-type=\"column\">\n\t\t\t<div class=\"elementor-widget-wrap elementor-element-populated\">\n\t\t\t\t\t\t<div class=\"elementor-element elementor-element-69ae38f wht mbs elementor-widget elementor-widget-heading\" data-id=\"69ae38f\" data-element_type=\"widget\" data-e-type=\"widget\" data-widget_type=\"heading.default\">\n\t\t\t\t<div class=\"elementor-widget-container\">\n\t\t\t\t\t<h1 class=\"elementor-heading-title elementor-size-default\">Cours de formation continue<\/h1>\t\t\t\t<\/div>\n\t\t\t\t<\/div>\n\t\t\t\t<div class=\"elementor-element elementor-element-58c34f8 elementor-align-center mbn elementor-widget elementor-widget-breadcrumbs\" data-id=\"58c34f8\" data-element_type=\"widget\" data-e-type=\"widget\" data-widget_type=\"breadcrumbs.default\">\n\t\t\t\t<div class=\"elementor-widget-container\">\n\t\t\t\t\t<p id=\"breadcrumbs\"><span><span><a href=\"https:\/\/meetobi.com\/fr\/\">Home<\/a><\/span><\/span><\/p>\t\t\t\t<\/div>\n\t\t\t\t<\/div>\n\t\t\t\t\t<\/div>\n\t\t<\/div>\n\t\t\t\t\t<\/div>\n\t\t<\/section>\n\t\t<div class=\"elementor-element elementor-element-08f011a e-con-full e-flex e-con e-parent\" data-id=\"08f011a\" data-element_type=\"container\" data-e-type=\"container\">\n\t\t\t\t<div class=\"elementor-element elementor-element-c4861c0 elementor-widget elementor-widget-html\" data-id=\"c4861c0\" data-element_type=\"widget\" data-e-type=\"widget\" data-widget_type=\"html.default\">\n\t\t\t\t<div class=\"elementor-widget-container\">\n\t\t\t\t\t<script charset=\"utf-8\" type=\"text\/javascript\" src=\"\/\/js.hsforms.net\/forms\/embed\/v2.js\"><\/script><script>hbspt.forms.create({\r\n    portalId: \"20523599\",\r\n    formId: \"0b6dd2fb-ddbf-468b-b02a-1b2c5d205feb\",\r\n    region: \"na1\"\r\n  });\r\n<\/script>\t\t\t\t<\/div>\n\t\t\t\t<\/div>\n\t\t\t\t<\/div>\n\t\t<div class=\"elementor-element elementor-element-85cbc91 e-flex e-con-boxed e-con e-parent\" data-id=\"85cbc91\" data-element_type=\"container\" data-e-type=\"container\" data-settings=\"{&quot;background_background&quot;:&quot;classic&quot;}\">\n\t\t\t\t\t<div class=\"e-con-inner\">\n\t\t\t\t<div class=\"elementor-element elementor-element-4c40b38 elementor-widget elementor-widget-text-editor\" data-id=\"4c40b38\" data-element_type=\"widget\" data-e-type=\"widget\" data-widget_type=\"text-editor.default\">\n\t\t\t\t<div class=\"elementor-widget-container\">\n\t\t\t\t\t\t\t\t\t<p><b>Antidiscrimination et environnement d&rsquo;apprentissage<\/b><br>DES\u012aN, LLC s&rsquo;engage \u00e0 fournir un environnement d&rsquo;apprentissage inclusif, respectueux et accessible \u00e0 tous les participants. La discrimination, le harc\u00e8lement ou les repr\u00e9sailles ne sont tol\u00e9r\u00e9s dans aucune activit\u00e9 de formation continue. Les apprenants sont encourag\u00e9s \u00e0 faire part de leurs pr\u00e9occupations ou \u00e0 demander des am\u00e9nagements sans craindre de repr\u00e9sailles.  <\/p>\t\t\t\t\t\t\t\t<\/div>\n\t\t\t\t<\/div>\n\t\t\t\t\t<\/div>\n\t\t\t\t<\/div>\n\t\t\t\t<\/div>\n\t\t","protected":false},"excerpt":{"rendered":"<p>Cours de formation continue Antidiscrimination et environnement d&rsquo;apprentissageDES\u012aN, LLC s&rsquo;engage \u00e0 fournir un environnement d&rsquo;apprentissage inclusif, respectueux et accessible \u00e0 tous les participants. La discrimination, le harc\u00e8lement ou les repr\u00e9sailles ne sont tol\u00e9r\u00e9s dans aucune activit\u00e9 de formation continue. Les apprenants sont encourag\u00e9s \u00e0 faire part de leurs pr\u00e9occupations ou \u00e0 demander des am\u00e9nagements sans <a class=\"moretag btn btn-primary\" href=\"https:\/\/meetobi.com\/fr\/au-dela-de-lindependance\/\">Read More \u00bb<\/a><\/p>\n","protected":false},"author":9,"featured_media":0,"parent":0,"menu_order":11,"comment_status":"closed","ping_status":"closed","template":"","meta":{"content-type":"","footnotes":""},"class_list":["post-20963","page","type-page","status-publish","hentry"],"yoast_head":"<!-- This site is optimized with the Yoast SEO plugin v27.4 - https:\/\/yoast.com\/product\/yoast-seo-wordpress\/ -->\n<title>Cours sur la justification m\u00e9dicale - Obi<\/title>\n<meta name=\"robots\" content=\"index, follow, max-snippet:-1, max-image-preview:large, max-video-preview:-1\" \/>\n<link rel=\"canonical\" href=\"https:\/\/meetobi.com\/fr\/au-dela-de-lindependance\/\" \/>\n<meta property=\"og:locale\" content=\"fr_FR\" \/>\n<meta property=\"og:type\" content=\"article\" \/>\n<meta property=\"og:title\" content=\"Cours sur la justification m\u00e9dicale - Obi\" \/>\n<meta property=\"og:description\" content=\"Cours de formation continue Antidiscrimination et environnement d&rsquo;apprentissageDES\u012aN, LLC s&rsquo;engage \u00e0 fournir un environnement d&rsquo;apprentissage inclusif, respectueux et accessible \u00e0 tous les participants. La discrimination, le harc\u00e8lement ou les repr\u00e9sailles ne sont tol\u00e9r\u00e9s dans aucune activit\u00e9 de formation continue. Les apprenants sont encourag\u00e9s \u00e0 faire part de leurs pr\u00e9occupations ou \u00e0 demander des am\u00e9nagements sans Read More \u00bb\" \/>\n<meta property=\"og:url\" content=\"https:\/\/meetobi.com\/fr\/au-dela-de-lindependance\/\" \/>\n<meta property=\"og:site_name\" content=\"Obi\" \/>\n<meta property=\"article:publisher\" content=\"https:\/\/www.facebook.com\/obirobot\" \/>\n<meta property=\"article:modified_time\" content=\"2026-01-16T15:31:22+00:00\" \/>\n<meta property=\"og:image\" content=\"https:\/\/meetobi.com\/wp-content\/uploads\/2022\/02\/Outdoor-Dining-with-Obi-768x433-1.jpg\" \/>\n\t<meta property=\"og:image:width\" content=\"768\" \/>\n\t<meta property=\"og:image:height\" content=\"433\" \/>\n\t<meta property=\"og:image:type\" content=\"image\/jpeg\" \/>\n<meta name=\"twitter:card\" content=\"summary_large_image\" \/>\n<meta name=\"twitter:site\" content=\"@ObiRobot\" \/>\n<script type=\"application\/ld+json\" class=\"yoast-schema-graph\">{\"@context\":\"https:\\\/\\\/schema.org\",\"@graph\":[{\"@type\":\"WebPage\",\"@id\":\"https:\\\/\\\/meetobi.com\\\/fr\\\/au-dela-de-lindependance\\\/\",\"url\":\"https:\\\/\\\/meetobi.com\\\/fr\\\/au-dela-de-lindependance\\\/\",\"name\":\"Cours sur la justification m\u00e9dicale - Obi\",\"isPartOf\":{\"@id\":\"https:\\\/\\\/meetobi.com\\\/fr\\\/#website\"},\"datePublished\":\"2025-10-31T16:03:14+00:00\",\"dateModified\":\"2026-01-16T15:31:22+00:00\",\"breadcrumb\":{\"@id\":\"https:\\\/\\\/meetobi.com\\\/fr\\\/au-dela-de-lindependance\\\/#breadcrumb\"},\"inLanguage\":\"fr-FR\",\"potentialAction\":[{\"@type\":\"ReadAction\",\"target\":[\"https:\\\/\\\/meetobi.com\\\/fr\\\/au-dela-de-lindependance\\\/\"]}]},{\"@type\":\"BreadcrumbList\",\"@id\":\"https:\\\/\\\/meetobi.com\\\/fr\\\/au-dela-de-lindependance\\\/#breadcrumb\",\"itemListElement\":[{\"@type\":\"ListItem\",\"position\":1,\"name\":\"Home\",\"item\":\"https:\\\/\\\/meetobi.com\\\/fr\\\/\"},{\"@type\":\"ListItem\",\"position\":2,\"name\":\"Cours sur la justification m\u00e9dicale\"}]},{\"@type\":\"WebSite\",\"@id\":\"https:\\\/\\\/meetobi.com\\\/fr\\\/#website\",\"url\":\"https:\\\/\\\/meetobi.com\\\/fr\\\/\",\"name\":\"Obi\",\"description\":\"Obi: The Independent Eating Device\",\"publisher\":{\"@id\":\"https:\\\/\\\/meetobi.com\\\/fr\\\/#organization\"},\"alternateName\":\"Obi Adaptive Eating Device\",\"potentialAction\":[{\"@type\":\"SearchAction\",\"target\":{\"@type\":\"EntryPoint\",\"urlTemplate\":\"https:\\\/\\\/meetobi.com\\\/fr\\\/?s={search_term_string}\"},\"query-input\":{\"@type\":\"PropertyValueSpecification\",\"valueRequired\":true,\"valueName\":\"search_term_string\"}}],\"inLanguage\":\"fr-FR\"},{\"@type\":\"Organization\",\"@id\":\"https:\\\/\\\/meetobi.com\\\/fr\\\/#organization\",\"name\":\"Obi Adaptive Eating Device\",\"alternateName\":\"MeetObi\",\"url\":\"https:\\\/\\\/meetobi.com\\\/fr\\\/\",\"logo\":{\"@type\":\"ImageObject\",\"inLanguage\":\"fr-FR\",\"@id\":\"https:\\\/\\\/meetobi.com\\\/fr\\\/#\\\/schema\\\/logo\\\/image\\\/\",\"url\":\"https:\\\/\\\/d6be6d1b8c.nxcli.io\\\/wp-content\\\/uploads\\\/2022\\\/02\\\/Outdoor-Dining-with-Obi-768x433-1.jpg\",\"contentUrl\":\"https:\\\/\\\/d6be6d1b8c.nxcli.io\\\/wp-content\\\/uploads\\\/2022\\\/02\\\/Outdoor-Dining-with-Obi-768x433-1.jpg\",\"width\":768,\"height\":433,\"caption\":\"Obi Adaptive Eating Device\"},\"image\":{\"@id\":\"https:\\\/\\\/meetobi.com\\\/fr\\\/#\\\/schema\\\/logo\\\/image\\\/\"},\"sameAs\":[\"https:\\\/\\\/www.facebook.com\\\/obirobot\",\"https:\\\/\\\/x.com\\\/ObiRobot\",\"https:\\\/\\\/www.youtube.com\\\/c\\\/Meetobirobot\",\"https:\\\/\\\/www.instagram.com\\\/obirobot\"]}]}<\/script>\n<!-- \/ Yoast SEO plugin. -->","yoast_head_json":{"title":"Cours sur la justification m\u00e9dicale - Obi","robots":{"index":"index","follow":"follow","max-snippet":"max-snippet:-1","max-image-preview":"max-image-preview:large","max-video-preview":"max-video-preview:-1"},"canonical":"https:\/\/meetobi.com\/fr\/au-dela-de-lindependance\/","og_locale":"fr_FR","og_type":"article","og_title":"Cours sur la justification m\u00e9dicale - Obi","og_description":"Cours de formation continue Antidiscrimination et environnement d&rsquo;apprentissageDES\u012aN, LLC s&rsquo;engage \u00e0 fournir un environnement d&rsquo;apprentissage inclusif, respectueux et accessible \u00e0 tous les participants. La discrimination, le harc\u00e8lement ou les repr\u00e9sailles ne sont tol\u00e9r\u00e9s dans aucune activit\u00e9 de formation continue. Les apprenants sont encourag\u00e9s \u00e0 faire part de leurs pr\u00e9occupations ou \u00e0 demander des am\u00e9nagements sans Read More \u00bb","og_url":"https:\/\/meetobi.com\/fr\/au-dela-de-lindependance\/","og_site_name":"Obi","article_publisher":"https:\/\/www.facebook.com\/obirobot","article_modified_time":"2026-01-16T15:31:22+00:00","og_image":[{"width":768,"height":433,"url":"https:\/\/meetobi.com\/wp-content\/uploads\/2022\/02\/Outdoor-Dining-with-Obi-768x433-1.jpg","type":"image\/jpeg"}],"twitter_card":"summary_large_image","twitter_site":"@ObiRobot","schema":{"@context":"https:\/\/schema.org","@graph":[{"@type":"WebPage","@id":"https:\/\/meetobi.com\/fr\/au-dela-de-lindependance\/","url":"https:\/\/meetobi.com\/fr\/au-dela-de-lindependance\/","name":"Cours sur la justification m\u00e9dicale - Obi","isPartOf":{"@id":"https:\/\/meetobi.com\/fr\/#website"},"datePublished":"2025-10-31T16:03:14+00:00","dateModified":"2026-01-16T15:31:22+00:00","breadcrumb":{"@id":"https:\/\/meetobi.com\/fr\/au-dela-de-lindependance\/#breadcrumb"},"inLanguage":"fr-FR","potentialAction":[{"@type":"ReadAction","target":["https:\/\/meetobi.com\/fr\/au-dela-de-lindependance\/"]}]},{"@type":"BreadcrumbList","@id":"https:\/\/meetobi.com\/fr\/au-dela-de-lindependance\/#breadcrumb","itemListElement":[{"@type":"ListItem","position":1,"name":"Home","item":"https:\/\/meetobi.com\/fr\/"},{"@type":"ListItem","position":2,"name":"Cours sur la justification m\u00e9dicale"}]},{"@type":"WebSite","@id":"https:\/\/meetobi.com\/fr\/#website","url":"https:\/\/meetobi.com\/fr\/","name":"Obi","description":"Obi: The Independent Eating Device","publisher":{"@id":"https:\/\/meetobi.com\/fr\/#organization"},"alternateName":"Obi Adaptive Eating Device","potentialAction":[{"@type":"SearchAction","target":{"@type":"EntryPoint","urlTemplate":"https:\/\/meetobi.com\/fr\/?s={search_term_string}"},"query-input":{"@type":"PropertyValueSpecification","valueRequired":true,"valueName":"search_term_string"}}],"inLanguage":"fr-FR"},{"@type":"Organization","@id":"https:\/\/meetobi.com\/fr\/#organization","name":"Obi Adaptive Eating Device","alternateName":"MeetObi","url":"https:\/\/meetobi.com\/fr\/","logo":{"@type":"ImageObject","inLanguage":"fr-FR","@id":"https:\/\/meetobi.com\/fr\/#\/schema\/logo\/image\/","url":"https:\/\/d6be6d1b8c.nxcli.io\/wp-content\/uploads\/2022\/02\/Outdoor-Dining-with-Obi-768x433-1.jpg","contentUrl":"https:\/\/d6be6d1b8c.nxcli.io\/wp-content\/uploads\/2022\/02\/Outdoor-Dining-with-Obi-768x433-1.jpg","width":768,"height":433,"caption":"Obi Adaptive Eating Device"},"image":{"@id":"https:\/\/meetobi.com\/fr\/#\/schema\/logo\/image\/"},"sameAs":["https:\/\/www.facebook.com\/obirobot","https:\/\/x.com\/ObiRobot","https:\/\/www.youtube.com\/c\/Meetobirobot","https:\/\/www.instagram.com\/obirobot"]}]}},"jetpack_sharing_enabled":true,"_links":{"self":[{"href":"https:\/\/meetobi.com\/fr\/wp-json\/wp\/v2\/pages\/20963","targetHints":{"allow":["GET"]}}],"collection":[{"href":"https:\/\/meetobi.com\/fr\/wp-json\/wp\/v2\/pages"}],"about":[{"href":"https:\/\/meetobi.com\/fr\/wp-json\/wp\/v2\/types\/page"}],"author":[{"embeddable":true,"href":"https:\/\/meetobi.com\/fr\/wp-json\/wp\/v2\/users\/9"}],"replies":[{"embeddable":true,"href":"https:\/\/meetobi.com\/fr\/wp-json\/wp\/v2\/comments?post=20963"}],"version-history":[{"count":5,"href":"https:\/\/meetobi.com\/fr\/wp-json\/wp\/v2\/pages\/20963\/revisions"}],"predecessor-version":[{"id":21580,"href":"https:\/\/meetobi.com\/fr\/wp-json\/wp\/v2\/pages\/20963\/revisions\/21580"}],"wp:attachment":[{"href":"https:\/\/meetobi.com\/fr\/wp-json\/wp\/v2\/media?parent=20963"}],"curies":[{"name":"wp","href":"https:\/\/api.w.org\/{rel}","templated":true}]}}