{"id":15358,"date":"2022-01-26T21:36:45","date_gmt":"2022-01-26T21:36:45","guid":{"rendered":"https:\/\/meetobi.com\/ayuda\/"},"modified":"2025-11-20T14:09:29","modified_gmt":"2025-11-20T14:09:29","slug":"ayuda","status":"publish","type":"page","link":"https:\/\/meetobi.com\/es\/ayuda\/","title":{"rendered":"Ayuda"},"content":{"rendered":"\t\t<div data-elementor-type=\"wp-page\" data-elementor-id=\"15358\" class=\"elementor elementor-15358 elementor-2780\" data-elementor-post-type=\"page\">\n\t\t\t\t\t\t<section class=\"elementor-section elementor-top-section elementor-element elementor-element-00e1042 section-pts section-pbs wht mbs elementor-section-height-min-height elementor-section-boxed elementor-section-height-default elementor-section-items-middle\" data-id=\"00e1042\" data-element_type=\"section\" data-e-type=\"section\" data-settings=\"{&quot;background_background&quot;:&quot;classic&quot;}\">\n\t\t\t\t\t\t<div class=\"elementor-container elementor-column-gap-default\">\n\t\t\t\t\t<div class=\"elementor-column elementor-col-100 elementor-top-column elementor-element elementor-element-c55ec4d\" data-id=\"c55ec4d\" data-element_type=\"column\" data-e-type=\"column\">\n\t\t\t<div class=\"elementor-widget-wrap elementor-element-populated\">\n\t\t\t\t\t\t<div class=\"elementor-element elementor-element-d342da2 wht mbs elementor-widget elementor-widget-heading\" data-id=\"d342da2\" data-element_type=\"widget\" data-e-type=\"widget\" data-widget_type=\"heading.default\">\n\t\t\t\t<div class=\"elementor-widget-container\">\n\t\t\t\t\t<h1 class=\"elementor-heading-title elementor-size-default\">Ayuda<\/h1>\t\t\t\t<\/div>\n\t\t\t\t<\/div>\n\t\t\t\t<div class=\"elementor-element elementor-element-a767316 elementor-align-center mbn elementor-widget elementor-widget-breadcrumbs\" data-id=\"a767316\" data-element_type=\"widget\" data-e-type=\"widget\" data-widget_type=\"breadcrumbs.default\">\n\t\t\t\t<div class=\"elementor-widget-container\">\n\t\t\t\t\t<p id=\"breadcrumbs\"><span><span><a href=\"https:\/\/meetobi.com\/es\/\">Home<\/a><\/span><\/span><\/p>\t\t\t\t<\/div>\n\t\t\t\t<\/div>\n\t\t\t\t\t<\/div>\n\t\t<\/div>\n\t\t\t\t\t<\/div>\n\t\t<\/section>\n\t\t\t\t<section class=\"elementor-section elementor-top-section elementor-element elementor-element-a74ee78 section-pts elementor-section-boxed elementor-section-height-default elementor-section-height-default section-default-pad\" data-id=\"a74ee78\" data-element_type=\"section\" data-e-type=\"section\">\n\t\t\t\t\t\t<div class=\"elementor-container elementor-column-gap-default\">\n\t\t\t\t\t<div class=\"elementor-column elementor-col-100 elementor-top-column elementor-element elementor-element-9dda51a\" data-id=\"9dda51a\" data-element_type=\"column\" data-e-type=\"column\">\n\t\t\t<div class=\"elementor-widget-wrap elementor-element-populated\">\n\t\t\t\t\t\t<div class=\"elementor-element elementor-element-c1be73f text-narrow-centered elementor-widget elementor-widget-heading\" data-id=\"c1be73f\" data-element_type=\"widget\" data-e-type=\"widget\" data-widget_type=\"heading.default\">\n\t\t\t\t<div class=\"elementor-widget-container\">\n\t\t\t\t\t<h5 class=\"elementor-heading-title elementor-size-default\">Para asistencia sobre dispositivos o problemas, rellena el formulario \ny nuestro equipo de servicio se pondr\u00e1 en contacto contigo en breve.<\/h5>\t\t\t\t<\/div>\n\t\t\t\t<\/div>\n\t\t\t\t<section class=\"elementor-section elementor-inner-section elementor-element elementor-element-ade7d77 section-ptn section-pbn elementor-section-boxed elementor-section-height-default elementor-section-height-default\" data-id=\"ade7d77\" data-element_type=\"section\" data-e-type=\"section\">\n\t\t\t\t\t\t<div class=\"elementor-container elementor-column-gap-default\">\n\t\t\t\t\t<div class=\"elementor-column elementor-col-100 elementor-inner-column elementor-element elementor-element-c653488\" data-id=\"c653488\" data-element_type=\"column\" data-e-type=\"column\">\n\t\t\t<div class=\"elementor-widget-wrap elementor-element-populated\">\n\t\t\t\t\t\t<div class=\"elementor-element elementor-element-21d1c2f elementor-widget elementor-widget-html\" data-id=\"21d1c2f\" data-element_type=\"widget\" data-e-type=\"widget\" data-widget_type=\"html.default\">\n\t\t\t\t<div class=\"elementor-widget-container\">\n\t\t\t\t\t<!--[if lte IE 8]>\n<script charset=\"utf-8\" type=\"text\/javascript\" src=\"\/\/js.hsforms.net\/forms\/v2-legacy.js\"><\/script>\n<![endif]-->\n<script charset=\"utf-8\" type=\"text\/javascript\" src=\"\/\/js.hsforms.net\/forms\/v2.js\"><\/script>\n<script>\nhbspt.forms.create({\nregion: \"na1\",\nportalId: \"20523599\",\nformId: \"0761c020-9900-40d9-b8bd-45f5bd1958f6\"\n});\n<\/script>\t\t\t\t<\/div>\n\t\t\t\t<\/div>\n\t\t\t\t\t<\/div>\n\t\t<\/div>\n\t\t\t\t\t<\/div>\n\t\t<\/section>\n\t\t\t\t\t<\/div>\n\t\t<\/div>\n\t\t\t\t\t<\/div>\n\t\t<\/section>\n\t\t<div class=\"elementor-element elementor-element-ad4dcb1 e-flex e-con-boxed e-con e-parent\" data-id=\"ad4dcb1\" data-element_type=\"container\" data-e-type=\"container\">\n\t\t\t\t\t<div class=\"e-con-inner\">\n\t\t<div class=\"elementor-element elementor-element-869ac37 e-con-full e-flex e-con e-child\" data-id=\"869ac37\" data-element_type=\"container\" data-e-type=\"container\">\n\t\t\t\t<div class=\"elementor-element elementor-element-9e5cb96 elementor-widget elementor-widget-heading\" data-id=\"9e5cb96\" data-element_type=\"widget\" data-e-type=\"widget\" data-widget_type=\"heading.default\">\n\t\t\t\t<div class=\"elementor-widget-container\">\n\t\t\t\t\t<h3 class=\"elementor-heading-title elementor-size-default\">M\u00e1s informaci\u00f3n sobre c\u00f3mo Obi hace posible la alimentaci\u00f3n independiente<\/h3>\t\t\t\t<\/div>\n\t\t\t\t<\/div>\n\t\t\t\t<div class=\"elementor-element elementor-element-0d119bf elementor-widget elementor-widget-text-editor\" data-id=\"0d119bf\" data-element_type=\"widget\" data-e-type=\"widget\" data-widget_type=\"text-editor.default\">\n\t\t\t\t<div class=\"elementor-widget-container\">\n\t\t\t\t\t\t\t\t\t<p>Obi es un <a href=\"\/\"><strong>Dispositivo para Comer<\/strong><\/a> dise\u00f1ado para ayudar a adultos y ni\u00f1os con discapacidades o deficiencias f\u00edsicas que necesitan ayuda en el proceso de autoalimentaci\u00f3n. Incluye una unidad base multisensorial e interactiva que puede utilizarse con casi cualquier tipo de alimento. <\/p><p>Con Obi, los usuarios se implican m\u00e1s en la experiencia de la comida, a la vez que ganan independencia y confianza al comer de forma independiente.<\/p>\t\t\t\t\t\t\t\t<\/div>\n\t\t\t\t<\/div>\n\t\t\t\t<div class=\"elementor-element elementor-element-55a63c7 elementor-align-left elementor-mobile-align-left elementor-widget elementor-widget-button\" data-id=\"55a63c7\" data-element_type=\"widget\" data-e-type=\"widget\" data-widget_type=\"button.default\">\n\t\t\t\t<div class=\"elementor-widget-container\">\n\t\t\t\t\t\t\t\t\t<div class=\"elementor-button-wrapper\">\n\t\t\t\t\t<a class=\"elementor-button elementor-button-link elementor-size-sm\" href=\"https:\/\/meetobi.com\/es\/conoce-a-obi\/\" rel=\"nofollow\">\n\t\t\t\t\t\t<span class=\"elementor-button-content-wrapper\">\n\t\t\t\t\t\t\t\t\t<span class=\"elementor-button-text\">M\u00e1s informaci\u00f3n sobre Obi<\/span>\n\t\t\t\t\t<\/span>\n\t\t\t\t\t<\/a>\n\t\t\t\t<\/div>\n\t\t\t\t\t\t\t\t<\/div>\n\t\t\t\t<\/div>\n\t\t\t\t<\/div>\n\t\t<div class=\"elementor-element elementor-element-246d47f e-con-full e-flex e-con e-child\" data-id=\"246d47f\" data-element_type=\"container\" data-e-type=\"container\">\n\t\t\t\t<div class=\"elementor-element elementor-element-81ae234 elementor-widget elementor-widget-image\" data-id=\"81ae234\" data-element_type=\"widget\" data-e-type=\"widget\" data-widget_type=\"image.default\">\n\t\t\t\t<div class=\"elementor-widget-container\">\n\t\t\t\t\t\t\t\t\t\t\t\t\t\t\t<img fetchpriority=\"high\" decoding=\"async\" width=\"800\" height=\"534\" src=\"https:\/\/meetobi.com\/wp-content\/uploads\/2024\/05\/IMG_0251-1024x683.jpg\" class=\"attachment-large size-large wp-image-12328\" alt=\"\" srcset=\"https:\/\/meetobi.com\/wp-content\/uploads\/2024\/05\/IMG_0251-1024x683.jpg 1024w, https:\/\/meetobi.com\/wp-content\/uploads\/2024\/05\/IMG_0251-300x200.jpg 300w, https:\/\/meetobi.com\/wp-content\/uploads\/2024\/05\/IMG_0251-768x512.jpg 768w, https:\/\/meetobi.com\/wp-content\/uploads\/2024\/05\/IMG_0251-1536x1024.jpg 1536w, https:\/\/meetobi.com\/wp-content\/uploads\/2024\/05\/IMG_0251-2048x1365.jpg 2048w, https:\/\/meetobi.com\/wp-content\/uploads\/2024\/05\/IMG_0251-1320x880.jpg 1320w, https:\/\/meetobi.com\/wp-content\/uploads\/2024\/05\/IMG_0251-600x400.jpg 600w\" sizes=\"(max-width: 800px) 100vw, 800px\" \/>\t\t\t\t\t\t\t\t\t\t\t\t\t\t\t<\/div>\n\t\t\t\t<\/div>\n\t\t\t\t<\/div>\n\t\t\t\t\t<\/div>\n\t\t\t\t<\/div>\n\t\t\t\t<\/div>\n\t\t","protected":false},"excerpt":{"rendered":"<p>Obi es un Dispositivo de Alimentaci\u00f3n Adaptada dise\u00f1ado para ayudar a adultos y ni\u00f1os con discapacidades o deficiencias f\u00edsicas que necesitan ayuda en el proceso de autoalimentaci\u00f3n. Incluye una unidad base multisensorial e interactiva que puede utilizarse con casi cualquier tipo de alimento. <\/p>\n","protected":false},"author":1,"featured_media":20216,"parent":0,"menu_order":13,"comment_status":"closed","ping_status":"closed","template":"","meta":{"content-type":"","footnotes":""},"class_list":["post-15358","page","type-page","status-publish","has-post-thumbnail","hentry"],"yoast_head":"<!-- This site is optimized with the Yoast SEO plugin v27.4 - https:\/\/yoast.com\/product\/yoast-seo-wordpress\/ -->\n<title>Obt\u00e9n ayuda y soporte para Obi - Obi<\/title>\n<meta name=\"description\" content=\"\u00bfNecesitas ayuda con tu dispositivo Obi? Estamos aqu\u00ed para ayudarte. Env\u00eda una solicitud de asistencia. Nuestro equipo de servicio se pondr\u00e1 en contacto contigo en breve.\" \/>\n<meta name=\"robots\" content=\"index, follow, max-snippet:-1, max-image-preview:large, max-video-preview:-1\" \/>\n<link rel=\"canonical\" href=\"https:\/\/meetobi.com\/es\/ayuda\/\" \/>\n<meta property=\"og:locale\" content=\"es_ES\" \/>\n<meta property=\"og:type\" content=\"article\" \/>\n<meta property=\"og:title\" content=\"Obt\u00e9n ayuda y soporte para Obi - Obi\" \/>\n<meta property=\"og:description\" content=\"\u00bfNecesitas ayuda con tu dispositivo Obi? Estamos aqu\u00ed para ayudarte. Env\u00eda una solicitud de asistencia. Nuestro equipo de servicio se pondr\u00e1 en contacto contigo en breve.\" \/>\n<meta property=\"og:url\" content=\"https:\/\/meetobi.com\/es\/ayuda\/\" \/>\n<meta property=\"og:site_name\" content=\"Obi\" \/>\n<meta property=\"article:publisher\" content=\"https:\/\/www.facebook.com\/obirobot\" \/>\n<meta property=\"article:modified_time\" content=\"2025-11-20T14:09:29+00:00\" \/>\n<meta property=\"og:image\" content=\"https:\/\/meetobi.com\/wp-content\/uploads\/2023\/01\/Alan-Veteran-using-obi-at-home-dinner-table.webp\" \/>\n\t<meta property=\"og:image:width\" content=\"1920\" \/>\n\t<meta property=\"og:image:height\" content=\"1470\" \/>\n\t<meta property=\"og:image:type\" content=\"image\/webp\" \/>\n<meta name=\"twitter:card\" content=\"summary_large_image\" \/>\n<meta name=\"twitter:site\" content=\"@ObiRobot\" \/>\n<meta name=\"twitter:label1\" content=\"Tiempo de lectura\" \/>\n\t<meta name=\"twitter:data1\" content=\"1 minuto\" \/>\n<script type=\"application\/ld+json\" class=\"yoast-schema-graph\">{\"@context\":\"https:\\\/\\\/schema.org\",\"@graph\":[{\"@type\":\"WebPage\",\"@id\":\"https:\\\/\\\/meetobi.com\\\/es\\\/ayuda\\\/\",\"url\":\"https:\\\/\\\/meetobi.com\\\/es\\\/ayuda\\\/\",\"name\":\"Obt\u00e9n ayuda y soporte para Obi - Obi\",\"isPartOf\":{\"@id\":\"https:\\\/\\\/meetobi.com\\\/es\\\/#website\"},\"primaryImageOfPage\":{\"@id\":\"https:\\\/\\\/meetobi.com\\\/es\\\/ayuda\\\/#primaryimage\"},\"image\":{\"@id\":\"https:\\\/\\\/meetobi.com\\\/es\\\/ayuda\\\/#primaryimage\"},\"thumbnailUrl\":\"https:\\\/\\\/meetobi.com\\\/wp-content\\\/uploads\\\/2023\\\/01\\\/Alan-Veteran-using-obi-at-home-dinner-table.webp\",\"datePublished\":\"2022-01-26T21:36:45+00:00\",\"dateModified\":\"2025-11-20T14:09:29+00:00\",\"description\":\"\u00bfNecesitas ayuda con tu dispositivo Obi? Estamos aqu\u00ed para ayudarte. Env\u00eda una solicitud de asistencia. Nuestro equipo de servicio se pondr\u00e1 en contacto contigo en breve.\",\"breadcrumb\":{\"@id\":\"https:\\\/\\\/meetobi.com\\\/es\\\/ayuda\\\/#breadcrumb\"},\"inLanguage\":\"es\",\"potentialAction\":[{\"@type\":\"ReadAction\",\"target\":[\"https:\\\/\\\/meetobi.com\\\/es\\\/ayuda\\\/\"]}]},{\"@type\":\"ImageObject\",\"inLanguage\":\"es\",\"@id\":\"https:\\\/\\\/meetobi.com\\\/es\\\/ayuda\\\/#primaryimage\",\"url\":\"https:\\\/\\\/meetobi.com\\\/wp-content\\\/uploads\\\/2023\\\/01\\\/Alan-Veteran-using-obi-at-home-dinner-table.webp\",\"contentUrl\":\"https:\\\/\\\/meetobi.com\\\/wp-content\\\/uploads\\\/2023\\\/01\\\/Alan-Veteran-using-obi-at-home-dinner-table.webp\",\"width\":1920,\"height\":1470,\"caption\":\"Photo is of an Obi user, Alan, who is a veteran, using Obi at home\"},{\"@type\":\"BreadcrumbList\",\"@id\":\"https:\\\/\\\/meetobi.com\\\/es\\\/ayuda\\\/#breadcrumb\",\"itemListElement\":[{\"@type\":\"ListItem\",\"position\":1,\"name\":\"Home\",\"item\":\"https:\\\/\\\/meetobi.com\\\/es\\\/\"},{\"@type\":\"ListItem\",\"position\":2,\"name\":\"Ayuda\"}]},{\"@type\":\"WebSite\",\"@id\":\"https:\\\/\\\/meetobi.com\\\/es\\\/#website\",\"url\":\"https:\\\/\\\/meetobi.com\\\/es\\\/\",\"name\":\"Obi\",\"description\":\"Obi: The Independent Eating Device\",\"publisher\":{\"@id\":\"https:\\\/\\\/meetobi.com\\\/es\\\/#organization\"},\"alternateName\":\"Obi Adaptive Eating Device\",\"potentialAction\":[{\"@type\":\"SearchAction\",\"target\":{\"@type\":\"EntryPoint\",\"urlTemplate\":\"https:\\\/\\\/meetobi.com\\\/es\\\/?s={search_term_string}\"},\"query-input\":{\"@type\":\"PropertyValueSpecification\",\"valueRequired\":true,\"valueName\":\"search_term_string\"}}],\"inLanguage\":\"es\"},{\"@type\":\"Organization\",\"@id\":\"https:\\\/\\\/meetobi.com\\\/es\\\/#organization\",\"name\":\"Obi Adaptive Eating Device\",\"alternateName\":\"MeetObi\",\"url\":\"https:\\\/\\\/meetobi.com\\\/es\\\/\",\"logo\":{\"@type\":\"ImageObject\",\"inLanguage\":\"es\",\"@id\":\"https:\\\/\\\/meetobi.com\\\/es\\\/#\\\/schema\\\/logo\\\/image\\\/\",\"url\":\"https:\\\/\\\/d6be6d1b8c.nxcli.io\\\/wp-content\\\/uploads\\\/2022\\\/02\\\/Outdoor-Dining-with-Obi-768x433-1.jpg\",\"contentUrl\":\"https:\\\/\\\/d6be6d1b8c.nxcli.io\\\/wp-content\\\/uploads\\\/2022\\\/02\\\/Outdoor-Dining-with-Obi-768x433-1.jpg\",\"width\":768,\"height\":433,\"caption\":\"Obi Adaptive Eating Device\"},\"image\":{\"@id\":\"https:\\\/\\\/meetobi.com\\\/es\\\/#\\\/schema\\\/logo\\\/image\\\/\"},\"sameAs\":[\"https:\\\/\\\/www.facebook.com\\\/obirobot\",\"https:\\\/\\\/x.com\\\/ObiRobot\",\"https:\\\/\\\/www.youtube.com\\\/c\\\/Meetobirobot\",\"https:\\\/\\\/www.instagram.com\\\/obirobot\"]}]}<\/script>\n<!-- \/ Yoast SEO plugin. -->","yoast_head_json":{"title":"Obt\u00e9n ayuda y soporte para Obi - Obi","description":"\u00bfNecesitas ayuda con tu dispositivo Obi? Estamos aqu\u00ed para ayudarte. Env\u00eda una solicitud de asistencia. Nuestro equipo de servicio se pondr\u00e1 en contacto contigo en breve.","robots":{"index":"index","follow":"follow","max-snippet":"max-snippet:-1","max-image-preview":"max-image-preview:large","max-video-preview":"max-video-preview:-1"},"canonical":"https:\/\/meetobi.com\/es\/ayuda\/","og_locale":"es_ES","og_type":"article","og_title":"Obt\u00e9n ayuda y soporte para Obi - Obi","og_description":"\u00bfNecesitas ayuda con tu dispositivo Obi? Estamos aqu\u00ed para ayudarte. Env\u00eda una solicitud de asistencia. Nuestro equipo de servicio se pondr\u00e1 en contacto contigo en breve.","og_url":"https:\/\/meetobi.com\/es\/ayuda\/","og_site_name":"Obi","article_publisher":"https:\/\/www.facebook.com\/obirobot","article_modified_time":"2025-11-20T14:09:29+00:00","og_image":[{"width":1920,"height":1470,"url":"https:\/\/meetobi.com\/wp-content\/uploads\/2023\/01\/Alan-Veteran-using-obi-at-home-dinner-table.webp","type":"image\/webp"}],"twitter_card":"summary_large_image","twitter_site":"@ObiRobot","twitter_misc":{"Tiempo de lectura":"1 minuto"},"schema":{"@context":"https:\/\/schema.org","@graph":[{"@type":"WebPage","@id":"https:\/\/meetobi.com\/es\/ayuda\/","url":"https:\/\/meetobi.com\/es\/ayuda\/","name":"Obt\u00e9n ayuda y soporte para Obi - Obi","isPartOf":{"@id":"https:\/\/meetobi.com\/es\/#website"},"primaryImageOfPage":{"@id":"https:\/\/meetobi.com\/es\/ayuda\/#primaryimage"},"image":{"@id":"https:\/\/meetobi.com\/es\/ayuda\/#primaryimage"},"thumbnailUrl":"https:\/\/meetobi.com\/wp-content\/uploads\/2023\/01\/Alan-Veteran-using-obi-at-home-dinner-table.webp","datePublished":"2022-01-26T21:36:45+00:00","dateModified":"2025-11-20T14:09:29+00:00","description":"\u00bfNecesitas ayuda con tu dispositivo Obi? Estamos aqu\u00ed para ayudarte. Env\u00eda una solicitud de asistencia. Nuestro equipo de servicio se pondr\u00e1 en contacto contigo en breve.","breadcrumb":{"@id":"https:\/\/meetobi.com\/es\/ayuda\/#breadcrumb"},"inLanguage":"es","potentialAction":[{"@type":"ReadAction","target":["https:\/\/meetobi.com\/es\/ayuda\/"]}]},{"@type":"ImageObject","inLanguage":"es","@id":"https:\/\/meetobi.com\/es\/ayuda\/#primaryimage","url":"https:\/\/meetobi.com\/wp-content\/uploads\/2023\/01\/Alan-Veteran-using-obi-at-home-dinner-table.webp","contentUrl":"https:\/\/meetobi.com\/wp-content\/uploads\/2023\/01\/Alan-Veteran-using-obi-at-home-dinner-table.webp","width":1920,"height":1470,"caption":"Photo is of an Obi user, Alan, who is a veteran, using Obi at home"},{"@type":"BreadcrumbList","@id":"https:\/\/meetobi.com\/es\/ayuda\/#breadcrumb","itemListElement":[{"@type":"ListItem","position":1,"name":"Home","item":"https:\/\/meetobi.com\/es\/"},{"@type":"ListItem","position":2,"name":"Ayuda"}]},{"@type":"WebSite","@id":"https:\/\/meetobi.com\/es\/#website","url":"https:\/\/meetobi.com\/es\/","name":"Obi","description":"Obi: The Independent Eating Device","publisher":{"@id":"https:\/\/meetobi.com\/es\/#organization"},"alternateName":"Obi Adaptive Eating Device","potentialAction":[{"@type":"SearchAction","target":{"@type":"EntryPoint","urlTemplate":"https:\/\/meetobi.com\/es\/?s={search_term_string}"},"query-input":{"@type":"PropertyValueSpecification","valueRequired":true,"valueName":"search_term_string"}}],"inLanguage":"es"},{"@type":"Organization","@id":"https:\/\/meetobi.com\/es\/#organization","name":"Obi Adaptive Eating Device","alternateName":"MeetObi","url":"https:\/\/meetobi.com\/es\/","logo":{"@type":"ImageObject","inLanguage":"es","@id":"https:\/\/meetobi.com\/es\/#\/schema\/logo\/image\/","url":"https:\/\/d6be6d1b8c.nxcli.io\/wp-content\/uploads\/2022\/02\/Outdoor-Dining-with-Obi-768x433-1.jpg","contentUrl":"https:\/\/d6be6d1b8c.nxcli.io\/wp-content\/uploads\/2022\/02\/Outdoor-Dining-with-Obi-768x433-1.jpg","width":768,"height":433,"caption":"Obi Adaptive Eating Device"},"image":{"@id":"https:\/\/meetobi.com\/es\/#\/schema\/logo\/image\/"},"sameAs":["https:\/\/www.facebook.com\/obirobot","https:\/\/x.com\/ObiRobot","https:\/\/www.youtube.com\/c\/Meetobirobot","https:\/\/www.instagram.com\/obirobot"]}]}},"jetpack_sharing_enabled":true,"_links":{"self":[{"href":"https:\/\/meetobi.com\/es\/wp-json\/wp\/v2\/pages\/15358","targetHints":{"allow":["GET"]}}],"collection":[{"href":"https:\/\/meetobi.com\/es\/wp-json\/wp\/v2\/pages"}],"about":[{"href":"https:\/\/meetobi.com\/es\/wp-json\/wp\/v2\/types\/page"}],"author":[{"embeddable":true,"href":"https:\/\/meetobi.com\/es\/wp-json\/wp\/v2\/users\/1"}],"replies":[{"embeddable":true,"href":"https:\/\/meetobi.com\/es\/wp-json\/wp\/v2\/comments?post=15358"}],"version-history":[{"count":4,"href":"https:\/\/meetobi.com\/es\/wp-json\/wp\/v2\/pages\/15358\/revisions"}],"predecessor-version":[{"id":21055,"href":"https:\/\/meetobi.com\/es\/wp-json\/wp\/v2\/pages\/15358\/revisions\/21055"}],"wp:featuredmedia":[{"embeddable":true,"href":"https:\/\/meetobi.com\/es\/wp-json\/wp\/v2\/media\/20216"}],"wp:attachment":[{"href":"https:\/\/meetobi.com\/es\/wp-json\/wp\/v2\/media?parent=15358"}],"curies":[{"name":"wp","href":"https:\/\/api.w.org\/{rel}","templated":true}]}}