{"id":7937,"date":"2022-01-26T21:36:45","date_gmt":"2022-01-26T21:36:45","guid":{"rendered":"https:\/\/d6be6d1b8c.nxcli.io\/unterstuetzung\/"},"modified":"2025-11-20T14:09:30","modified_gmt":"2025-11-20T14:09:30","slug":"unterstuetzung","status":"publish","type":"page","link":"https:\/\/meetobi.com\/de\/unterstuetzung\/","title":{"rendered":"Unterst\u00fctzung"},"content":{"rendered":"\t\t<div data-elementor-type=\"wp-page\" data-elementor-id=\"7937\" class=\"elementor elementor-7937 elementor-2780\" data-elementor-post-type=\"page\">\n\t\t\t\t\t\t<section class=\"elementor-section elementor-top-section elementor-element elementor-element-00e1042 section-pts section-pbs wht mbs elementor-section-height-min-height elementor-section-boxed elementor-section-height-default elementor-section-items-middle\" data-id=\"00e1042\" data-element_type=\"section\" data-e-type=\"section\" data-settings=\"{&quot;background_background&quot;:&quot;classic&quot;}\">\n\t\t\t\t\t\t<div class=\"elementor-container elementor-column-gap-default\">\n\t\t\t\t\t<div class=\"elementor-column elementor-col-100 elementor-top-column elementor-element elementor-element-c55ec4d\" data-id=\"c55ec4d\" data-element_type=\"column\" data-e-type=\"column\">\n\t\t\t<div class=\"elementor-widget-wrap elementor-element-populated\">\n\t\t\t\t\t\t<div class=\"elementor-element elementor-element-d342da2 wht mbs elementor-widget elementor-widget-heading\" data-id=\"d342da2\" data-element_type=\"widget\" data-e-type=\"widget\" data-widget_type=\"heading.default\">\n\t\t\t\t<div class=\"elementor-widget-container\">\n\t\t\t\t\t<h1 class=\"elementor-heading-title elementor-size-default\">Unterst\u00fctzung<\/h1>\t\t\t\t<\/div>\n\t\t\t\t<\/div>\n\t\t\t\t<div class=\"elementor-element elementor-element-a767316 elementor-align-center mbn elementor-widget elementor-widget-breadcrumbs\" data-id=\"a767316\" data-element_type=\"widget\" data-e-type=\"widget\" data-widget_type=\"breadcrumbs.default\">\n\t\t\t\t<div class=\"elementor-widget-container\">\n\t\t\t\t\t<p id=\"breadcrumbs\"><span><span><a href=\"https:\/\/meetobi.com\/de\/\">Home<\/a><\/span><\/span><\/p>\t\t\t\t<\/div>\n\t\t\t\t<\/div>\n\t\t\t\t\t<\/div>\n\t\t<\/div>\n\t\t\t\t\t<\/div>\n\t\t<\/section>\n\t\t\t\t<section class=\"elementor-section elementor-top-section elementor-element elementor-element-a74ee78 section-pts elementor-section-boxed elementor-section-height-default elementor-section-height-default section-default-pad\" data-id=\"a74ee78\" data-element_type=\"section\" data-e-type=\"section\">\n\t\t\t\t\t\t<div class=\"elementor-container elementor-column-gap-default\">\n\t\t\t\t\t<div class=\"elementor-column elementor-col-100 elementor-top-column elementor-element elementor-element-9dda51a\" data-id=\"9dda51a\" data-element_type=\"column\" data-e-type=\"column\">\n\t\t\t<div class=\"elementor-widget-wrap elementor-element-populated\">\n\t\t\t\t\t\t<div class=\"elementor-element elementor-element-c1be73f text-narrow-centered elementor-widget elementor-widget-heading\" data-id=\"c1be73f\" data-element_type=\"widget\" data-e-type=\"widget\" data-widget_type=\"heading.default\">\n\t\t\t\t<div class=\"elementor-widget-container\">\n\t\t\t\t\t<h5 class=\"elementor-heading-title elementor-size-default\">F\u00fcr Ger\u00e4tesupport oder Probleme f\u00fcllen Sie bitte das Formular \naus und unser Serviceteam wird sich in K\u00fcrze mit Ihnen in Verbindung setzen!<\/h5>\t\t\t\t<\/div>\n\t\t\t\t<\/div>\n\t\t\t\t<section class=\"elementor-section elementor-inner-section elementor-element elementor-element-ade7d77 section-ptn section-pbn elementor-section-boxed elementor-section-height-default elementor-section-height-default\" data-id=\"ade7d77\" data-element_type=\"section\" data-e-type=\"section\">\n\t\t\t\t\t\t<div class=\"elementor-container elementor-column-gap-default\">\n\t\t\t\t\t<div class=\"elementor-column elementor-col-100 elementor-inner-column elementor-element elementor-element-c653488\" data-id=\"c653488\" data-element_type=\"column\" data-e-type=\"column\">\n\t\t\t<div class=\"elementor-widget-wrap elementor-element-populated\">\n\t\t\t\t\t\t<div class=\"elementor-element elementor-element-21d1c2f elementor-widget elementor-widget-html\" data-id=\"21d1c2f\" data-element_type=\"widget\" data-e-type=\"widget\" data-widget_type=\"html.default\">\n\t\t\t\t<div class=\"elementor-widget-container\">\n\t\t\t\t\t<!--[if lte IE 8]>\n<script charset=\"utf-8\" type=\"text\/javascript\" src=\"\/\/js.hsforms.net\/forms\/v2-legacy.js\"><\/script>\n<![endif]-->\n<script charset=\"utf-8\" type=\"text\/javascript\" src=\"\/\/js.hsforms.net\/forms\/v2.js\"><\/script>\n<script>\nhbspt.forms.create({\nregion: \"na1\",\nportalId: \"20523599\",\nformId: \"0761c020-9900-40d9-b8bd-45f5bd1958f6\"\n});\n<\/script>\t\t\t\t<\/div>\n\t\t\t\t<\/div>\n\t\t\t\t\t<\/div>\n\t\t<\/div>\n\t\t\t\t\t<\/div>\n\t\t<\/section>\n\t\t\t\t\t<\/div>\n\t\t<\/div>\n\t\t\t\t\t<\/div>\n\t\t<\/section>\n\t\t<div class=\"elementor-element elementor-element-ad4dcb1 e-flex e-con-boxed e-con e-parent\" data-id=\"ad4dcb1\" data-element_type=\"container\" data-e-type=\"container\">\n\t\t\t\t\t<div class=\"e-con-inner\">\n\t\t<div class=\"elementor-element elementor-element-869ac37 e-con-full e-flex e-con e-child\" data-id=\"869ac37\" data-element_type=\"container\" data-e-type=\"container\">\n\t\t\t\t<div class=\"elementor-element elementor-element-9e5cb96 elementor-widget elementor-widget-heading\" data-id=\"9e5cb96\" data-element_type=\"widget\" data-e-type=\"widget\" data-widget_type=\"heading.default\">\n\t\t\t\t<div class=\"elementor-widget-container\">\n\t\t\t\t\t<h3 class=\"elementor-heading-title elementor-size-default\">Erfahren Sie mehr dar\u00fcber, wie Obi eine unabh\u00e4ngige Ern\u00e4hrung erm\u00f6glicht<\/h3>\t\t\t\t<\/div>\n\t\t\t\t<\/div>\n\t\t\t\t<div class=\"elementor-element elementor-element-0d119bf elementor-widget elementor-widget-text-editor\" data-id=\"0d119bf\" data-element_type=\"widget\" data-e-type=\"widget\" data-widget_type=\"text-editor.default\">\n\t\t\t\t<div class=\"elementor-widget-container\">\n\t\t\t\t\t\t\t\t\t<p>Obi ist ein <a href=\"\/\"><strong>Essenshilfe<\/strong><\/a> entwickelt, um Erwachsenen und Kindern mit k\u00f6rperlichen Behinderungen oder Beeintr\u00e4chtigungen zu helfen, die Unterst\u00fctzung bei der Selbstern\u00e4hrung ben\u00f6tigen. Es umfasst eine multisensorische, interaktive Basiseinheit, die mit fast allen Lebensmitteln verwendet werden kann.<\/p><p>Mit Obi werden die Nutzer st\u00e4rker in die Mahlzeiten einbezogen und gewinnen an Unabh\u00e4ngigkeit und Selbstvertrauen beim selbstst\u00e4ndigen Essen.<\/p>\t\t\t\t\t\t\t\t<\/div>\n\t\t\t\t<\/div>\n\t\t\t\t<div class=\"elementor-element elementor-element-55a63c7 elementor-align-left elementor-mobile-align-left elementor-widget elementor-widget-button\" data-id=\"55a63c7\" data-element_type=\"widget\" data-e-type=\"widget\" data-widget_type=\"button.default\">\n\t\t\t\t<div class=\"elementor-widget-container\">\n\t\t\t\t\t\t\t\t\t<div class=\"elementor-button-wrapper\">\n\t\t\t\t\t<a class=\"elementor-button elementor-button-link elementor-size-sm\" href=\"https:\/\/meetobi.com\/meet-obi\/\" rel=\"nofollow\">\n\t\t\t\t\t\t<span class=\"elementor-button-content-wrapper\">\n\t\t\t\t\t\t\t\t\t<span class=\"elementor-button-text\">Erfahren Sie mehr \u00fcber Obi<\/span>\n\t\t\t\t\t<\/span>\n\t\t\t\t\t<\/a>\n\t\t\t\t<\/div>\n\t\t\t\t\t\t\t\t<\/div>\n\t\t\t\t<\/div>\n\t\t\t\t<\/div>\n\t\t<div class=\"elementor-element elementor-element-246d47f e-con-full e-flex e-con e-child\" data-id=\"246d47f\" data-element_type=\"container\" data-e-type=\"container\">\n\t\t\t\t<div class=\"elementor-element elementor-element-81ae234 elementor-widget elementor-widget-image\" data-id=\"81ae234\" data-element_type=\"widget\" data-e-type=\"widget\" data-widget_type=\"image.default\">\n\t\t\t\t<div class=\"elementor-widget-container\">\n\t\t\t\t\t\t\t\t\t\t\t\t\t\t\t<img fetchpriority=\"high\" decoding=\"async\" width=\"800\" height=\"534\" src=\"https:\/\/meetobi.com\/wp-content\/uploads\/2024\/05\/IMG_0251-1024x683.jpg\" class=\"attachment-large size-large wp-image-12332\" alt=\"\" srcset=\"https:\/\/meetobi.com\/wp-content\/uploads\/2024\/05\/IMG_0251-1024x683.jpg 1024w, https:\/\/meetobi.com\/wp-content\/uploads\/2024\/05\/IMG_0251-300x200.jpg 300w, https:\/\/meetobi.com\/wp-content\/uploads\/2024\/05\/IMG_0251-768x512.jpg 768w, https:\/\/meetobi.com\/wp-content\/uploads\/2024\/05\/IMG_0251-1536x1024.jpg 1536w, https:\/\/meetobi.com\/wp-content\/uploads\/2024\/05\/IMG_0251-2048x1365.jpg 2048w, https:\/\/meetobi.com\/wp-content\/uploads\/2024\/05\/IMG_0251-1320x880.jpg 1320w, https:\/\/meetobi.com\/wp-content\/uploads\/2024\/05\/IMG_0251-600x400.jpg 600w\" sizes=\"(max-width: 800px) 100vw, 800px\" \/>\t\t\t\t\t\t\t\t\t\t\t\t\t\t\t<\/div>\n\t\t\t\t<\/div>\n\t\t\t\t<\/div>\n\t\t\t\t\t<\/div>\n\t\t\t\t<\/div>\n\t\t\t\t<\/div>\n\t\t","protected":false},"excerpt":{"rendered":"<p>Obi ist ein adaptives Essger\u00e4t, das f\u00fcr Erwachsene und Kinder mit k\u00f6rperlichen Behinderungen oder Beeintr\u00e4chtigungen entwickelt wurde, die Unterst\u00fctzung bei der Selbstern\u00e4hrung ben\u00f6tigen. Es umfasst eine multisensorische, interaktive Basiseinheit, die mit fast allen Lebensmitteln verwendet werden kann. <\/p>\n","protected":false},"author":1,"featured_media":7832,"parent":0,"menu_order":13,"comment_status":"closed","ping_status":"closed","template":"","meta":{"content-type":"","footnotes":""},"class_list":["post-7937","page","type-page","status-publish","has-post-thumbnail","hentry"],"yoast_head":"<!-- This site is optimized with the Yoast SEO plugin v27.4 - https:\/\/yoast.com\/product\/yoast-seo-wordpress\/ -->\n<title>Hilfe und Support f\u00fcr Obi - Obi<\/title>\n<meta name=\"description\" content=\"Ben\u00f6tigen Sie Hilfe mit Ihrem Obi-Ger\u00e4t? Wir sind hier, um zu helfen! Stellen Sie einen Antrag auf Unterst\u00fctzung. Unser Serviceteam wird Sie bald kontaktieren!\" \/>\n<meta name=\"robots\" content=\"index, follow, max-snippet:-1, max-image-preview:large, max-video-preview:-1\" \/>\n<link rel=\"canonical\" href=\"https:\/\/meetobi.com\/de\/unterstuetzung\/\" \/>\n<meta property=\"og:locale\" content=\"de_DE\" \/>\n<meta property=\"og:type\" content=\"article\" \/>\n<meta property=\"og:title\" content=\"Hilfe und Support f\u00fcr Obi - Obi\" \/>\n<meta property=\"og:description\" content=\"Ben\u00f6tigen Sie Hilfe mit Ihrem Obi-Ger\u00e4t? Wir sind hier, um zu helfen! Stellen Sie einen Antrag auf Unterst\u00fctzung. Unser Serviceteam wird Sie bald kontaktieren!\" \/>\n<meta property=\"og:url\" content=\"https:\/\/meetobi.com\/de\/unterstuetzung\/\" \/>\n<meta property=\"og:site_name\" content=\"Obi\" \/>\n<meta property=\"article:publisher\" content=\"https:\/\/www.facebook.com\/obirobot\" \/>\n<meta property=\"article:modified_time\" content=\"2025-11-20T14:09:30+00:00\" \/>\n<meta property=\"og:image\" content=\"https:\/\/meetobi.com\/wp-content\/uploads\/2023\/01\/Alan-Veteran-using-obi-at-home-dinner-table.webp\" \/>\n\t<meta property=\"og:image:width\" content=\"1920\" \/>\n\t<meta property=\"og:image:height\" content=\"1470\" \/>\n\t<meta property=\"og:image:type\" content=\"image\/webp\" \/>\n<meta name=\"twitter:card\" content=\"summary_large_image\" \/>\n<meta name=\"twitter:site\" content=\"@ObiRobot\" \/>\n<meta name=\"twitter:label1\" content=\"Gesch\u00e4tzte Lesezeit\" \/>\n\t<meta name=\"twitter:data1\" content=\"1\u00a0Minute\" \/>\n<script type=\"application\/ld+json\" class=\"yoast-schema-graph\">{\"@context\":\"https:\\\/\\\/schema.org\",\"@graph\":[{\"@type\":\"WebPage\",\"@id\":\"https:\\\/\\\/meetobi.com\\\/de\\\/unterstuetzung\\\/\",\"url\":\"https:\\\/\\\/meetobi.com\\\/de\\\/unterstuetzung\\\/\",\"name\":\"Hilfe und Support f\u00fcr Obi - Obi\",\"isPartOf\":{\"@id\":\"https:\\\/\\\/meetobi.com\\\/de\\\/#website\"},\"primaryImageOfPage\":{\"@id\":\"https:\\\/\\\/meetobi.com\\\/de\\\/unterstuetzung\\\/#primaryimage\"},\"image\":{\"@id\":\"https:\\\/\\\/meetobi.com\\\/de\\\/unterstuetzung\\\/#primaryimage\"},\"thumbnailUrl\":\"https:\\\/\\\/meetobi.com\\\/wp-content\\\/uploads\\\/2023\\\/01\\\/Alan-Veteran-using-obi-at-home-dinner-table.webp\",\"datePublished\":\"2022-01-26T21:36:45+00:00\",\"dateModified\":\"2025-11-20T14:09:30+00:00\",\"description\":\"Ben\u00f6tigen Sie Hilfe mit Ihrem Obi-Ger\u00e4t? Wir sind hier, um zu helfen! Stellen Sie einen Antrag auf Unterst\u00fctzung. Unser Serviceteam wird Sie bald kontaktieren!\",\"breadcrumb\":{\"@id\":\"https:\\\/\\\/meetobi.com\\\/de\\\/unterstuetzung\\\/#breadcrumb\"},\"inLanguage\":\"de\",\"potentialAction\":[{\"@type\":\"ReadAction\",\"target\":[\"https:\\\/\\\/meetobi.com\\\/de\\\/unterstuetzung\\\/\"]}]},{\"@type\":\"ImageObject\",\"inLanguage\":\"de\",\"@id\":\"https:\\\/\\\/meetobi.com\\\/de\\\/unterstuetzung\\\/#primaryimage\",\"url\":\"https:\\\/\\\/meetobi.com\\\/wp-content\\\/uploads\\\/2023\\\/01\\\/Alan-Veteran-using-obi-at-home-dinner-table.webp\",\"contentUrl\":\"https:\\\/\\\/meetobi.com\\\/wp-content\\\/uploads\\\/2023\\\/01\\\/Alan-Veteran-using-obi-at-home-dinner-table.webp\",\"width\":1920,\"height\":1470},{\"@type\":\"BreadcrumbList\",\"@id\":\"https:\\\/\\\/meetobi.com\\\/de\\\/unterstuetzung\\\/#breadcrumb\",\"itemListElement\":[{\"@type\":\"ListItem\",\"position\":1,\"name\":\"Home\",\"item\":\"https:\\\/\\\/meetobi.com\\\/de\\\/\"},{\"@type\":\"ListItem\",\"position\":2,\"name\":\"Unterst\u00fctzung\"}]},{\"@type\":\"WebSite\",\"@id\":\"https:\\\/\\\/meetobi.com\\\/de\\\/#website\",\"url\":\"https:\\\/\\\/meetobi.com\\\/de\\\/\",\"name\":\"Obi\",\"description\":\"Obi: The Independent Eating Device\",\"publisher\":{\"@id\":\"https:\\\/\\\/meetobi.com\\\/de\\\/#organization\"},\"alternateName\":\"Obi Adaptive Eating Device\",\"potentialAction\":[{\"@type\":\"SearchAction\",\"target\":{\"@type\":\"EntryPoint\",\"urlTemplate\":\"https:\\\/\\\/meetobi.com\\\/de\\\/?s={search_term_string}\"},\"query-input\":{\"@type\":\"PropertyValueSpecification\",\"valueRequired\":true,\"valueName\":\"search_term_string\"}}],\"inLanguage\":\"de\"},{\"@type\":\"Organization\",\"@id\":\"https:\\\/\\\/meetobi.com\\\/de\\\/#organization\",\"name\":\"Obi Adaptive Eating Device\",\"alternateName\":\"MeetObi\",\"url\":\"https:\\\/\\\/meetobi.com\\\/de\\\/\",\"logo\":{\"@type\":\"ImageObject\",\"inLanguage\":\"de\",\"@id\":\"https:\\\/\\\/meetobi.com\\\/de\\\/#\\\/schema\\\/logo\\\/image\\\/\",\"url\":\"https:\\\/\\\/d6be6d1b8c.nxcli.io\\\/wp-content\\\/uploads\\\/2022\\\/02\\\/Outdoor-Dining-with-Obi-768x433-1.jpg\",\"contentUrl\":\"https:\\\/\\\/d6be6d1b8c.nxcli.io\\\/wp-content\\\/uploads\\\/2022\\\/02\\\/Outdoor-Dining-with-Obi-768x433-1.jpg\",\"width\":768,\"height\":433,\"caption\":\"Obi Adaptive Eating Device\"},\"image\":{\"@id\":\"https:\\\/\\\/meetobi.com\\\/de\\\/#\\\/schema\\\/logo\\\/image\\\/\"},\"sameAs\":[\"https:\\\/\\\/www.facebook.com\\\/obirobot\",\"https:\\\/\\\/x.com\\\/ObiRobot\",\"https:\\\/\\\/www.youtube.com\\\/c\\\/Meetobirobot\",\"https:\\\/\\\/www.instagram.com\\\/obirobot\"]}]}<\/script>\n<!-- \/ Yoast SEO plugin. -->","yoast_head_json":{"title":"Hilfe und Support f\u00fcr Obi - Obi","description":"Ben\u00f6tigen Sie Hilfe mit Ihrem Obi-Ger\u00e4t? Wir sind hier, um zu helfen! Stellen Sie einen Antrag auf Unterst\u00fctzung. Unser Serviceteam wird Sie bald kontaktieren!","robots":{"index":"index","follow":"follow","max-snippet":"max-snippet:-1","max-image-preview":"max-image-preview:large","max-video-preview":"max-video-preview:-1"},"canonical":"https:\/\/meetobi.com\/de\/unterstuetzung\/","og_locale":"de_DE","og_type":"article","og_title":"Hilfe und Support f\u00fcr Obi - Obi","og_description":"Ben\u00f6tigen Sie Hilfe mit Ihrem Obi-Ger\u00e4t? Wir sind hier, um zu helfen! Stellen Sie einen Antrag auf Unterst\u00fctzung. Unser Serviceteam wird Sie bald kontaktieren!","og_url":"https:\/\/meetobi.com\/de\/unterstuetzung\/","og_site_name":"Obi","article_publisher":"https:\/\/www.facebook.com\/obirobot","article_modified_time":"2025-11-20T14:09:30+00:00","og_image":[{"width":1920,"height":1470,"url":"https:\/\/meetobi.com\/wp-content\/uploads\/2023\/01\/Alan-Veteran-using-obi-at-home-dinner-table.webp","type":"image\/webp"}],"twitter_card":"summary_large_image","twitter_site":"@ObiRobot","twitter_misc":{"Gesch\u00e4tzte Lesezeit":"1\u00a0Minute"},"schema":{"@context":"https:\/\/schema.org","@graph":[{"@type":"WebPage","@id":"https:\/\/meetobi.com\/de\/unterstuetzung\/","url":"https:\/\/meetobi.com\/de\/unterstuetzung\/","name":"Hilfe und Support f\u00fcr Obi - Obi","isPartOf":{"@id":"https:\/\/meetobi.com\/de\/#website"},"primaryImageOfPage":{"@id":"https:\/\/meetobi.com\/de\/unterstuetzung\/#primaryimage"},"image":{"@id":"https:\/\/meetobi.com\/de\/unterstuetzung\/#primaryimage"},"thumbnailUrl":"https:\/\/meetobi.com\/wp-content\/uploads\/2023\/01\/Alan-Veteran-using-obi-at-home-dinner-table.webp","datePublished":"2022-01-26T21:36:45+00:00","dateModified":"2025-11-20T14:09:30+00:00","description":"Ben\u00f6tigen Sie Hilfe mit Ihrem Obi-Ger\u00e4t? Wir sind hier, um zu helfen! Stellen Sie einen Antrag auf Unterst\u00fctzung. Unser Serviceteam wird Sie bald kontaktieren!","breadcrumb":{"@id":"https:\/\/meetobi.com\/de\/unterstuetzung\/#breadcrumb"},"inLanguage":"de","potentialAction":[{"@type":"ReadAction","target":["https:\/\/meetobi.com\/de\/unterstuetzung\/"]}]},{"@type":"ImageObject","inLanguage":"de","@id":"https:\/\/meetobi.com\/de\/unterstuetzung\/#primaryimage","url":"https:\/\/meetobi.com\/wp-content\/uploads\/2023\/01\/Alan-Veteran-using-obi-at-home-dinner-table.webp","contentUrl":"https:\/\/meetobi.com\/wp-content\/uploads\/2023\/01\/Alan-Veteran-using-obi-at-home-dinner-table.webp","width":1920,"height":1470},{"@type":"BreadcrumbList","@id":"https:\/\/meetobi.com\/de\/unterstuetzung\/#breadcrumb","itemListElement":[{"@type":"ListItem","position":1,"name":"Home","item":"https:\/\/meetobi.com\/de\/"},{"@type":"ListItem","position":2,"name":"Unterst\u00fctzung"}]},{"@type":"WebSite","@id":"https:\/\/meetobi.com\/de\/#website","url":"https:\/\/meetobi.com\/de\/","name":"Obi","description":"Obi: The Independent Eating Device","publisher":{"@id":"https:\/\/meetobi.com\/de\/#organization"},"alternateName":"Obi Adaptive Eating Device","potentialAction":[{"@type":"SearchAction","target":{"@type":"EntryPoint","urlTemplate":"https:\/\/meetobi.com\/de\/?s={search_term_string}"},"query-input":{"@type":"PropertyValueSpecification","valueRequired":true,"valueName":"search_term_string"}}],"inLanguage":"de"},{"@type":"Organization","@id":"https:\/\/meetobi.com\/de\/#organization","name":"Obi Adaptive Eating Device","alternateName":"MeetObi","url":"https:\/\/meetobi.com\/de\/","logo":{"@type":"ImageObject","inLanguage":"de","@id":"https:\/\/meetobi.com\/de\/#\/schema\/logo\/image\/","url":"https:\/\/d6be6d1b8c.nxcli.io\/wp-content\/uploads\/2022\/02\/Outdoor-Dining-with-Obi-768x433-1.jpg","contentUrl":"https:\/\/d6be6d1b8c.nxcli.io\/wp-content\/uploads\/2022\/02\/Outdoor-Dining-with-Obi-768x433-1.jpg","width":768,"height":433,"caption":"Obi Adaptive Eating Device"},"image":{"@id":"https:\/\/meetobi.com\/de\/#\/schema\/logo\/image\/"},"sameAs":["https:\/\/www.facebook.com\/obirobot","https:\/\/x.com\/ObiRobot","https:\/\/www.youtube.com\/c\/Meetobirobot","https:\/\/www.instagram.com\/obirobot"]}]}},"jetpack_sharing_enabled":true,"_links":{"self":[{"href":"https:\/\/meetobi.com\/de\/wp-json\/wp\/v2\/pages\/7937","targetHints":{"allow":["GET"]}}],"collection":[{"href":"https:\/\/meetobi.com\/de\/wp-json\/wp\/v2\/pages"}],"about":[{"href":"https:\/\/meetobi.com\/de\/wp-json\/wp\/v2\/types\/page"}],"author":[{"embeddable":true,"href":"https:\/\/meetobi.com\/de\/wp-json\/wp\/v2\/users\/1"}],"replies":[{"embeddable":true,"href":"https:\/\/meetobi.com\/de\/wp-json\/wp\/v2\/comments?post=7937"}],"version-history":[{"count":4,"href":"https:\/\/meetobi.com\/de\/wp-json\/wp\/v2\/pages\/7937\/revisions"}],"predecessor-version":[{"id":21058,"href":"https:\/\/meetobi.com\/de\/wp-json\/wp\/v2\/pages\/7937\/revisions\/21058"}],"wp:featuredmedia":[{"embeddable":true,"href":"https:\/\/meetobi.com\/de\/wp-json\/wp\/v2\/media\/7832"}],"wp:attachment":[{"href":"https:\/\/meetobi.com\/de\/wp-json\/wp\/v2\/media?parent=7937"}],"curies":[{"name":"wp","href":"https:\/\/api.w.org\/{rel}","templated":true}]}}