{"id":7934,"date":"2022-01-27T21:14:45","date_gmt":"2022-01-27T21:14:45","guid":{"rendered":"https:\/\/d6be6d1b8c.nxcli.io\/international\/"},"modified":"2025-08-19T10:35:11","modified_gmt":"2025-08-19T10:35:11","slug":"international","status":"publish","type":"page","link":"https:\/\/meetobi.com\/de\/international\/","title":{"rendered":"International"},"content":{"rendered":"\t\t<div data-elementor-type=\"wp-page\" data-elementor-id=\"7934\" class=\"elementor elementor-7934 elementor-2784\" data-elementor-post-type=\"page\">\n\t\t\t\t\t\t<section class=\"elementor-section elementor-top-section elementor-element elementor-element-88cbb40 section-pts section-pbs wht mbs elementor-section-height-min-height elementor-section-boxed elementor-section-height-default elementor-section-items-middle\" data-id=\"88cbb40\" data-element_type=\"section\" data-e-type=\"section\" data-settings=\"{&quot;background_background&quot;:&quot;classic&quot;}\">\n\t\t\t\t\t\t<div class=\"elementor-container elementor-column-gap-default\">\n\t\t\t\t\t<div class=\"elementor-column elementor-col-100 elementor-top-column elementor-element elementor-element-197bd19\" data-id=\"197bd19\" data-element_type=\"column\" data-e-type=\"column\">\n\t\t\t<div class=\"elementor-widget-wrap elementor-element-populated\">\n\t\t\t\t\t\t<div class=\"elementor-element elementor-element-0539d92 wht mbs elementor-widget elementor-widget-heading\" data-id=\"0539d92\" data-element_type=\"widget\" data-e-type=\"widget\" data-widget_type=\"heading.default\">\n\t\t\t\t<div class=\"elementor-widget-container\">\n\t\t\t\t\t<h1 class=\"elementor-heading-title elementor-size-default\">International<\/h1>\t\t\t\t<\/div>\n\t\t\t\t<\/div>\n\t\t\t\t<div class=\"elementor-element elementor-element-1ccafc0 elementor-align-center mbn elementor-widget elementor-widget-breadcrumbs\" data-id=\"1ccafc0\" data-element_type=\"widget\" data-e-type=\"widget\" data-widget_type=\"breadcrumbs.default\">\n\t\t\t\t<div class=\"elementor-widget-container\">\n\t\t\t\t\t<p id=\"breadcrumbs\"><span><span><a href=\"https:\/\/meetobi.com\/de\/\">Home<\/a><\/span><\/span><\/p>\t\t\t\t<\/div>\n\t\t\t\t<\/div>\n\t\t\t\t\t<\/div>\n\t\t<\/div>\n\t\t\t\t\t<\/div>\n\t\t<\/section>\n\t\t\t\t<section class=\"elementor-section elementor-top-section elementor-element elementor-element-bff3901 elementor-section-boxed elementor-section-height-default elementor-section-height-default section-default-pad section-default-pad\" data-id=\"bff3901\" data-element_type=\"section\" data-e-type=\"section\" data-settings=\"{&quot;background_background&quot;:&quot;classic&quot;}\">\n\t\t\t\t\t\t<div class=\"elementor-container elementor-column-gap-default\">\n\t\t\t\t\t<div class=\"elementor-column elementor-col-33 elementor-top-column elementor-element elementor-element-bfeceff\" data-id=\"bfeceff\" data-element_type=\"column\" data-e-type=\"column\">\n\t\t\t<div class=\"elementor-widget-wrap elementor-element-populated\">\n\t\t\t\t\t\t<div class=\"elementor-element elementor-element-037d0c6 elementor-widget elementor-widget-heading\" data-id=\"037d0c6\" data-element_type=\"widget\" data-e-type=\"widget\" data-widget_type=\"heading.default\">\n\t\t\t\t<div class=\"elementor-widget-container\">\n\t\t\t\t\t<h2 class=\"elementor-heading-title elementor-size-default\">International<\/h2>\t\t\t\t<\/div>\n\t\t\t\t<\/div>\n\t\t\t\t<div class=\"elementor-element elementor-element-64d99b2 elementor-widget elementor-widget-text-editor\" data-id=\"64d99b2\" data-element_type=\"widget\" data-e-type=\"widget\" data-widget_type=\"text-editor.default\">\n\t\t\t\t<div class=\"elementor-widget-container\">\n\t\t\t\t\t\t\t\t\t<p>Au\u00dferhalb der U.S.A.? Obi ist in \u00fcber 20 L\u00e4ndern erh\u00e4ltlich. Kontaktieren Sie uns, um mit einem H\u00e4ndler in Ihrem Land verbunden zu werden!  <\/p>\t\t\t\t\t\t\t\t<\/div>\n\t\t\t\t<\/div>\n\t\t\t\t<div class=\"elementor-element elementor-element-5323319 elementor-widget elementor-widget-button\" data-id=\"5323319\" data-element_type=\"widget\" data-e-type=\"widget\" data-widget_type=\"button.default\">\n\t\t\t\t<div class=\"elementor-widget-container\">\n\t\t\t\t\t\t\t\t\t<div class=\"elementor-button-wrapper\">\n\t\t\t\t\t<a class=\"elementor-button elementor-button-link elementor-size-sm\" href=\"https:\/\/meetobi.com\/de\/kontakt\/\">\n\t\t\t\t\t\t<span class=\"elementor-button-content-wrapper\">\n\t\t\t\t\t\t\t\t\t<span class=\"elementor-button-text\">Kontakt<\/span>\n\t\t\t\t\t<\/span>\n\t\t\t\t\t<\/a>\n\t\t\t\t<\/div>\n\t\t\t\t\t\t\t\t<\/div>\n\t\t\t\t<\/div>\n\t\t\t\t\t<\/div>\n\t\t<\/div>\n\t\t\t\t<div class=\"elementor-column elementor-col-33 elementor-top-column elementor-element elementor-element-647908d\" data-id=\"647908d\" data-element_type=\"column\" data-e-type=\"column\">\n\t\t\t<div class=\"elementor-widget-wrap elementor-element-populated\">\n\t\t\t\t\t\t<div class=\"elementor-element elementor-element-4809c41 elementor-widget elementor-widget-heading\" data-id=\"4809c41\" data-element_type=\"widget\" data-e-type=\"widget\" data-widget_type=\"heading.default\">\n\t\t\t\t<div class=\"elementor-widget-container\">\n\t\t\t\t\t<h2 class=\"elementor-heading-title elementor-size-default\">JAPAN<\/h2>\t\t\t\t<\/div>\n\t\t\t\t<\/div>\n\t\t\t\t<div class=\"elementor-element elementor-element-46418ad elementor-widget elementor-widget-text-editor\" data-id=\"46418ad\" data-element_type=\"widget\" data-e-type=\"widget\" data-widget_type=\"text-editor.default\">\n\t\t\t\t<div class=\"elementor-widget-container\">\n\t\t\t\t\t\t\t\t\t<p>Sie wohnen in Japan?<br><br><br><\/p>\t\t\t\t\t\t\t\t<\/div>\n\t\t\t\t<\/div>\n\t\t\t\t<div class=\"elementor-element elementor-element-3de7706 elementor-widget elementor-widget-button\" data-id=\"3de7706\" data-element_type=\"widget\" data-e-type=\"widget\" data-widget_type=\"button.default\">\n\t\t\t\t<div class=\"elementor-widget-container\">\n\t\t\t\t\t\t\t\t\t<div class=\"elementor-button-wrapper\">\n\t\t\t\t\t<a class=\"elementor-button elementor-button-link elementor-size-sm\" href=\"https:\/\/meetobi.com\/de\/japan\/\">\n\t\t\t\t\t\t<span class=\"elementor-button-content-wrapper\">\n\t\t\t\t\t\t\t\t\t<span class=\"elementor-button-text\">Hier klicken<\/span>\n\t\t\t\t\t<\/span>\n\t\t\t\t\t<\/a>\n\t\t\t\t<\/div>\n\t\t\t\t\t\t\t\t<\/div>\n\t\t\t\t<\/div>\n\t\t\t\t\t<\/div>\n\t\t<\/div>\n\t\t\t\t<div class=\"elementor-column elementor-col-33 elementor-top-column elementor-element elementor-element-a7f37d4\" data-id=\"a7f37d4\" data-element_type=\"column\" data-e-type=\"column\">\n\t\t\t<div class=\"elementor-widget-wrap elementor-element-populated\">\n\t\t\t\t\t\t<div class=\"elementor-element elementor-element-2cc04e7 elementor-widget elementor-widget-image\" data-id=\"2cc04e7\" data-element_type=\"widget\" data-e-type=\"widget\" data-widget_type=\"image.default\">\n\t\t\t\t<div class=\"elementor-widget-container\">\n\t\t\t\t\t\t\t\t\t\t\t\t\t\t\t<img fetchpriority=\"high\" decoding=\"async\" width=\"684\" height=\"398\" src=\"https:\/\/meetobi.com\/wp-content\/uploads\/2022\/01\/WORLD-MAP.png\" class=\"attachment-large size-large wp-image-7744\" alt=\"\" srcset=\"https:\/\/meetobi.com\/wp-content\/uploads\/2022\/01\/WORLD-MAP.png 684w, https:\/\/meetobi.com\/wp-content\/uploads\/2022\/01\/WORLD-MAP-600x349.png 600w, https:\/\/meetobi.com\/wp-content\/uploads\/2022\/01\/WORLD-MAP-300x175.png 300w\" sizes=\"(max-width: 684px) 100vw, 684px\" \/>\t\t\t\t\t\t\t\t\t\t\t\t\t\t\t<\/div>\n\t\t\t\t<\/div>\n\t\t\t\t\t<\/div>\n\t\t<\/div>\n\t\t\t\t\t<\/div>\n\t\t<\/section>\n\t\t\t\t<\/div>\n\t\t","protected":false},"excerpt":{"rendered":"<p>International Au\u00dferhalb der U.S.A.? Obi ist in \u00fcber 20 L\u00e4ndern erh\u00e4ltlich. Kontaktieren Sie uns, um mit einem H\u00e4ndler in Ihrem Land verbunden zu werden! Kontakt JAPAN Sie wohnen in Japan? Hier klicken<\/p>\n","protected":false},"author":1,"featured_media":0,"parent":0,"menu_order":2,"comment_status":"closed","ping_status":"closed","template":"","meta":{"content-type":"","footnotes":""},"class_list":["post-7934","page","type-page","status-publish","hentry"],"yoast_head":"<!-- This site is optimized with the Yoast SEO plugin v27.4 - https:\/\/yoast.com\/product\/yoast-seo-wordpress\/ -->\n<title>International - Obi<\/title>\n<meta name=\"description\" content=\"Entdecken Sie die Welt des adaptiven Essens in Deutschland, Australien, den Niederlanden, Norwegen, Schweden, D\u00e4nemark, Kanada, Gro\u00dfbritannien, Frankreich und dar\u00fcber hinaus!\" \/>\n<meta name=\"robots\" content=\"index, follow, max-snippet:-1, max-image-preview:large, max-video-preview:-1\" \/>\n<link rel=\"canonical\" href=\"https:\/\/meetobi.com\/de\/international\/\" \/>\n<meta property=\"og:locale\" content=\"de_DE\" \/>\n<meta property=\"og:type\" content=\"article\" \/>\n<meta property=\"og:title\" content=\"International - Obi\" \/>\n<meta property=\"og:description\" content=\"Entdecken Sie die Welt des adaptiven Essens in Deutschland, Australien, den Niederlanden, Norwegen, Schweden, D\u00e4nemark, Kanada, Gro\u00dfbritannien, Frankreich und dar\u00fcber hinaus!\" \/>\n<meta property=\"og:url\" content=\"https:\/\/meetobi.com\/de\/international\/\" \/>\n<meta property=\"og:site_name\" content=\"Obi\" \/>\n<meta property=\"article:publisher\" content=\"https:\/\/www.facebook.com\/obirobot\" \/>\n<meta property=\"article:modified_time\" content=\"2025-08-19T10:35:11+00:00\" \/>\n<meta property=\"og:image\" content=\"https:\/\/meetobi.com\/wp-content\/uploads\/2022\/01\/WORLD-MAP.png\" \/>\n\t<meta property=\"og:image:width\" content=\"684\" \/>\n\t<meta property=\"og:image:height\" content=\"398\" \/>\n\t<meta property=\"og:image:type\" content=\"image\/png\" \/>\n<meta name=\"twitter:card\" content=\"summary_large_image\" \/>\n<meta name=\"twitter:site\" content=\"@ObiRobot\" \/>\n<script type=\"application\/ld+json\" class=\"yoast-schema-graph\">{\"@context\":\"https:\\\/\\\/schema.org\",\"@graph\":[{\"@type\":\"WebPage\",\"@id\":\"https:\\\/\\\/meetobi.com\\\/de\\\/international\\\/\",\"url\":\"https:\\\/\\\/meetobi.com\\\/de\\\/international\\\/\",\"name\":\"International - Obi\",\"isPartOf\":{\"@id\":\"https:\\\/\\\/meetobi.com\\\/de\\\/#website\"},\"primaryImageOfPage\":{\"@id\":\"https:\\\/\\\/meetobi.com\\\/de\\\/international\\\/#primaryimage\"},\"image\":{\"@id\":\"https:\\\/\\\/meetobi.com\\\/de\\\/international\\\/#primaryimage\"},\"thumbnailUrl\":\"https:\\\/\\\/meetobi.com\\\/wp-content\\\/uploads\\\/2022\\\/01\\\/WORLD-MAP.png\",\"datePublished\":\"2022-01-27T21:14:45+00:00\",\"dateModified\":\"2025-08-19T10:35:11+00:00\",\"description\":\"Entdecken Sie die Welt des adaptiven Essens in Deutschland, Australien, den Niederlanden, Norwegen, Schweden, D\u00e4nemark, Kanada, Gro\u00dfbritannien, Frankreich und dar\u00fcber hinaus!\",\"breadcrumb\":{\"@id\":\"https:\\\/\\\/meetobi.com\\\/de\\\/international\\\/#breadcrumb\"},\"inLanguage\":\"de\",\"potentialAction\":[{\"@type\":\"ReadAction\",\"target\":[\"https:\\\/\\\/meetobi.com\\\/de\\\/international\\\/\"]}]},{\"@type\":\"ImageObject\",\"inLanguage\":\"de\",\"@id\":\"https:\\\/\\\/meetobi.com\\\/de\\\/international\\\/#primaryimage\",\"url\":\"https:\\\/\\\/meetobi.com\\\/wp-content\\\/uploads\\\/2022\\\/01\\\/WORLD-MAP.png\",\"contentUrl\":\"https:\\\/\\\/meetobi.com\\\/wp-content\\\/uploads\\\/2022\\\/01\\\/WORLD-MAP.png\"},{\"@type\":\"BreadcrumbList\",\"@id\":\"https:\\\/\\\/meetobi.com\\\/de\\\/international\\\/#breadcrumb\",\"itemListElement\":[{\"@type\":\"ListItem\",\"position\":1,\"name\":\"Home\",\"item\":\"https:\\\/\\\/meetobi.com\\\/de\\\/\"},{\"@type\":\"ListItem\",\"position\":2,\"name\":\"International\"}]},{\"@type\":\"WebSite\",\"@id\":\"https:\\\/\\\/meetobi.com\\\/de\\\/#website\",\"url\":\"https:\\\/\\\/meetobi.com\\\/de\\\/\",\"name\":\"Obi\",\"description\":\"Obi: The Independent Eating Device\",\"publisher\":{\"@id\":\"https:\\\/\\\/meetobi.com\\\/de\\\/#organization\"},\"alternateName\":\"Obi Adaptive Eating Device\",\"potentialAction\":[{\"@type\":\"SearchAction\",\"target\":{\"@type\":\"EntryPoint\",\"urlTemplate\":\"https:\\\/\\\/meetobi.com\\\/de\\\/?s={search_term_string}\"},\"query-input\":{\"@type\":\"PropertyValueSpecification\",\"valueRequired\":true,\"valueName\":\"search_term_string\"}}],\"inLanguage\":\"de\"},{\"@type\":\"Organization\",\"@id\":\"https:\\\/\\\/meetobi.com\\\/de\\\/#organization\",\"name\":\"Obi Adaptive Eating Device\",\"alternateName\":\"MeetObi\",\"url\":\"https:\\\/\\\/meetobi.com\\\/de\\\/\",\"logo\":{\"@type\":\"ImageObject\",\"inLanguage\":\"de\",\"@id\":\"https:\\\/\\\/meetobi.com\\\/de\\\/#\\\/schema\\\/logo\\\/image\\\/\",\"url\":\"https:\\\/\\\/d6be6d1b8c.nxcli.io\\\/wp-content\\\/uploads\\\/2022\\\/02\\\/Outdoor-Dining-with-Obi-768x433-1.jpg\",\"contentUrl\":\"https:\\\/\\\/d6be6d1b8c.nxcli.io\\\/wp-content\\\/uploads\\\/2022\\\/02\\\/Outdoor-Dining-with-Obi-768x433-1.jpg\",\"width\":768,\"height\":433,\"caption\":\"Obi Adaptive Eating Device\"},\"image\":{\"@id\":\"https:\\\/\\\/meetobi.com\\\/de\\\/#\\\/schema\\\/logo\\\/image\\\/\"},\"sameAs\":[\"https:\\\/\\\/www.facebook.com\\\/obirobot\",\"https:\\\/\\\/x.com\\\/ObiRobot\",\"https:\\\/\\\/www.youtube.com\\\/c\\\/Meetobirobot\",\"https:\\\/\\\/www.instagram.com\\\/obirobot\"]}]}<\/script>\n<!-- \/ Yoast SEO plugin. -->","yoast_head_json":{"title":"International - Obi","description":"Entdecken Sie die Welt des adaptiven Essens in Deutschland, Australien, den Niederlanden, Norwegen, Schweden, D\u00e4nemark, Kanada, Gro\u00dfbritannien, Frankreich und dar\u00fcber hinaus!","robots":{"index":"index","follow":"follow","max-snippet":"max-snippet:-1","max-image-preview":"max-image-preview:large","max-video-preview":"max-video-preview:-1"},"canonical":"https:\/\/meetobi.com\/de\/international\/","og_locale":"de_DE","og_type":"article","og_title":"International - Obi","og_description":"Entdecken Sie die Welt des adaptiven Essens in Deutschland, Australien, den Niederlanden, Norwegen, Schweden, D\u00e4nemark, Kanada, Gro\u00dfbritannien, Frankreich und dar\u00fcber hinaus!","og_url":"https:\/\/meetobi.com\/de\/international\/","og_site_name":"Obi","article_publisher":"https:\/\/www.facebook.com\/obirobot","article_modified_time":"2025-08-19T10:35:11+00:00","og_image":[{"width":684,"height":398,"url":"https:\/\/meetobi.com\/wp-content\/uploads\/2022\/01\/WORLD-MAP.png","type":"image\/png"}],"twitter_card":"summary_large_image","twitter_site":"@ObiRobot","schema":{"@context":"https:\/\/schema.org","@graph":[{"@type":"WebPage","@id":"https:\/\/meetobi.com\/de\/international\/","url":"https:\/\/meetobi.com\/de\/international\/","name":"International - Obi","isPartOf":{"@id":"https:\/\/meetobi.com\/de\/#website"},"primaryImageOfPage":{"@id":"https:\/\/meetobi.com\/de\/international\/#primaryimage"},"image":{"@id":"https:\/\/meetobi.com\/de\/international\/#primaryimage"},"thumbnailUrl":"https:\/\/meetobi.com\/wp-content\/uploads\/2022\/01\/WORLD-MAP.png","datePublished":"2022-01-27T21:14:45+00:00","dateModified":"2025-08-19T10:35:11+00:00","description":"Entdecken Sie die Welt des adaptiven Essens in Deutschland, Australien, den Niederlanden, Norwegen, Schweden, D\u00e4nemark, Kanada, Gro\u00dfbritannien, Frankreich und dar\u00fcber hinaus!","breadcrumb":{"@id":"https:\/\/meetobi.com\/de\/international\/#breadcrumb"},"inLanguage":"de","potentialAction":[{"@type":"ReadAction","target":["https:\/\/meetobi.com\/de\/international\/"]}]},{"@type":"ImageObject","inLanguage":"de","@id":"https:\/\/meetobi.com\/de\/international\/#primaryimage","url":"https:\/\/meetobi.com\/wp-content\/uploads\/2022\/01\/WORLD-MAP.png","contentUrl":"https:\/\/meetobi.com\/wp-content\/uploads\/2022\/01\/WORLD-MAP.png"},{"@type":"BreadcrumbList","@id":"https:\/\/meetobi.com\/de\/international\/#breadcrumb","itemListElement":[{"@type":"ListItem","position":1,"name":"Home","item":"https:\/\/meetobi.com\/de\/"},{"@type":"ListItem","position":2,"name":"International"}]},{"@type":"WebSite","@id":"https:\/\/meetobi.com\/de\/#website","url":"https:\/\/meetobi.com\/de\/","name":"Obi","description":"Obi: The Independent Eating Device","publisher":{"@id":"https:\/\/meetobi.com\/de\/#organization"},"alternateName":"Obi Adaptive Eating Device","potentialAction":[{"@type":"SearchAction","target":{"@type":"EntryPoint","urlTemplate":"https:\/\/meetobi.com\/de\/?s={search_term_string}"},"query-input":{"@type":"PropertyValueSpecification","valueRequired":true,"valueName":"search_term_string"}}],"inLanguage":"de"},{"@type":"Organization","@id":"https:\/\/meetobi.com\/de\/#organization","name":"Obi Adaptive Eating Device","alternateName":"MeetObi","url":"https:\/\/meetobi.com\/de\/","logo":{"@type":"ImageObject","inLanguage":"de","@id":"https:\/\/meetobi.com\/de\/#\/schema\/logo\/image\/","url":"https:\/\/d6be6d1b8c.nxcli.io\/wp-content\/uploads\/2022\/02\/Outdoor-Dining-with-Obi-768x433-1.jpg","contentUrl":"https:\/\/d6be6d1b8c.nxcli.io\/wp-content\/uploads\/2022\/02\/Outdoor-Dining-with-Obi-768x433-1.jpg","width":768,"height":433,"caption":"Obi Adaptive Eating Device"},"image":{"@id":"https:\/\/meetobi.com\/de\/#\/schema\/logo\/image\/"},"sameAs":["https:\/\/www.facebook.com\/obirobot","https:\/\/x.com\/ObiRobot","https:\/\/www.youtube.com\/c\/Meetobirobot","https:\/\/www.instagram.com\/obirobot"]}]}},"jetpack_sharing_enabled":true,"_links":{"self":[{"href":"https:\/\/meetobi.com\/de\/wp-json\/wp\/v2\/pages\/7934","targetHints":{"allow":["GET"]}}],"collection":[{"href":"https:\/\/meetobi.com\/de\/wp-json\/wp\/v2\/pages"}],"about":[{"href":"https:\/\/meetobi.com\/de\/wp-json\/wp\/v2\/types\/page"}],"author":[{"embeddable":true,"href":"https:\/\/meetobi.com\/de\/wp-json\/wp\/v2\/users\/1"}],"replies":[{"embeddable":true,"href":"https:\/\/meetobi.com\/de\/wp-json\/wp\/v2\/comments?post=7934"}],"version-history":[{"count":5,"href":"https:\/\/meetobi.com\/de\/wp-json\/wp\/v2\/pages\/7934\/revisions"}],"predecessor-version":[{"id":20241,"href":"https:\/\/meetobi.com\/de\/wp-json\/wp\/v2\/pages\/7934\/revisions\/20241"}],"wp:attachment":[{"href":"https:\/\/meetobi.com\/de\/wp-json\/wp\/v2\/media?parent=7934"}],"curies":[{"name":"wp","href":"https:\/\/api.w.org\/{rel}","templated":true}]}}