{"id":7895,"date":"2022-12-20T22:05:48","date_gmt":"2022-12-20T22:05:48","guid":{"rendered":"https:\/\/d6be6d1b8c.nxcli.io\/anfrage-fuer-veteranenversuche\/"},"modified":"2025-08-19T10:31:00","modified_gmt":"2025-08-19T10:31:00","slug":"anfrage-fuer-veteranenversuche","status":"publish","type":"page","link":"https:\/\/meetobi.com\/de\/anfrage-fuer-veteranenversuche\/","title":{"rendered":"Anfrage f\u00fcr Veteranenversuche"},"content":{"rendered":"\t\t<div data-elementor-type=\"wp-page\" data-elementor-id=\"7895\" class=\"elementor elementor-7895 elementor-6846\" data-elementor-post-type=\"page\">\n\t\t\t\t\t\t<section class=\"elementor-section elementor-top-section elementor-element elementor-element-6d96025 section-pts section-pbs wht mbs elementor-section-height-min-height elementor-section-boxed elementor-section-height-default elementor-section-items-middle\" data-id=\"6d96025\" data-element_type=\"section\" data-e-type=\"section\" data-settings=\"{&quot;background_background&quot;:&quot;classic&quot;}\">\n\t\t\t\t\t\t<div class=\"elementor-container elementor-column-gap-default\">\n\t\t\t\t\t<div class=\"elementor-column elementor-col-100 elementor-top-column elementor-element elementor-element-290a58a\" data-id=\"290a58a\" data-element_type=\"column\" data-e-type=\"column\">\n\t\t\t<div class=\"elementor-widget-wrap elementor-element-populated\">\n\t\t\t\t\t\t<div class=\"elementor-element elementor-element-0042c08 wht mbs elementor-widget elementor-widget-heading\" data-id=\"0042c08\" data-element_type=\"widget\" data-e-type=\"widget\" data-widget_type=\"heading.default\">\n\t\t\t\t<div class=\"elementor-widget-container\">\n\t\t\t\t\t<h1 class=\"elementor-heading-title elementor-size-default\">ANFRAGE F\u00dcR VETERANENVERSUCHE<\/h1>\t\t\t\t<\/div>\n\t\t\t\t<\/div>\n\t\t\t\t<div class=\"elementor-element elementor-element-e946878 elementor-align-center mbn elementor-widget elementor-widget-breadcrumbs\" data-id=\"e946878\" data-element_type=\"widget\" data-e-type=\"widget\" data-widget_type=\"breadcrumbs.default\">\n\t\t\t\t<div class=\"elementor-widget-container\">\n\t\t\t\t\t<p id=\"breadcrumbs\"><span><span><a href=\"https:\/\/meetobi.com\/de\/\">Home<\/a><\/span><\/span><\/p>\t\t\t\t<\/div>\n\t\t\t\t<\/div>\n\t\t\t\t\t<\/div>\n\t\t<\/div>\n\t\t\t\t\t<\/div>\n\t\t<\/section>\n\t\t\t\t<section class=\"elementor-section elementor-top-section elementor-element elementor-element-66c4236 elementor-section-boxed elementor-section-height-default elementor-section-height-default section-default-pad section-default-pad\" data-id=\"66c4236\" data-element_type=\"section\" data-e-type=\"section\">\n\t\t\t\t\t\t<div class=\"elementor-container elementor-column-gap-default\">\n\t\t\t\t\t<div class=\"elementor-column elementor-col-100 elementor-top-column elementor-element elementor-element-2fe7a39\" data-id=\"2fe7a39\" data-element_type=\"column\" data-e-type=\"column\">\n\t\t\t<div class=\"elementor-widget-wrap elementor-element-populated\">\n\t\t\t\t\t\t<div class=\"elementor-element elementor-element-a542844 elementor-widget elementor-widget-html\" data-id=\"a542844\" data-element_type=\"widget\" data-e-type=\"widget\" data-widget_type=\"html.default\">\n\t\t\t\t<div class=\"elementor-widget-container\">\n\t\t\t\t\t<script charset=\"utf-8\" type=\"text\/javascript\" src=\"\/\/js.hsforms.net\/forms\/embed\/v2.js\"><\/script><script>hbspt.forms.create({\n    region: \"na1\",\n    portalId: \"20523599\",\n    formId: \"9eb3bd21-16c7-4dbf-bfc9-ebba845d5f4d\"\n  });\n<\/script>\t\t\t\t<\/div>\n\t\t\t\t<\/div>\n\t\t\t\t\t<\/div>\n\t\t<\/div>\n\t\t\t\t\t<\/div>\n\t\t<\/section>\n\t\t<div class=\"elementor-element elementor-element-6f2f7d4 e-flex e-con-boxed e-con e-parent\" data-id=\"6f2f7d4\" data-element_type=\"container\" data-e-type=\"container\">\n\t\t\t\t\t<div class=\"e-con-inner\">\n\t\t<div class=\"elementor-element elementor-element-38876bd e-con-full e-flex e-con e-child\" data-id=\"38876bd\" data-element_type=\"container\" data-e-type=\"container\">\n\t\t\t\t<div class=\"elementor-element elementor-element-b714f10 elementor-widget elementor-widget-heading\" data-id=\"b714f10\" data-element_type=\"widget\" data-e-type=\"widget\" data-widget_type=\"heading.default\">\n\t\t\t\t<div class=\"elementor-widget-container\">\n\t\t\t\t\t<h3 class=\"elementor-heading-title elementor-size-default\">Erfahren Sie mehr dar\u00fcber, wie VETERANS OBI nutzen k\u00f6nnen, um unabh\u00e4ngig zu essen<\/h3>\t\t\t\t<\/div>\n\t\t\t\t<\/div>\n\t\t\t\t<div class=\"elementor-element elementor-element-ec6e1ec elementor-widget elementor-widget-text-editor\" data-id=\"ec6e1ec\" data-element_type=\"widget\" data-e-type=\"widget\" data-widget_type=\"text-editor.default\">\n\t\t\t\t<div class=\"elementor-widget-container\">\n\t\t\t\t\t\t\t\t\t<p>Obi ist ein&nbsp;<a href=\"\/\">\n  <strong>Adaptives Essger\u00e4t<\/strong>\n<\/a> das Veteranen und anderen Erwachsenen oder Kindern mit Einschr\u00e4nkungen der oberen Extremit\u00e4ten hilft.&nbsp; Obi ist ein gro\u00dfartiges Hilfsmittel, um Menschen zu unterst\u00fctzen, die unabh\u00e4ngig essen m\u00f6chten. Mit Obi w\u00e4hlen die Nutzer die Lebensmittel aus, die sie essen m\u00f6chten, und k\u00f6nnen in ihrem eigenen Tempo essen!&nbsp;<\/p>\t\t\t\t\t\t\t\t<\/div>\n\t\t\t\t<\/div>\n\t\t\t\t<div class=\"elementor-element elementor-element-d38a5b1 elementor-align-left elementor-mobile-align-left elementor-widget elementor-widget-button\" data-id=\"d38a5b1\" data-element_type=\"widget\" data-e-type=\"widget\" data-widget_type=\"button.default\">\n\t\t\t\t<div class=\"elementor-widget-container\">\n\t\t\t\t\t\t\t\t\t<div class=\"elementor-button-wrapper\">\n\t\t\t\t\t<a class=\"elementor-button elementor-button-link elementor-size-sm\" href=\"https:\/\/meetobi.com\/de\/obi-benutzer\/veteranen\/\" rel=\"nofollow\">\n\t\t\t\t\t\t<span class=\"elementor-button-content-wrapper\">\n\t\t\t\t\t\t\t\t\t<span class=\"elementor-button-text\">Erfahren Sie mehr \u00fcber Obi f\u00fcr Veteranen<\/span>\n\t\t\t\t\t<\/span>\n\t\t\t\t\t<\/a>\n\t\t\t\t<\/div>\n\t\t\t\t\t\t\t\t<\/div>\n\t\t\t\t<\/div>\n\t\t\t\t<\/div>\n\t\t<div class=\"elementor-element elementor-element-ca06cfe e-con-full e-flex e-con e-child\" data-id=\"ca06cfe\" data-element_type=\"container\" data-e-type=\"container\">\n\t\t\t\t<div class=\"elementor-element elementor-element-6c87cee elementor-widget elementor-widget-image\" data-id=\"6c87cee\" data-element_type=\"widget\" data-e-type=\"widget\" data-widget_type=\"image.default\">\n\t\t\t\t<div class=\"elementor-widget-container\">\n\t\t\t\t\t\t\t\t\t\t\t\t\t\t\t<img fetchpriority=\"high\" decoding=\"async\" width=\"800\" height=\"613\" src=\"https:\/\/meetobi.com\/wp-content\/uploads\/2023\/01\/Alan-Veteran-using-obi-at-home-dinner-table-1024x784.webp\" class=\"attachment-large size-large wp-image-7832\" alt=\"\" srcset=\"https:\/\/meetobi.com\/wp-content\/uploads\/2023\/01\/Alan-Veteran-using-obi-at-home-dinner-table-1024x784.webp 1024w, https:\/\/meetobi.com\/wp-content\/uploads\/2023\/01\/Alan-Veteran-using-obi-at-home-dinner-table-600x459.webp 600w, https:\/\/meetobi.com\/wp-content\/uploads\/2023\/01\/Alan-Veteran-using-obi-at-home-dinner-table-300x230.webp 300w, https:\/\/meetobi.com\/wp-content\/uploads\/2023\/01\/Alan-Veteran-using-obi-at-home-dinner-table-768x588.webp 768w, https:\/\/meetobi.com\/wp-content\/uploads\/2023\/01\/Alan-Veteran-using-obi-at-home-dinner-table-1536x1176.webp 1536w, https:\/\/meetobi.com\/wp-content\/uploads\/2023\/01\/Alan-Veteran-using-obi-at-home-dinner-table.webp 1920w\" sizes=\"(max-width: 800px) 100vw, 800px\" \/>\t\t\t\t\t\t\t\t\t\t\t\t\t\t\t<\/div>\n\t\t\t\t<\/div>\n\t\t\t\t<\/div>\n\t\t\t\t\t<\/div>\n\t\t\t\t<\/div>\n\t\t\t\t<\/div>\n\t\t","protected":false},"excerpt":{"rendered":"<p>ANFRAGE F\u00dcR VETERANENVERSUCHE Erfahren Sie mehr dar\u00fcber, wie VETERANS OBI nutzen k\u00f6nnen, um unabh\u00e4ngig zu essen Obi ist ein&nbsp; Adaptives Essger\u00e4t das Veteranen und anderen Erwachsenen oder Kindern mit Einschr\u00e4nkungen der oberen Extremit\u00e4ten hilft.&nbsp; Obi ist ein gro\u00dfartiges Hilfsmittel, um Menschen zu unterst\u00fctzen, die unabh\u00e4ngig essen m\u00f6chten. Mit Obi w\u00e4hlen die Nutzer die Lebensmittel aus, <a class=\"moretag btn btn-primary\" href=\"https:\/\/meetobi.com\/de\/anfrage-fuer-veteranenversuche\/\">Read More \u00bb<\/a><\/p>\n","protected":false},"author":7,"featured_media":0,"parent":0,"menu_order":15,"comment_status":"closed","ping_status":"closed","template":"","meta":{"content-type":"","footnotes":""},"class_list":["post-7895","page","type-page","status-publish","hentry"],"yoast_head":"<!-- This site is optimized with the Yoast SEO plugin v27.2 - https:\/\/yoast.com\/product\/yoast-seo-wordpress\/ -->\n<title>Anfrage f\u00fcr Veteranenversuche -<\/title>\n<meta name=\"description\" content=\"Fordern Sie an, Obi pers\u00f6nlich auszuprobieren und herauszufinden, ob dieses revolution\u00e4re Ger\u00e4t auch f\u00fcr Sie geeignet ist. Wir arbeiten mit Veteranen im ganzen Land zusammen, also wenden Sie sich bitte an uns, wenn Sie dieses Ger\u00e4t ben\u00f6tigen.\" \/>\n<meta name=\"robots\" content=\"index, follow, max-snippet:-1, max-image-preview:large, max-video-preview:-1\" \/>\n<link rel=\"canonical\" href=\"https:\/\/meetobi.com\/de\/anfrage-fuer-veteranenversuche\/\" \/>\n<meta property=\"og:locale\" content=\"de_DE\" \/>\n<meta property=\"og:type\" content=\"article\" \/>\n<meta property=\"og:title\" content=\"Anfrage f\u00fcr Veteranenversuche -\" \/>\n<meta property=\"og:description\" content=\"Fordern Sie an, Obi pers\u00f6nlich auszuprobieren und herauszufinden, ob dieses revolution\u00e4re Ger\u00e4t auch f\u00fcr Sie geeignet ist. Wir arbeiten mit Veteranen im ganzen Land zusammen, also wenden Sie sich bitte an uns, wenn Sie dieses Ger\u00e4t ben\u00f6tigen.\" \/>\n<meta property=\"og:url\" content=\"https:\/\/meetobi.com\/de\/anfrage-fuer-veteranenversuche\/\" \/>\n<meta property=\"og:site_name\" content=\"Obi\" \/>\n<meta property=\"article:publisher\" content=\"https:\/\/www.facebook.com\/obirobot\" \/>\n<meta property=\"article:modified_time\" content=\"2025-08-19T10:31:00+00:00\" \/>\n<meta property=\"og:image\" content=\"https:\/\/meetobi.com\/wp-content\/uploads\/2023\/01\/Alan-Veteran-using-obi-at-home-dinner-table.webp\" \/>\n\t<meta property=\"og:image:width\" content=\"1920\" \/>\n\t<meta property=\"og:image:height\" content=\"1470\" \/>\n\t<meta property=\"og:image:type\" content=\"image\/webp\" \/>\n<meta name=\"twitter:card\" content=\"summary_large_image\" \/>\n<meta name=\"twitter:site\" content=\"@ObiRobot\" \/>\n<script type=\"application\/ld+json\" class=\"yoast-schema-graph\">{\"@context\":\"https:\/\/schema.org\",\"@graph\":[{\"@type\":\"WebPage\",\"@id\":\"https:\/\/meetobi.com\/de\/anfrage-fuer-veteranenversuche\/\",\"url\":\"https:\/\/meetobi.com\/de\/anfrage-fuer-veteranenversuche\/\",\"name\":\"Anfrage f\u00fcr Veteranenversuche -\",\"isPartOf\":{\"@id\":\"https:\/\/meetobi.com\/de\/#website\"},\"primaryImageOfPage\":{\"@id\":\"https:\/\/meetobi.com\/de\/anfrage-fuer-veteranenversuche\/#primaryimage\"},\"image\":{\"@id\":\"https:\/\/meetobi.com\/de\/anfrage-fuer-veteranenversuche\/#primaryimage\"},\"thumbnailUrl\":\"https:\/\/meetobi.com\/wp-content\/uploads\/2023\/01\/Alan-Veteran-using-obi-at-home-dinner-table-1024x784.webp\",\"datePublished\":\"2022-12-20T22:05:48+00:00\",\"dateModified\":\"2025-08-19T10:31:00+00:00\",\"description\":\"Fordern Sie an, Obi pers\u00f6nlich auszuprobieren und herauszufinden, ob dieses revolution\u00e4re Ger\u00e4t auch f\u00fcr Sie geeignet ist. Wir arbeiten mit Veteranen im ganzen Land zusammen, also wenden Sie sich bitte an uns, wenn Sie dieses Ger\u00e4t ben\u00f6tigen.\",\"breadcrumb\":{\"@id\":\"https:\/\/meetobi.com\/de\/anfrage-fuer-veteranenversuche\/#breadcrumb\"},\"inLanguage\":\"de\",\"potentialAction\":[{\"@type\":\"ReadAction\",\"target\":[\"https:\/\/meetobi.com\/de\/anfrage-fuer-veteranenversuche\/\"]}]},{\"@type\":\"ImageObject\",\"inLanguage\":\"de\",\"@id\":\"https:\/\/meetobi.com\/de\/anfrage-fuer-veteranenversuche\/#primaryimage\",\"url\":\"https:\/\/meetobi.com\/wp-content\/uploads\/2023\/01\/Alan-Veteran-using-obi-at-home-dinner-table-1024x784.webp\",\"contentUrl\":\"https:\/\/meetobi.com\/wp-content\/uploads\/2023\/01\/Alan-Veteran-using-obi-at-home-dinner-table-1024x784.webp\"},{\"@type\":\"BreadcrumbList\",\"@id\":\"https:\/\/meetobi.com\/de\/anfrage-fuer-veteranenversuche\/#breadcrumb\",\"itemListElement\":[{\"@type\":\"ListItem\",\"position\":1,\"name\":\"Home\",\"item\":\"https:\/\/meetobi.com\/de\/\"},{\"@type\":\"ListItem\",\"position\":2,\"name\":\"Anfrage f\u00fcr Veteranenversuche\"}]},{\"@type\":\"WebSite\",\"@id\":\"https:\/\/meetobi.com\/de\/#website\",\"url\":\"https:\/\/meetobi.com\/de\/\",\"name\":\"Obi\",\"description\":\"Obi: The Independent Eating Device\",\"publisher\":{\"@id\":\"https:\/\/meetobi.com\/de\/#organization\"},\"alternateName\":\"Obi Adaptive Eating Device\",\"potentialAction\":[{\"@type\":\"SearchAction\",\"target\":{\"@type\":\"EntryPoint\",\"urlTemplate\":\"https:\/\/meetobi.com\/de\/?s={search_term_string}\"},\"query-input\":{\"@type\":\"PropertyValueSpecification\",\"valueRequired\":true,\"valueName\":\"search_term_string\"}}],\"inLanguage\":\"de\"},{\"@type\":\"Organization\",\"@id\":\"https:\/\/meetobi.com\/de\/#organization\",\"name\":\"Obi Adaptive Eating Device\",\"alternateName\":\"MeetObi\",\"url\":\"https:\/\/meetobi.com\/de\/\",\"logo\":{\"@type\":\"ImageObject\",\"inLanguage\":\"de\",\"@id\":\"https:\/\/meetobi.com\/de\/#\/schema\/logo\/image\/\",\"url\":\"https:\/\/d6be6d1b8c.nxcli.io\/wp-content\/uploads\/2022\/02\/Outdoor-Dining-with-Obi-768x433-1.jpg\",\"contentUrl\":\"https:\/\/d6be6d1b8c.nxcli.io\/wp-content\/uploads\/2022\/02\/Outdoor-Dining-with-Obi-768x433-1.jpg\",\"width\":768,\"height\":433,\"caption\":\"Obi Adaptive Eating Device\"},\"image\":{\"@id\":\"https:\/\/meetobi.com\/de\/#\/schema\/logo\/image\/\"},\"sameAs\":[\"https:\/\/www.facebook.com\/obirobot\",\"https:\/\/x.com\/ObiRobot\",\"https:\/\/www.youtube.com\/c\/Meetobirobot\",\"https:\/\/www.instagram.com\/obirobot\"]}]}<\/script>\n<!-- \/ Yoast SEO plugin. -->","yoast_head_json":{"title":"Anfrage f\u00fcr Veteranenversuche -","description":"Fordern Sie an, Obi pers\u00f6nlich auszuprobieren und herauszufinden, ob dieses revolution\u00e4re Ger\u00e4t auch f\u00fcr Sie geeignet ist. Wir arbeiten mit Veteranen im ganzen Land zusammen, also wenden Sie sich bitte an uns, wenn Sie dieses Ger\u00e4t ben\u00f6tigen.","robots":{"index":"index","follow":"follow","max-snippet":"max-snippet:-1","max-image-preview":"max-image-preview:large","max-video-preview":"max-video-preview:-1"},"canonical":"https:\/\/meetobi.com\/de\/anfrage-fuer-veteranenversuche\/","og_locale":"de_DE","og_type":"article","og_title":"Anfrage f\u00fcr Veteranenversuche -","og_description":"Fordern Sie an, Obi pers\u00f6nlich auszuprobieren und herauszufinden, ob dieses revolution\u00e4re Ger\u00e4t auch f\u00fcr Sie geeignet ist. Wir arbeiten mit Veteranen im ganzen Land zusammen, also wenden Sie sich bitte an uns, wenn Sie dieses Ger\u00e4t ben\u00f6tigen.","og_url":"https:\/\/meetobi.com\/de\/anfrage-fuer-veteranenversuche\/","og_site_name":"Obi","article_publisher":"https:\/\/www.facebook.com\/obirobot","article_modified_time":"2025-08-19T10:31:00+00:00","og_image":[{"width":1920,"height":1470,"url":"https:\/\/meetobi.com\/wp-content\/uploads\/2023\/01\/Alan-Veteran-using-obi-at-home-dinner-table.webp","type":"image\/webp"}],"twitter_card":"summary_large_image","twitter_site":"@ObiRobot","schema":{"@context":"https:\/\/schema.org","@graph":[{"@type":"WebPage","@id":"https:\/\/meetobi.com\/de\/anfrage-fuer-veteranenversuche\/","url":"https:\/\/meetobi.com\/de\/anfrage-fuer-veteranenversuche\/","name":"Anfrage f\u00fcr Veteranenversuche -","isPartOf":{"@id":"https:\/\/meetobi.com\/de\/#website"},"primaryImageOfPage":{"@id":"https:\/\/meetobi.com\/de\/anfrage-fuer-veteranenversuche\/#primaryimage"},"image":{"@id":"https:\/\/meetobi.com\/de\/anfrage-fuer-veteranenversuche\/#primaryimage"},"thumbnailUrl":"https:\/\/meetobi.com\/wp-content\/uploads\/2023\/01\/Alan-Veteran-using-obi-at-home-dinner-table-1024x784.webp","datePublished":"2022-12-20T22:05:48+00:00","dateModified":"2025-08-19T10:31:00+00:00","description":"Fordern Sie an, Obi pers\u00f6nlich auszuprobieren und herauszufinden, ob dieses revolution\u00e4re Ger\u00e4t auch f\u00fcr Sie geeignet ist. Wir arbeiten mit Veteranen im ganzen Land zusammen, also wenden Sie sich bitte an uns, wenn Sie dieses Ger\u00e4t ben\u00f6tigen.","breadcrumb":{"@id":"https:\/\/meetobi.com\/de\/anfrage-fuer-veteranenversuche\/#breadcrumb"},"inLanguage":"de","potentialAction":[{"@type":"ReadAction","target":["https:\/\/meetobi.com\/de\/anfrage-fuer-veteranenversuche\/"]}]},{"@type":"ImageObject","inLanguage":"de","@id":"https:\/\/meetobi.com\/de\/anfrage-fuer-veteranenversuche\/#primaryimage","url":"https:\/\/meetobi.com\/wp-content\/uploads\/2023\/01\/Alan-Veteran-using-obi-at-home-dinner-table-1024x784.webp","contentUrl":"https:\/\/meetobi.com\/wp-content\/uploads\/2023\/01\/Alan-Veteran-using-obi-at-home-dinner-table-1024x784.webp"},{"@type":"BreadcrumbList","@id":"https:\/\/meetobi.com\/de\/anfrage-fuer-veteranenversuche\/#breadcrumb","itemListElement":[{"@type":"ListItem","position":1,"name":"Home","item":"https:\/\/meetobi.com\/de\/"},{"@type":"ListItem","position":2,"name":"Anfrage f\u00fcr Veteranenversuche"}]},{"@type":"WebSite","@id":"https:\/\/meetobi.com\/de\/#website","url":"https:\/\/meetobi.com\/de\/","name":"Obi","description":"Obi: The Independent Eating Device","publisher":{"@id":"https:\/\/meetobi.com\/de\/#organization"},"alternateName":"Obi Adaptive Eating Device","potentialAction":[{"@type":"SearchAction","target":{"@type":"EntryPoint","urlTemplate":"https:\/\/meetobi.com\/de\/?s={search_term_string}"},"query-input":{"@type":"PropertyValueSpecification","valueRequired":true,"valueName":"search_term_string"}}],"inLanguage":"de"},{"@type":"Organization","@id":"https:\/\/meetobi.com\/de\/#organization","name":"Obi Adaptive Eating Device","alternateName":"MeetObi","url":"https:\/\/meetobi.com\/de\/","logo":{"@type":"ImageObject","inLanguage":"de","@id":"https:\/\/meetobi.com\/de\/#\/schema\/logo\/image\/","url":"https:\/\/d6be6d1b8c.nxcli.io\/wp-content\/uploads\/2022\/02\/Outdoor-Dining-with-Obi-768x433-1.jpg","contentUrl":"https:\/\/d6be6d1b8c.nxcli.io\/wp-content\/uploads\/2022\/02\/Outdoor-Dining-with-Obi-768x433-1.jpg","width":768,"height":433,"caption":"Obi Adaptive Eating Device"},"image":{"@id":"https:\/\/meetobi.com\/de\/#\/schema\/logo\/image\/"},"sameAs":["https:\/\/www.facebook.com\/obirobot","https:\/\/x.com\/ObiRobot","https:\/\/www.youtube.com\/c\/Meetobirobot","https:\/\/www.instagram.com\/obirobot"]}]}},"jetpack_sharing_enabled":true,"_links":{"self":[{"href":"https:\/\/meetobi.com\/de\/wp-json\/wp\/v2\/pages\/7895","targetHints":{"allow":["GET"]}}],"collection":[{"href":"https:\/\/meetobi.com\/de\/wp-json\/wp\/v2\/pages"}],"about":[{"href":"https:\/\/meetobi.com\/de\/wp-json\/wp\/v2\/types\/page"}],"author":[{"embeddable":true,"href":"https:\/\/meetobi.com\/de\/wp-json\/wp\/v2\/users\/7"}],"replies":[{"embeddable":true,"href":"https:\/\/meetobi.com\/de\/wp-json\/wp\/v2\/comments?post=7895"}],"version-history":[{"count":2,"href":"https:\/\/meetobi.com\/de\/wp-json\/wp\/v2\/pages\/7895\/revisions"}],"predecessor-version":[{"id":20201,"href":"https:\/\/meetobi.com\/de\/wp-json\/wp\/v2\/pages\/7895\/revisions\/20201"}],"wp:attachment":[{"href":"https:\/\/meetobi.com\/de\/wp-json\/wp\/v2\/media?parent=7895"}],"curies":[{"name":"wp","href":"https:\/\/api.w.org\/{rel}","templated":true}]}}