{"id":9315,"date":"2022-01-26T21:36:45","date_gmt":"2022-01-26T21:36:45","guid":{"rendered":"https:\/\/d6be6d1b8c.nxcli.io\/stoette\/"},"modified":"2025-11-20T14:09:32","modified_gmt":"2025-11-20T14:09:32","slug":"stoette","status":"publish","type":"page","link":"https:\/\/meetobi.com\/da\/stoette\/","title":{"rendered":"St\u00f8tte"},"content":{"rendered":"\t\t<div data-elementor-type=\"wp-page\" data-elementor-id=\"9315\" class=\"elementor elementor-9315 elementor-2780\" data-elementor-post-type=\"page\">\n\t\t\t\t\t\t<section class=\"elementor-section elementor-top-section elementor-element elementor-element-00e1042 section-pts section-pbs wht mbs elementor-section-height-min-height elementor-section-boxed elementor-section-height-default elementor-section-items-middle\" data-id=\"00e1042\" data-element_type=\"section\" data-e-type=\"section\" data-settings=\"{&quot;background_background&quot;:&quot;classic&quot;}\">\n\t\t\t\t\t\t<div class=\"elementor-container elementor-column-gap-default\">\n\t\t\t\t\t<div class=\"elementor-column elementor-col-100 elementor-top-column elementor-element elementor-element-c55ec4d\" data-id=\"c55ec4d\" data-element_type=\"column\" data-e-type=\"column\">\n\t\t\t<div class=\"elementor-widget-wrap elementor-element-populated\">\n\t\t\t\t\t\t<div class=\"elementor-element elementor-element-d342da2 wht mbs elementor-widget elementor-widget-heading\" data-id=\"d342da2\" data-element_type=\"widget\" data-e-type=\"widget\" data-widget_type=\"heading.default\">\n\t\t\t\t<div class=\"elementor-widget-container\">\n\t\t\t\t\t<h1 class=\"elementor-heading-title elementor-size-default\">St\u00f8tte<\/h1>\t\t\t\t<\/div>\n\t\t\t\t<\/div>\n\t\t\t\t<div class=\"elementor-element elementor-element-a767316 elementor-align-center mbn elementor-widget elementor-widget-breadcrumbs\" data-id=\"a767316\" data-element_type=\"widget\" data-e-type=\"widget\" data-widget_type=\"breadcrumbs.default\">\n\t\t\t\t<div class=\"elementor-widget-container\">\n\t\t\t\t\t<p id=\"breadcrumbs\"><span><span><a href=\"https:\/\/meetobi.com\/da\/\">Home<\/a><\/span><\/span><\/p>\t\t\t\t<\/div>\n\t\t\t\t<\/div>\n\t\t\t\t\t<\/div>\n\t\t<\/div>\n\t\t\t\t\t<\/div>\n\t\t<\/section>\n\t\t\t\t<section class=\"elementor-section elementor-top-section elementor-element elementor-element-a74ee78 section-pts elementor-section-boxed elementor-section-height-default elementor-section-height-default section-default-pad\" data-id=\"a74ee78\" data-element_type=\"section\" data-e-type=\"section\">\n\t\t\t\t\t\t<div class=\"elementor-container elementor-column-gap-default\">\n\t\t\t\t\t<div class=\"elementor-column elementor-col-100 elementor-top-column elementor-element elementor-element-9dda51a\" data-id=\"9dda51a\" data-element_type=\"column\" data-e-type=\"column\">\n\t\t\t<div class=\"elementor-widget-wrap elementor-element-populated\">\n\t\t\t\t\t\t<div class=\"elementor-element elementor-element-c1be73f text-narrow-centered elementor-widget elementor-widget-heading\" data-id=\"c1be73f\" data-element_type=\"widget\" data-e-type=\"widget\" data-widget_type=\"heading.default\">\n\t\t\t\t<div class=\"elementor-widget-container\">\n\t\t\t\t\t<h5 class=\"elementor-heading-title elementor-size-default\">Hvis du har brug for support eller problemer med din enhed, bedes du udfylde formularen \nnedenfor, s\u00e5 kontakter vores serviceteam dig snart!<\/h5>\t\t\t\t<\/div>\n\t\t\t\t<\/div>\n\t\t\t\t<section class=\"elementor-section elementor-inner-section elementor-element elementor-element-ade7d77 section-ptn section-pbn elementor-section-boxed elementor-section-height-default elementor-section-height-default\" data-id=\"ade7d77\" data-element_type=\"section\" data-e-type=\"section\">\n\t\t\t\t\t\t<div class=\"elementor-container elementor-column-gap-default\">\n\t\t\t\t\t<div class=\"elementor-column elementor-col-100 elementor-inner-column elementor-element elementor-element-c653488\" data-id=\"c653488\" data-element_type=\"column\" data-e-type=\"column\">\n\t\t\t<div class=\"elementor-widget-wrap elementor-element-populated\">\n\t\t\t\t\t\t<div class=\"elementor-element elementor-element-21d1c2f elementor-widget elementor-widget-html\" data-id=\"21d1c2f\" data-element_type=\"widget\" data-e-type=\"widget\" data-widget_type=\"html.default\">\n\t\t\t\t<div class=\"elementor-widget-container\">\n\t\t\t\t\t<!--[if lte IE 8]>\n<script charset=\"utf-8\" type=\"text\/javascript\" src=\"\/\/js.hsforms.net\/forms\/v2-legacy.js\"><\/script>\n<![endif]-->\n<script charset=\"utf-8\" type=\"text\/javascript\" src=\"\/\/js.hsforms.net\/forms\/v2.js\"><\/script>\n<script>\nhbspt.forms.create({\nregion: \"na1\",\nportalId: \"20523599\",\nformId: \"0761c020-9900-40d9-b8bd-45f5bd1958f6\"\n});\n<\/script>\t\t\t\t<\/div>\n\t\t\t\t<\/div>\n\t\t\t\t\t<\/div>\n\t\t<\/div>\n\t\t\t\t\t<\/div>\n\t\t<\/section>\n\t\t\t\t\t<\/div>\n\t\t<\/div>\n\t\t\t\t\t<\/div>\n\t\t<\/section>\n\t\t<div class=\"elementor-element elementor-element-ad4dcb1 e-flex e-con-boxed e-con e-parent\" data-id=\"ad4dcb1\" data-element_type=\"container\" data-e-type=\"container\">\n\t\t\t\t\t<div class=\"e-con-inner\">\n\t\t<div class=\"elementor-element elementor-element-869ac37 e-con-full e-flex e-con e-child\" data-id=\"869ac37\" data-element_type=\"container\" data-e-type=\"container\">\n\t\t\t\t<div class=\"elementor-element elementor-element-9e5cb96 elementor-widget elementor-widget-heading\" data-id=\"9e5cb96\" data-element_type=\"widget\" data-e-type=\"widget\" data-widget_type=\"heading.default\">\n\t\t\t\t<div class=\"elementor-widget-container\">\n\t\t\t\t\t<h3 class=\"elementor-heading-title elementor-size-default\">L\u00e6s mere om, hvordan Obi g\u00f8r det muligt at spise selvst\u00e6ndigt<\/h3>\t\t\t\t<\/div>\n\t\t\t\t<\/div>\n\t\t\t\t<div class=\"elementor-element elementor-element-0d119bf elementor-widget elementor-widget-text-editor\" data-id=\"0d119bf\" data-element_type=\"widget\" data-e-type=\"widget\" data-widget_type=\"text-editor.default\">\n\t\t\t\t<div class=\"elementor-widget-container\">\n\t\t\t\t\t\t\t\t\t<p>Obi er en <a href=\"\/\"><strong>Spiseanordning<\/strong><\/a> designet til at hj\u00e6lpe voksne og b\u00f8rn med fysiske handicap eller funktionsneds\u00e6ttelser, som har brug for hj\u00e6lp til at spise selv. Den indeholder en multisensorisk, interaktiv baseenhed, der kan bruges med n\u00e6sten alle slags mad.<\/p><p>Med Obi bliver brugerne mere engagerede i m\u00e5ltidsoplevelsen, samtidig med at de opn\u00e5r uafh\u00e6ngighed og selvtillid, n\u00e5r de spiser selvst\u00e6ndigt.<\/p>\t\t\t\t\t\t\t\t<\/div>\n\t\t\t\t<\/div>\n\t\t\t\t<div class=\"elementor-element elementor-element-55a63c7 elementor-align-left elementor-mobile-align-left elementor-widget elementor-widget-button\" data-id=\"55a63c7\" data-element_type=\"widget\" data-e-type=\"widget\" data-widget_type=\"button.default\">\n\t\t\t\t<div class=\"elementor-widget-container\">\n\t\t\t\t\t\t\t\t\t<div class=\"elementor-button-wrapper\">\n\t\t\t\t\t<a class=\"elementor-button elementor-button-link elementor-size-sm\" href=\"https:\/\/meetobi.com\/da\/moed-obi\/\" rel=\"nofollow\">\n\t\t\t\t\t\t<span class=\"elementor-button-content-wrapper\">\n\t\t\t\t\t\t\t\t\t<span class=\"elementor-button-text\">F\u00e5 mere at vide om Obi<\/span>\n\t\t\t\t\t<\/span>\n\t\t\t\t\t<\/a>\n\t\t\t\t<\/div>\n\t\t\t\t\t\t\t\t<\/div>\n\t\t\t\t<\/div>\n\t\t\t\t<\/div>\n\t\t<div class=\"elementor-element elementor-element-246d47f e-con-full e-flex e-con e-child\" data-id=\"246d47f\" data-element_type=\"container\" data-e-type=\"container\">\n\t\t\t\t<div class=\"elementor-element elementor-element-81ae234 elementor-widget elementor-widget-image\" data-id=\"81ae234\" data-element_type=\"widget\" data-e-type=\"widget\" data-widget_type=\"image.default\">\n\t\t\t\t<div class=\"elementor-widget-container\">\n\t\t\t\t\t\t\t\t\t\t\t\t\t\t\t<img fetchpriority=\"high\" decoding=\"async\" width=\"800\" height=\"534\" src=\"https:\/\/meetobi.com\/wp-content\/uploads\/2024\/05\/IMG_0251-1024x683.jpg\" class=\"attachment-large size-large wp-image-12329\" alt=\"\" srcset=\"https:\/\/meetobi.com\/wp-content\/uploads\/2024\/05\/IMG_0251-1024x683.jpg 1024w, https:\/\/meetobi.com\/wp-content\/uploads\/2024\/05\/IMG_0251-300x200.jpg 300w, https:\/\/meetobi.com\/wp-content\/uploads\/2024\/05\/IMG_0251-768x512.jpg 768w, https:\/\/meetobi.com\/wp-content\/uploads\/2024\/05\/IMG_0251-1536x1024.jpg 1536w, https:\/\/meetobi.com\/wp-content\/uploads\/2024\/05\/IMG_0251-2048x1365.jpg 2048w, https:\/\/meetobi.com\/wp-content\/uploads\/2024\/05\/IMG_0251-1320x880.jpg 1320w, https:\/\/meetobi.com\/wp-content\/uploads\/2024\/05\/IMG_0251-600x400.jpg 600w\" sizes=\"(max-width: 800px) 100vw, 800px\" \/>\t\t\t\t\t\t\t\t\t\t\t\t\t\t\t<\/div>\n\t\t\t\t<\/div>\n\t\t\t\t<\/div>\n\t\t\t\t\t<\/div>\n\t\t\t\t<\/div>\n\t\t\t\t<\/div>\n\t\t","protected":false},"excerpt":{"rendered":"<p>Obi er et adaptivt spiseapparat, der er designet til at hj\u00e6lpe voksne og b\u00f8rn med fysiske handicap eller funktionsneds\u00e6ttelser, som har brug for hj\u00e6lp til at spise selv. Den indeholder en multisensorisk, interaktiv baseenhed, der kan bruges med n\u00e6sten alle slags mad. <\/p>\n","protected":false},"author":1,"featured_media":9117,"parent":0,"menu_order":13,"comment_status":"closed","ping_status":"closed","template":"","meta":{"content-type":"","footnotes":""},"class_list":["post-9315","page","type-page","status-publish","has-post-thumbnail","hentry"],"yoast_head":"<!-- This site is optimized with the Yoast SEO plugin v27.2 - https:\/\/yoast.com\/product\/yoast-seo-wordpress\/ -->\n<title>F\u00e5 hj\u00e6lp og support til Obi - Obi<\/title>\n<meta name=\"description\" content=\"Har du brug for hj\u00e6lp med din Obi-enhed? Vi er her for at hj\u00e6lpe! Indsend en anmodning om support. Vores serviceteam kontakter dig snart!\" \/>\n<meta name=\"robots\" content=\"index, follow, max-snippet:-1, max-image-preview:large, max-video-preview:-1\" \/>\n<link rel=\"canonical\" href=\"https:\/\/meetobi.com\/da\/stoette\/\" \/>\n<meta property=\"og:locale\" content=\"da_DK\" \/>\n<meta property=\"og:type\" content=\"article\" \/>\n<meta property=\"og:title\" content=\"F\u00e5 hj\u00e6lp og support til Obi - Obi\" \/>\n<meta property=\"og:description\" content=\"Har du brug for hj\u00e6lp med din Obi-enhed? Vi er her for at hj\u00e6lpe! Indsend en anmodning om support. Vores serviceteam kontakter dig snart!\" \/>\n<meta property=\"og:url\" content=\"https:\/\/meetobi.com\/da\/stoette\/\" \/>\n<meta property=\"og:site_name\" content=\"Obi\" \/>\n<meta property=\"article:publisher\" content=\"https:\/\/www.facebook.com\/obirobot\" \/>\n<meta property=\"article:modified_time\" content=\"2025-11-20T14:09:32+00:00\" \/>\n<meta property=\"og:image\" content=\"https:\/\/meetobi.com\/wp-content\/uploads\/2023\/01\/Alan-Veteran-using-obi-at-home-dinner-table.webp\" \/>\n\t<meta property=\"og:image:width\" content=\"1920\" \/>\n\t<meta property=\"og:image:height\" content=\"1470\" \/>\n\t<meta property=\"og:image:type\" content=\"image\/webp\" \/>\n<meta name=\"twitter:card\" content=\"summary_large_image\" \/>\n<meta name=\"twitter:site\" content=\"@ObiRobot\" \/>\n<meta name=\"twitter:label1\" content=\"Estimeret l\u00e6setid\" \/>\n\t<meta name=\"twitter:data1\" content=\"1 minut\" \/>\n<script type=\"application\/ld+json\" class=\"yoast-schema-graph\">{\"@context\":\"https:\/\/schema.org\",\"@graph\":[{\"@type\":\"WebPage\",\"@id\":\"https:\/\/meetobi.com\/da\/stoette\/\",\"url\":\"https:\/\/meetobi.com\/da\/stoette\/\",\"name\":\"F\u00e5 hj\u00e6lp og support til Obi - Obi\",\"isPartOf\":{\"@id\":\"https:\/\/meetobi.com\/da\/#website\"},\"primaryImageOfPage\":{\"@id\":\"https:\/\/meetobi.com\/da\/stoette\/#primaryimage\"},\"image\":{\"@id\":\"https:\/\/meetobi.com\/da\/stoette\/#primaryimage\"},\"thumbnailUrl\":\"https:\/\/meetobi.com\/wp-content\/uploads\/2023\/01\/Alan-Veteran-using-obi-at-home-dinner-table.webp\",\"datePublished\":\"2022-01-26T21:36:45+00:00\",\"dateModified\":\"2025-11-20T14:09:32+00:00\",\"description\":\"Har du brug for hj\u00e6lp med din Obi-enhed? Vi er her for at hj\u00e6lpe! Indsend en anmodning om support. Vores serviceteam kontakter dig snart!\",\"breadcrumb\":{\"@id\":\"https:\/\/meetobi.com\/da\/stoette\/#breadcrumb\"},\"inLanguage\":\"da-DK\",\"potentialAction\":[{\"@type\":\"ReadAction\",\"target\":[\"https:\/\/meetobi.com\/da\/stoette\/\"]}]},{\"@type\":\"ImageObject\",\"inLanguage\":\"da-DK\",\"@id\":\"https:\/\/meetobi.com\/da\/stoette\/#primaryimage\",\"url\":\"https:\/\/meetobi.com\/wp-content\/uploads\/2023\/01\/Alan-Veteran-using-obi-at-home-dinner-table.webp\",\"contentUrl\":\"https:\/\/meetobi.com\/wp-content\/uploads\/2023\/01\/Alan-Veteran-using-obi-at-home-dinner-table.webp\",\"width\":1920,\"height\":1470},{\"@type\":\"BreadcrumbList\",\"@id\":\"https:\/\/meetobi.com\/da\/stoette\/#breadcrumb\",\"itemListElement\":[{\"@type\":\"ListItem\",\"position\":1,\"name\":\"Home\",\"item\":\"https:\/\/meetobi.com\/da\/\"},{\"@type\":\"ListItem\",\"position\":2,\"name\":\"St\u00f8tte\"}]},{\"@type\":\"WebSite\",\"@id\":\"https:\/\/meetobi.com\/da\/#website\",\"url\":\"https:\/\/meetobi.com\/da\/\",\"name\":\"Obi\",\"description\":\"Obi: The Independent Eating Device\",\"publisher\":{\"@id\":\"https:\/\/meetobi.com\/da\/#organization\"},\"alternateName\":\"Obi Adaptive Eating Device\",\"potentialAction\":[{\"@type\":\"SearchAction\",\"target\":{\"@type\":\"EntryPoint\",\"urlTemplate\":\"https:\/\/meetobi.com\/da\/?s={search_term_string}\"},\"query-input\":{\"@type\":\"PropertyValueSpecification\",\"valueRequired\":true,\"valueName\":\"search_term_string\"}}],\"inLanguage\":\"da-DK\"},{\"@type\":\"Organization\",\"@id\":\"https:\/\/meetobi.com\/da\/#organization\",\"name\":\"Obi Adaptive Eating Device\",\"alternateName\":\"MeetObi\",\"url\":\"https:\/\/meetobi.com\/da\/\",\"logo\":{\"@type\":\"ImageObject\",\"inLanguage\":\"da-DK\",\"@id\":\"https:\/\/meetobi.com\/da\/#\/schema\/logo\/image\/\",\"url\":\"https:\/\/d6be6d1b8c.nxcli.io\/wp-content\/uploads\/2022\/02\/Outdoor-Dining-with-Obi-768x433-1.jpg\",\"contentUrl\":\"https:\/\/d6be6d1b8c.nxcli.io\/wp-content\/uploads\/2022\/02\/Outdoor-Dining-with-Obi-768x433-1.jpg\",\"width\":768,\"height\":433,\"caption\":\"Obi Adaptive Eating Device\"},\"image\":{\"@id\":\"https:\/\/meetobi.com\/da\/#\/schema\/logo\/image\/\"},\"sameAs\":[\"https:\/\/www.facebook.com\/obirobot\",\"https:\/\/x.com\/ObiRobot\",\"https:\/\/www.youtube.com\/c\/Meetobirobot\",\"https:\/\/www.instagram.com\/obirobot\"]}]}<\/script>\n<!-- \/ Yoast SEO plugin. -->","yoast_head_json":{"title":"F\u00e5 hj\u00e6lp og support til Obi - Obi","description":"Har du brug for hj\u00e6lp med din Obi-enhed? Vi er her for at hj\u00e6lpe! Indsend en anmodning om support. Vores serviceteam kontakter dig snart!","robots":{"index":"index","follow":"follow","max-snippet":"max-snippet:-1","max-image-preview":"max-image-preview:large","max-video-preview":"max-video-preview:-1"},"canonical":"https:\/\/meetobi.com\/da\/stoette\/","og_locale":"da_DK","og_type":"article","og_title":"F\u00e5 hj\u00e6lp og support til Obi - Obi","og_description":"Har du brug for hj\u00e6lp med din Obi-enhed? Vi er her for at hj\u00e6lpe! Indsend en anmodning om support. Vores serviceteam kontakter dig snart!","og_url":"https:\/\/meetobi.com\/da\/stoette\/","og_site_name":"Obi","article_publisher":"https:\/\/www.facebook.com\/obirobot","article_modified_time":"2025-11-20T14:09:32+00:00","og_image":[{"width":1920,"height":1470,"url":"https:\/\/meetobi.com\/wp-content\/uploads\/2023\/01\/Alan-Veteran-using-obi-at-home-dinner-table.webp","type":"image\/webp"}],"twitter_card":"summary_large_image","twitter_site":"@ObiRobot","twitter_misc":{"Estimeret l\u00e6setid":"1 minut"},"schema":{"@context":"https:\/\/schema.org","@graph":[{"@type":"WebPage","@id":"https:\/\/meetobi.com\/da\/stoette\/","url":"https:\/\/meetobi.com\/da\/stoette\/","name":"F\u00e5 hj\u00e6lp og support til Obi - Obi","isPartOf":{"@id":"https:\/\/meetobi.com\/da\/#website"},"primaryImageOfPage":{"@id":"https:\/\/meetobi.com\/da\/stoette\/#primaryimage"},"image":{"@id":"https:\/\/meetobi.com\/da\/stoette\/#primaryimage"},"thumbnailUrl":"https:\/\/meetobi.com\/wp-content\/uploads\/2023\/01\/Alan-Veteran-using-obi-at-home-dinner-table.webp","datePublished":"2022-01-26T21:36:45+00:00","dateModified":"2025-11-20T14:09:32+00:00","description":"Har du brug for hj\u00e6lp med din Obi-enhed? Vi er her for at hj\u00e6lpe! Indsend en anmodning om support. Vores serviceteam kontakter dig snart!","breadcrumb":{"@id":"https:\/\/meetobi.com\/da\/stoette\/#breadcrumb"},"inLanguage":"da-DK","potentialAction":[{"@type":"ReadAction","target":["https:\/\/meetobi.com\/da\/stoette\/"]}]},{"@type":"ImageObject","inLanguage":"da-DK","@id":"https:\/\/meetobi.com\/da\/stoette\/#primaryimage","url":"https:\/\/meetobi.com\/wp-content\/uploads\/2023\/01\/Alan-Veteran-using-obi-at-home-dinner-table.webp","contentUrl":"https:\/\/meetobi.com\/wp-content\/uploads\/2023\/01\/Alan-Veteran-using-obi-at-home-dinner-table.webp","width":1920,"height":1470},{"@type":"BreadcrumbList","@id":"https:\/\/meetobi.com\/da\/stoette\/#breadcrumb","itemListElement":[{"@type":"ListItem","position":1,"name":"Home","item":"https:\/\/meetobi.com\/da\/"},{"@type":"ListItem","position":2,"name":"St\u00f8tte"}]},{"@type":"WebSite","@id":"https:\/\/meetobi.com\/da\/#website","url":"https:\/\/meetobi.com\/da\/","name":"Obi","description":"Obi: The Independent Eating Device","publisher":{"@id":"https:\/\/meetobi.com\/da\/#organization"},"alternateName":"Obi Adaptive Eating Device","potentialAction":[{"@type":"SearchAction","target":{"@type":"EntryPoint","urlTemplate":"https:\/\/meetobi.com\/da\/?s={search_term_string}"},"query-input":{"@type":"PropertyValueSpecification","valueRequired":true,"valueName":"search_term_string"}}],"inLanguage":"da-DK"},{"@type":"Organization","@id":"https:\/\/meetobi.com\/da\/#organization","name":"Obi Adaptive Eating Device","alternateName":"MeetObi","url":"https:\/\/meetobi.com\/da\/","logo":{"@type":"ImageObject","inLanguage":"da-DK","@id":"https:\/\/meetobi.com\/da\/#\/schema\/logo\/image\/","url":"https:\/\/d6be6d1b8c.nxcli.io\/wp-content\/uploads\/2022\/02\/Outdoor-Dining-with-Obi-768x433-1.jpg","contentUrl":"https:\/\/d6be6d1b8c.nxcli.io\/wp-content\/uploads\/2022\/02\/Outdoor-Dining-with-Obi-768x433-1.jpg","width":768,"height":433,"caption":"Obi Adaptive Eating Device"},"image":{"@id":"https:\/\/meetobi.com\/da\/#\/schema\/logo\/image\/"},"sameAs":["https:\/\/www.facebook.com\/obirobot","https:\/\/x.com\/ObiRobot","https:\/\/www.youtube.com\/c\/Meetobirobot","https:\/\/www.instagram.com\/obirobot"]}]}},"jetpack_sharing_enabled":true,"_links":{"self":[{"href":"https:\/\/meetobi.com\/da\/wp-json\/wp\/v2\/pages\/9315","targetHints":{"allow":["GET"]}}],"collection":[{"href":"https:\/\/meetobi.com\/da\/wp-json\/wp\/v2\/pages"}],"about":[{"href":"https:\/\/meetobi.com\/da\/wp-json\/wp\/v2\/types\/page"}],"author":[{"embeddable":true,"href":"https:\/\/meetobi.com\/da\/wp-json\/wp\/v2\/users\/1"}],"replies":[{"embeddable":true,"href":"https:\/\/meetobi.com\/da\/wp-json\/wp\/v2\/comments?post=9315"}],"version-history":[{"count":4,"href":"https:\/\/meetobi.com\/da\/wp-json\/wp\/v2\/pages\/9315\/revisions"}],"predecessor-version":[{"id":21064,"href":"https:\/\/meetobi.com\/da\/wp-json\/wp\/v2\/pages\/9315\/revisions\/21064"}],"wp:featuredmedia":[{"embeddable":true,"href":"https:\/\/meetobi.com\/da\/wp-json\/wp\/v2\/media\/9117"}],"wp:attachment":[{"href":"https:\/\/meetobi.com\/da\/wp-json\/wp\/v2\/media?parent=9315"}],"curies":[{"name":"wp","href":"https:\/\/api.w.org\/{rel}","templated":true}]}}