{"id":9236,"date":"2022-12-20T22:05:48","date_gmt":"2022-12-20T22:05:48","guid":{"rendered":"https:\/\/d6be6d1b8c.nxcli.io\/anmodning-om-veteranforsoeg\/"},"modified":"2025-08-19T10:31:00","modified_gmt":"2025-08-19T10:31:00","slug":"anmodning-om-veteranforsoeg","status":"publish","type":"page","link":"https:\/\/meetobi.com\/da\/anmodning-om-veteranforsoeg\/","title":{"rendered":"Anmodning om veteranfors\u00f8g"},"content":{"rendered":"\t\t<div data-elementor-type=\"wp-page\" data-elementor-id=\"9236\" class=\"elementor elementor-9236 elementor-6846\" data-elementor-post-type=\"page\">\n\t\t\t\t\t\t<section class=\"elementor-section elementor-top-section elementor-element elementor-element-6d96025 section-pts section-pbs wht mbs elementor-section-height-min-height elementor-section-boxed elementor-section-height-default elementor-section-items-middle\" data-id=\"6d96025\" data-element_type=\"section\" data-e-type=\"section\" data-settings=\"{&quot;background_background&quot;:&quot;classic&quot;}\">\n\t\t\t\t\t\t<div class=\"elementor-container elementor-column-gap-default\">\n\t\t\t\t\t<div class=\"elementor-column elementor-col-100 elementor-top-column elementor-element elementor-element-290a58a\" data-id=\"290a58a\" data-element_type=\"column\" data-e-type=\"column\">\n\t\t\t<div class=\"elementor-widget-wrap elementor-element-populated\">\n\t\t\t\t\t\t<div class=\"elementor-element elementor-element-0042c08 wht mbs elementor-widget elementor-widget-heading\" data-id=\"0042c08\" data-element_type=\"widget\" data-e-type=\"widget\" data-widget_type=\"heading.default\">\n\t\t\t\t<div class=\"elementor-widget-container\">\n\t\t\t\t\t<h1 class=\"elementor-heading-title elementor-size-default\">ANMODNING OM VETERANFORS\u00d8G<\/h1>\t\t\t\t<\/div>\n\t\t\t\t<\/div>\n\t\t\t\t<div class=\"elementor-element elementor-element-e946878 elementor-align-center mbn elementor-widget elementor-widget-breadcrumbs\" data-id=\"e946878\" data-element_type=\"widget\" data-e-type=\"widget\" data-widget_type=\"breadcrumbs.default\">\n\t\t\t\t<div class=\"elementor-widget-container\">\n\t\t\t\t\t<p id=\"breadcrumbs\"><span><span><a href=\"https:\/\/meetobi.com\/da\/\">Home<\/a><\/span><\/span><\/p>\t\t\t\t<\/div>\n\t\t\t\t<\/div>\n\t\t\t\t\t<\/div>\n\t\t<\/div>\n\t\t\t\t\t<\/div>\n\t\t<\/section>\n\t\t\t\t<section class=\"elementor-section elementor-top-section elementor-element elementor-element-66c4236 elementor-section-boxed elementor-section-height-default elementor-section-height-default section-default-pad section-default-pad\" data-id=\"66c4236\" data-element_type=\"section\" data-e-type=\"section\">\n\t\t\t\t\t\t<div class=\"elementor-container elementor-column-gap-default\">\n\t\t\t\t\t<div class=\"elementor-column elementor-col-100 elementor-top-column elementor-element elementor-element-2fe7a39\" data-id=\"2fe7a39\" data-element_type=\"column\" data-e-type=\"column\">\n\t\t\t<div class=\"elementor-widget-wrap elementor-element-populated\">\n\t\t\t\t\t\t<div class=\"elementor-element elementor-element-a542844 elementor-widget elementor-widget-html\" data-id=\"a542844\" data-element_type=\"widget\" data-e-type=\"widget\" data-widget_type=\"html.default\">\n\t\t\t\t<div class=\"elementor-widget-container\">\n\t\t\t\t\t<script charset=\"utf-8\" type=\"text\/javascript\" src=\"\/\/js.hsforms.net\/forms\/embed\/v2.js\"><\/script><script>hbspt.forms.create({\n    region: \"na1\",\n    portalId: \"20523599\",\n    formId: \"9eb3bd21-16c7-4dbf-bfc9-ebba845d5f4d\"\n  });\n<\/script>\t\t\t\t<\/div>\n\t\t\t\t<\/div>\n\t\t\t\t\t<\/div>\n\t\t<\/div>\n\t\t\t\t\t<\/div>\n\t\t<\/section>\n\t\t<div class=\"elementor-element elementor-element-6f2f7d4 e-flex e-con-boxed e-con e-parent\" data-id=\"6f2f7d4\" data-element_type=\"container\" data-e-type=\"container\">\n\t\t\t\t\t<div class=\"e-con-inner\">\n\t\t<div class=\"elementor-element elementor-element-38876bd e-con-full e-flex e-con e-child\" data-id=\"38876bd\" data-element_type=\"container\" data-e-type=\"container\">\n\t\t\t\t<div class=\"elementor-element elementor-element-b714f10 elementor-widget elementor-widget-heading\" data-id=\"b714f10\" data-element_type=\"widget\" data-e-type=\"widget\" data-widget_type=\"heading.default\">\n\t\t\t\t<div class=\"elementor-widget-container\">\n\t\t\t\t\t<h3 class=\"elementor-heading-title elementor-size-default\">L\u00e6r mere om, hvordan veteraner kan bruge OBI til at spise med uafh\u00e6ngighed<\/h3>\t\t\t\t<\/div>\n\t\t\t\t<\/div>\n\t\t\t\t<div class=\"elementor-element elementor-element-ec6e1ec elementor-widget elementor-widget-text-editor\" data-id=\"ec6e1ec\" data-element_type=\"widget\" data-e-type=\"widget\" data-widget_type=\"text-editor.default\">\n\t\t\t\t<div class=\"elementor-widget-container\">\n\t\t\t\t\t\t\t\t\t<p>Obi er en&nbsp;<a href=\"\/\">\n  <strong>Adaptivt spiseudstyr<\/strong>\n<\/a> der hj\u00e6lper veteraner og andre voksne eller b\u00f8rn med begr\u00e6nsninger i overekstremiteterne.&nbsp; Obi er et fantastisk redskab til at hj\u00e6lpe personer, der \u00f8nsker at spise uafh\u00e6ngigt. Med Obi v\u00e6lger brugerne, hvilke f\u00f8devarer de vil spise, og de kan spise i deres eget tempo!&nbsp;<\/p>\t\t\t\t\t\t\t\t<\/div>\n\t\t\t\t<\/div>\n\t\t\t\t<div class=\"elementor-element elementor-element-d38a5b1 elementor-align-left elementor-mobile-align-left elementor-widget elementor-widget-button\" data-id=\"d38a5b1\" data-element_type=\"widget\" data-e-type=\"widget\" data-widget_type=\"button.default\">\n\t\t\t\t<div class=\"elementor-widget-container\">\n\t\t\t\t\t\t\t\t\t<div class=\"elementor-button-wrapper\">\n\t\t\t\t\t<a class=\"elementor-button elementor-button-link elementor-size-sm\" href=\"https:\/\/meetobi.com\/da\/obi-brugere\/veteraner\/\" rel=\"nofollow\">\n\t\t\t\t\t\t<span class=\"elementor-button-content-wrapper\">\n\t\t\t\t\t\t\t\t\t<span class=\"elementor-button-text\">F\u00e5 mere at vide om Obi for veteraner<\/span>\n\t\t\t\t\t<\/span>\n\t\t\t\t\t<\/a>\n\t\t\t\t<\/div>\n\t\t\t\t\t\t\t\t<\/div>\n\t\t\t\t<\/div>\n\t\t\t\t<\/div>\n\t\t<div class=\"elementor-element elementor-element-ca06cfe e-con-full e-flex e-con e-child\" data-id=\"ca06cfe\" data-element_type=\"container\" data-e-type=\"container\">\n\t\t\t\t<div class=\"elementor-element elementor-element-6c87cee elementor-widget elementor-widget-image\" data-id=\"6c87cee\" data-element_type=\"widget\" data-e-type=\"widget\" data-widget_type=\"image.default\">\n\t\t\t\t<div class=\"elementor-widget-container\">\n\t\t\t\t\t\t\t\t\t\t\t\t\t\t\t<img fetchpriority=\"high\" decoding=\"async\" width=\"800\" height=\"613\" src=\"https:\/\/meetobi.com\/wp-content\/uploads\/2023\/01\/Alan-Veteran-using-obi-at-home-dinner-table-1024x784.webp\" class=\"attachment-large size-large wp-image-9117\" alt=\"\" srcset=\"https:\/\/meetobi.com\/wp-content\/uploads\/2023\/01\/Alan-Veteran-using-obi-at-home-dinner-table-1024x784.webp 1024w, https:\/\/meetobi.com\/wp-content\/uploads\/2023\/01\/Alan-Veteran-using-obi-at-home-dinner-table-600x459.webp 600w, https:\/\/meetobi.com\/wp-content\/uploads\/2023\/01\/Alan-Veteran-using-obi-at-home-dinner-table-300x230.webp 300w, https:\/\/meetobi.com\/wp-content\/uploads\/2023\/01\/Alan-Veteran-using-obi-at-home-dinner-table-768x588.webp 768w, https:\/\/meetobi.com\/wp-content\/uploads\/2023\/01\/Alan-Veteran-using-obi-at-home-dinner-table-1536x1176.webp 1536w, https:\/\/meetobi.com\/wp-content\/uploads\/2023\/01\/Alan-Veteran-using-obi-at-home-dinner-table.webp 1920w\" sizes=\"(max-width: 800px) 100vw, 800px\" \/>\t\t\t\t\t\t\t\t\t\t\t\t\t\t\t<\/div>\n\t\t\t\t<\/div>\n\t\t\t\t<\/div>\n\t\t\t\t\t<\/div>\n\t\t\t\t<\/div>\n\t\t\t\t<\/div>\n\t\t","protected":false},"excerpt":{"rendered":"<p>ANMODNING OM VETERANFORS\u00d8G L\u00e6r mere om, hvordan veteraner kan bruge OBI til at spise med uafh\u00e6ngighed Obi er en&nbsp; Adaptivt spiseudstyr der hj\u00e6lper veteraner og andre voksne eller b\u00f8rn med begr\u00e6nsninger i overekstremiteterne.&nbsp; Obi er et fantastisk redskab til at hj\u00e6lpe personer, der \u00f8nsker at spise uafh\u00e6ngigt. Med Obi v\u00e6lger brugerne, hvilke f\u00f8devarer de vil <a class=\"moretag btn btn-primary\" href=\"https:\/\/meetobi.com\/da\/anmodning-om-veteranforsoeg\/\">Read More \u00bb<\/a><\/p>\n","protected":false},"author":7,"featured_media":0,"parent":0,"menu_order":15,"comment_status":"closed","ping_status":"closed","template":"","meta":{"content-type":"","footnotes":""},"class_list":["post-9236","page","type-page","status-publish","hentry"],"yoast_head":"<!-- This site is optimized with the Yoast SEO plugin v27.2 - https:\/\/yoast.com\/product\/yoast-seo-wordpress\/ -->\n<title>Anmodning om veteranfors\u00f8g - Obi<\/title>\n<meta name=\"description\" content=\"Bed om at pr\u00f8ve Obi personligt, og find ud af, om denne revolutionerende enhed kan fungere for dig. Vi arbejder med veteraner over hele landet, s\u00e5 kontakt os gerne, hvis du har brug for denne enhed.\" \/>\n<meta name=\"robots\" content=\"index, follow, max-snippet:-1, max-image-preview:large, max-video-preview:-1\" \/>\n<link rel=\"canonical\" href=\"https:\/\/meetobi.com\/da\/anmodning-om-veteranforsoeg\/\" \/>\n<meta property=\"og:locale\" content=\"da_DK\" \/>\n<meta property=\"og:type\" content=\"article\" \/>\n<meta property=\"og:title\" content=\"Anmodning om veteranfors\u00f8g - Obi\" \/>\n<meta property=\"og:description\" content=\"Bed om at pr\u00f8ve Obi personligt, og find ud af, om denne revolutionerende enhed kan fungere for dig. Vi arbejder med veteraner over hele landet, s\u00e5 kontakt os gerne, hvis du har brug for denne enhed.\" \/>\n<meta property=\"og:url\" content=\"https:\/\/meetobi.com\/da\/anmodning-om-veteranforsoeg\/\" \/>\n<meta property=\"og:site_name\" content=\"Obi\" \/>\n<meta property=\"article:publisher\" content=\"https:\/\/www.facebook.com\/obirobot\" \/>\n<meta property=\"article:modified_time\" content=\"2025-08-19T10:31:00+00:00\" \/>\n<meta property=\"og:image\" content=\"https:\/\/meetobi.com\/wp-content\/uploads\/2023\/01\/Alan-Veteran-using-obi-at-home-dinner-table.webp\" \/>\n\t<meta property=\"og:image:width\" content=\"1920\" \/>\n\t<meta property=\"og:image:height\" content=\"1470\" \/>\n\t<meta property=\"og:image:type\" content=\"image\/webp\" \/>\n<meta name=\"twitter:card\" content=\"summary_large_image\" \/>\n<meta name=\"twitter:site\" content=\"@ObiRobot\" \/>\n<script type=\"application\/ld+json\" class=\"yoast-schema-graph\">{\"@context\":\"https:\/\/schema.org\",\"@graph\":[{\"@type\":\"WebPage\",\"@id\":\"https:\/\/meetobi.com\/da\/anmodning-om-veteranforsoeg\/\",\"url\":\"https:\/\/meetobi.com\/da\/anmodning-om-veteranforsoeg\/\",\"name\":\"Anmodning om veteranfors\u00f8g - Obi\",\"isPartOf\":{\"@id\":\"https:\/\/meetobi.com\/da\/#website\"},\"primaryImageOfPage\":{\"@id\":\"https:\/\/meetobi.com\/da\/anmodning-om-veteranforsoeg\/#primaryimage\"},\"image\":{\"@id\":\"https:\/\/meetobi.com\/da\/anmodning-om-veteranforsoeg\/#primaryimage\"},\"thumbnailUrl\":\"https:\/\/meetobi.com\/wp-content\/uploads\/2023\/01\/Alan-Veteran-using-obi-at-home-dinner-table-1024x784.webp\",\"datePublished\":\"2022-12-20T22:05:48+00:00\",\"dateModified\":\"2025-08-19T10:31:00+00:00\",\"description\":\"Bed om at pr\u00f8ve Obi personligt, og find ud af, om denne revolutionerende enhed kan fungere for dig. Vi arbejder med veteraner over hele landet, s\u00e5 kontakt os gerne, hvis du har brug for denne enhed.\",\"breadcrumb\":{\"@id\":\"https:\/\/meetobi.com\/da\/anmodning-om-veteranforsoeg\/#breadcrumb\"},\"inLanguage\":\"da-DK\",\"potentialAction\":[{\"@type\":\"ReadAction\",\"target\":[\"https:\/\/meetobi.com\/da\/anmodning-om-veteranforsoeg\/\"]}]},{\"@type\":\"ImageObject\",\"inLanguage\":\"da-DK\",\"@id\":\"https:\/\/meetobi.com\/da\/anmodning-om-veteranforsoeg\/#primaryimage\",\"url\":\"https:\/\/meetobi.com\/wp-content\/uploads\/2023\/01\/Alan-Veteran-using-obi-at-home-dinner-table-1024x784.webp\",\"contentUrl\":\"https:\/\/meetobi.com\/wp-content\/uploads\/2023\/01\/Alan-Veteran-using-obi-at-home-dinner-table-1024x784.webp\"},{\"@type\":\"BreadcrumbList\",\"@id\":\"https:\/\/meetobi.com\/da\/anmodning-om-veteranforsoeg\/#breadcrumb\",\"itemListElement\":[{\"@type\":\"ListItem\",\"position\":1,\"name\":\"Home\",\"item\":\"https:\/\/meetobi.com\/da\/\"},{\"@type\":\"ListItem\",\"position\":2,\"name\":\"Anmodning om veteranfors\u00f8g\"}]},{\"@type\":\"WebSite\",\"@id\":\"https:\/\/meetobi.com\/da\/#website\",\"url\":\"https:\/\/meetobi.com\/da\/\",\"name\":\"Obi\",\"description\":\"Obi: The Independent Eating Device\",\"publisher\":{\"@id\":\"https:\/\/meetobi.com\/da\/#organization\"},\"alternateName\":\"Obi Adaptive Eating Device\",\"potentialAction\":[{\"@type\":\"SearchAction\",\"target\":{\"@type\":\"EntryPoint\",\"urlTemplate\":\"https:\/\/meetobi.com\/da\/?s={search_term_string}\"},\"query-input\":{\"@type\":\"PropertyValueSpecification\",\"valueRequired\":true,\"valueName\":\"search_term_string\"}}],\"inLanguage\":\"da-DK\"},{\"@type\":\"Organization\",\"@id\":\"https:\/\/meetobi.com\/da\/#organization\",\"name\":\"Obi Adaptive Eating Device\",\"alternateName\":\"MeetObi\",\"url\":\"https:\/\/meetobi.com\/da\/\",\"logo\":{\"@type\":\"ImageObject\",\"inLanguage\":\"da-DK\",\"@id\":\"https:\/\/meetobi.com\/da\/#\/schema\/logo\/image\/\",\"url\":\"https:\/\/d6be6d1b8c.nxcli.io\/wp-content\/uploads\/2022\/02\/Outdoor-Dining-with-Obi-768x433-1.jpg\",\"contentUrl\":\"https:\/\/d6be6d1b8c.nxcli.io\/wp-content\/uploads\/2022\/02\/Outdoor-Dining-with-Obi-768x433-1.jpg\",\"width\":768,\"height\":433,\"caption\":\"Obi Adaptive Eating Device\"},\"image\":{\"@id\":\"https:\/\/meetobi.com\/da\/#\/schema\/logo\/image\/\"},\"sameAs\":[\"https:\/\/www.facebook.com\/obirobot\",\"https:\/\/x.com\/ObiRobot\",\"https:\/\/www.youtube.com\/c\/Meetobirobot\",\"https:\/\/www.instagram.com\/obirobot\"]}]}<\/script>\n<!-- \/ Yoast SEO plugin. -->","yoast_head_json":{"title":"Anmodning om veteranfors\u00f8g - Obi","description":"Bed om at pr\u00f8ve Obi personligt, og find ud af, om denne revolutionerende enhed kan fungere for dig. Vi arbejder med veteraner over hele landet, s\u00e5 kontakt os gerne, hvis du har brug for denne enhed.","robots":{"index":"index","follow":"follow","max-snippet":"max-snippet:-1","max-image-preview":"max-image-preview:large","max-video-preview":"max-video-preview:-1"},"canonical":"https:\/\/meetobi.com\/da\/anmodning-om-veteranforsoeg\/","og_locale":"da_DK","og_type":"article","og_title":"Anmodning om veteranfors\u00f8g - Obi","og_description":"Bed om at pr\u00f8ve Obi personligt, og find ud af, om denne revolutionerende enhed kan fungere for dig. Vi arbejder med veteraner over hele landet, s\u00e5 kontakt os gerne, hvis du har brug for denne enhed.","og_url":"https:\/\/meetobi.com\/da\/anmodning-om-veteranforsoeg\/","og_site_name":"Obi","article_publisher":"https:\/\/www.facebook.com\/obirobot","article_modified_time":"2025-08-19T10:31:00+00:00","og_image":[{"width":1920,"height":1470,"url":"https:\/\/meetobi.com\/wp-content\/uploads\/2023\/01\/Alan-Veteran-using-obi-at-home-dinner-table.webp","type":"image\/webp"}],"twitter_card":"summary_large_image","twitter_site":"@ObiRobot","schema":{"@context":"https:\/\/schema.org","@graph":[{"@type":"WebPage","@id":"https:\/\/meetobi.com\/da\/anmodning-om-veteranforsoeg\/","url":"https:\/\/meetobi.com\/da\/anmodning-om-veteranforsoeg\/","name":"Anmodning om veteranfors\u00f8g - Obi","isPartOf":{"@id":"https:\/\/meetobi.com\/da\/#website"},"primaryImageOfPage":{"@id":"https:\/\/meetobi.com\/da\/anmodning-om-veteranforsoeg\/#primaryimage"},"image":{"@id":"https:\/\/meetobi.com\/da\/anmodning-om-veteranforsoeg\/#primaryimage"},"thumbnailUrl":"https:\/\/meetobi.com\/wp-content\/uploads\/2023\/01\/Alan-Veteran-using-obi-at-home-dinner-table-1024x784.webp","datePublished":"2022-12-20T22:05:48+00:00","dateModified":"2025-08-19T10:31:00+00:00","description":"Bed om at pr\u00f8ve Obi personligt, og find ud af, om denne revolutionerende enhed kan fungere for dig. Vi arbejder med veteraner over hele landet, s\u00e5 kontakt os gerne, hvis du har brug for denne enhed.","breadcrumb":{"@id":"https:\/\/meetobi.com\/da\/anmodning-om-veteranforsoeg\/#breadcrumb"},"inLanguage":"da-DK","potentialAction":[{"@type":"ReadAction","target":["https:\/\/meetobi.com\/da\/anmodning-om-veteranforsoeg\/"]}]},{"@type":"ImageObject","inLanguage":"da-DK","@id":"https:\/\/meetobi.com\/da\/anmodning-om-veteranforsoeg\/#primaryimage","url":"https:\/\/meetobi.com\/wp-content\/uploads\/2023\/01\/Alan-Veteran-using-obi-at-home-dinner-table-1024x784.webp","contentUrl":"https:\/\/meetobi.com\/wp-content\/uploads\/2023\/01\/Alan-Veteran-using-obi-at-home-dinner-table-1024x784.webp"},{"@type":"BreadcrumbList","@id":"https:\/\/meetobi.com\/da\/anmodning-om-veteranforsoeg\/#breadcrumb","itemListElement":[{"@type":"ListItem","position":1,"name":"Home","item":"https:\/\/meetobi.com\/da\/"},{"@type":"ListItem","position":2,"name":"Anmodning om veteranfors\u00f8g"}]},{"@type":"WebSite","@id":"https:\/\/meetobi.com\/da\/#website","url":"https:\/\/meetobi.com\/da\/","name":"Obi","description":"Obi: The Independent Eating Device","publisher":{"@id":"https:\/\/meetobi.com\/da\/#organization"},"alternateName":"Obi Adaptive Eating Device","potentialAction":[{"@type":"SearchAction","target":{"@type":"EntryPoint","urlTemplate":"https:\/\/meetobi.com\/da\/?s={search_term_string}"},"query-input":{"@type":"PropertyValueSpecification","valueRequired":true,"valueName":"search_term_string"}}],"inLanguage":"da-DK"},{"@type":"Organization","@id":"https:\/\/meetobi.com\/da\/#organization","name":"Obi Adaptive Eating Device","alternateName":"MeetObi","url":"https:\/\/meetobi.com\/da\/","logo":{"@type":"ImageObject","inLanguage":"da-DK","@id":"https:\/\/meetobi.com\/da\/#\/schema\/logo\/image\/","url":"https:\/\/d6be6d1b8c.nxcli.io\/wp-content\/uploads\/2022\/02\/Outdoor-Dining-with-Obi-768x433-1.jpg","contentUrl":"https:\/\/d6be6d1b8c.nxcli.io\/wp-content\/uploads\/2022\/02\/Outdoor-Dining-with-Obi-768x433-1.jpg","width":768,"height":433,"caption":"Obi Adaptive Eating Device"},"image":{"@id":"https:\/\/meetobi.com\/da\/#\/schema\/logo\/image\/"},"sameAs":["https:\/\/www.facebook.com\/obirobot","https:\/\/x.com\/ObiRobot","https:\/\/www.youtube.com\/c\/Meetobirobot","https:\/\/www.instagram.com\/obirobot"]}]}},"jetpack_sharing_enabled":true,"_links":{"self":[{"href":"https:\/\/meetobi.com\/da\/wp-json\/wp\/v2\/pages\/9236","targetHints":{"allow":["GET"]}}],"collection":[{"href":"https:\/\/meetobi.com\/da\/wp-json\/wp\/v2\/pages"}],"about":[{"href":"https:\/\/meetobi.com\/da\/wp-json\/wp\/v2\/types\/page"}],"author":[{"embeddable":true,"href":"https:\/\/meetobi.com\/da\/wp-json\/wp\/v2\/users\/7"}],"replies":[{"embeddable":true,"href":"https:\/\/meetobi.com\/da\/wp-json\/wp\/v2\/comments?post=9236"}],"version-history":[{"count":2,"href":"https:\/\/meetobi.com\/da\/wp-json\/wp\/v2\/pages\/9236\/revisions"}],"predecessor-version":[{"id":20198,"href":"https:\/\/meetobi.com\/da\/wp-json\/wp\/v2\/pages\/9236\/revisions\/20198"}],"wp:attachment":[{"href":"https:\/\/meetobi.com\/da\/wp-json\/wp\/v2\/media?parent=9236"}],"curies":[{"name":"wp","href":"https:\/\/api.w.org\/{rel}","templated":true}]}}