{"id":20962,"date":"2025-10-31T16:03:14","date_gmt":"2025-10-31T16:03:14","guid":{"rendered":"https:\/\/meetobi.com\/ud-over-uafhaengighed\/"},"modified":"2026-01-16T15:31:20","modified_gmt":"2026-01-16T15:31:20","slug":"ud-over-uafhaengighed","status":"publish","type":"page","link":"https:\/\/meetobi.com\/da\/ud-over-uafhaengighed\/","title":{"rendered":"Kursus i medicinsk begrundelse"},"content":{"rendered":"\t\t<div data-elementor-type=\"wp-page\" data-elementor-id=\"20962\" class=\"elementor elementor-20962 elementor-20956\" data-elementor-post-type=\"page\">\n\t\t\t\t\t\t<section class=\"elementor-section elementor-top-section elementor-element elementor-element-3fdccd6 section-pts section-pbs wht mbs elementor-section-height-min-height elementor-section-boxed elementor-section-height-default elementor-section-items-middle\" data-id=\"3fdccd6\" data-element_type=\"section\" data-e-type=\"section\" data-settings=\"{&quot;background_background&quot;:&quot;classic&quot;}\">\n\t\t\t\t\t\t<div class=\"elementor-container elementor-column-gap-default\">\n\t\t\t\t\t<div class=\"elementor-column elementor-col-100 elementor-top-column elementor-element elementor-element-3bdb240\" data-id=\"3bdb240\" data-element_type=\"column\" data-e-type=\"column\">\n\t\t\t<div class=\"elementor-widget-wrap elementor-element-populated\">\n\t\t\t\t\t\t<div class=\"elementor-element elementor-element-69ae38f wht mbs elementor-widget elementor-widget-heading\" data-id=\"69ae38f\" data-element_type=\"widget\" data-e-type=\"widget\" data-widget_type=\"heading.default\">\n\t\t\t\t<div class=\"elementor-widget-container\">\n\t\t\t\t\t<h1 class=\"elementor-heading-title elementor-size-default\">Efteruddannelseskursus<\/h1>\t\t\t\t<\/div>\n\t\t\t\t<\/div>\n\t\t\t\t<div class=\"elementor-element elementor-element-58c34f8 elementor-align-center mbn elementor-widget elementor-widget-breadcrumbs\" data-id=\"58c34f8\" data-element_type=\"widget\" data-e-type=\"widget\" data-widget_type=\"breadcrumbs.default\">\n\t\t\t\t<div class=\"elementor-widget-container\">\n\t\t\t\t\t<p id=\"breadcrumbs\"><span><span><a href=\"https:\/\/meetobi.com\/da\/\">Home<\/a><\/span><\/span><\/p>\t\t\t\t<\/div>\n\t\t\t\t<\/div>\n\t\t\t\t\t<\/div>\n\t\t<\/div>\n\t\t\t\t\t<\/div>\n\t\t<\/section>\n\t\t<div class=\"elementor-element elementor-element-08f011a e-con-full e-flex e-con e-parent\" data-id=\"08f011a\" data-element_type=\"container\" data-e-type=\"container\">\n\t\t\t\t<div class=\"elementor-element elementor-element-c4861c0 elementor-widget elementor-widget-html\" data-id=\"c4861c0\" data-element_type=\"widget\" data-e-type=\"widget\" data-widget_type=\"html.default\">\n\t\t\t\t<div class=\"elementor-widget-container\">\n\t\t\t\t\t<script charset=\"utf-8\" type=\"text\/javascript\" src=\"\/\/js.hsforms.net\/forms\/embed\/v2.js\"><\/script><script>hbspt.forms.create({\r\n    portalId: \"20523599\",\r\n    formId: \"0b6dd2fb-ddbf-468b-b02a-1b2c5d205feb\",\r\n    region: \"na1\"\r\n  });\r\n<\/script>\t\t\t\t<\/div>\n\t\t\t\t<\/div>\n\t\t\t\t<\/div>\n\t\t<div class=\"elementor-element elementor-element-85cbc91 e-flex e-con-boxed e-con e-parent\" data-id=\"85cbc91\" data-element_type=\"container\" data-e-type=\"container\" data-settings=\"{&quot;background_background&quot;:&quot;classic&quot;}\">\n\t\t\t\t\t<div class=\"e-con-inner\">\n\t\t\t\t<div class=\"elementor-element elementor-element-4c40b38 elementor-widget elementor-widget-text-editor\" data-id=\"4c40b38\" data-element_type=\"widget\" data-e-type=\"widget\" data-widget_type=\"text-editor.default\">\n\t\t\t\t<div class=\"elementor-widget-container\">\n\t\t\t\t\t\t\t\t\t<p><b>Antidiskrimination og l\u00e6ringsmilj\u00f8<\/b><br>DES\u012aN, LLC er forpligtet til at tilbyde et inkluderende, respektfuldt og tilg\u00e6ngeligt l\u00e6ringsmilj\u00f8 for alle deltagere. Diskrimination, chikane eller repressalier tolereres ikke i nogen efteruddannelses- og tr\u00e6ningsaktivitet (CE\/T). Elever opfordres til at give udtryk for bekymringer eller anmode om tilpasninger uden frygt for repressalier.  <\/p>\t\t\t\t\t\t\t\t<\/div>\n\t\t\t\t<\/div>\n\t\t\t\t\t<\/div>\n\t\t\t\t<\/div>\n\t\t\t\t<\/div>\n\t\t","protected":false},"excerpt":{"rendered":"<p>Efteruddannelseskursus Antidiskrimination og l\u00e6ringsmilj\u00f8DES\u012aN, LLC er forpligtet til at tilbyde et inkluderende, respektfuldt og tilg\u00e6ngeligt l\u00e6ringsmilj\u00f8 for alle deltagere. Diskrimination, chikane eller repressalier tolereres ikke i nogen efteruddannelses- og tr\u00e6ningsaktivitet (CE\/T). Elever opfordres til at give udtryk for bekymringer eller anmode om tilpasninger uden frygt for repressalier.<\/p>\n","protected":false},"author":9,"featured_media":0,"parent":0,"menu_order":11,"comment_status":"closed","ping_status":"closed","template":"","meta":{"content-type":"","footnotes":""},"class_list":["post-20962","page","type-page","status-publish","hentry"],"yoast_head":"<!-- This site is optimized with the Yoast SEO plugin v27.4 - https:\/\/yoast.com\/product\/yoast-seo-wordpress\/ -->\n<title>Kursus i medicinsk begrundelse - Obi<\/title>\n<meta name=\"robots\" content=\"index, follow, max-snippet:-1, max-image-preview:large, max-video-preview:-1\" \/>\n<link rel=\"canonical\" href=\"https:\/\/meetobi.com\/da\/ud-over-uafhaengighed\/\" \/>\n<meta property=\"og:locale\" content=\"da_DK\" \/>\n<meta property=\"og:type\" content=\"article\" \/>\n<meta property=\"og:title\" content=\"Kursus i medicinsk begrundelse - Obi\" \/>\n<meta property=\"og:description\" content=\"Efteruddannelseskursus Antidiskrimination og l\u00e6ringsmilj\u00f8DES\u012aN, LLC er forpligtet til at tilbyde et inkluderende, respektfuldt og tilg\u00e6ngeligt l\u00e6ringsmilj\u00f8 for alle deltagere. Diskrimination, chikane eller repressalier tolereres ikke i nogen efteruddannelses- og tr\u00e6ningsaktivitet (CE\/T). Elever opfordres til at give udtryk for bekymringer eller anmode om tilpasninger uden frygt for repressalier.\" \/>\n<meta property=\"og:url\" content=\"https:\/\/meetobi.com\/da\/ud-over-uafhaengighed\/\" \/>\n<meta property=\"og:site_name\" content=\"Obi\" \/>\n<meta property=\"article:publisher\" content=\"https:\/\/www.facebook.com\/obirobot\" \/>\n<meta property=\"article:modified_time\" content=\"2026-01-16T15:31:20+00:00\" \/>\n<meta property=\"og:image\" content=\"https:\/\/meetobi.com\/wp-content\/uploads\/2022\/02\/Outdoor-Dining-with-Obi-768x433-1.jpg\" \/>\n\t<meta property=\"og:image:width\" content=\"768\" \/>\n\t<meta property=\"og:image:height\" content=\"433\" \/>\n\t<meta property=\"og:image:type\" content=\"image\/jpeg\" \/>\n<meta name=\"twitter:card\" content=\"summary_large_image\" \/>\n<meta name=\"twitter:site\" content=\"@ObiRobot\" \/>\n<script type=\"application\/ld+json\" class=\"yoast-schema-graph\">{\"@context\":\"https:\\\/\\\/schema.org\",\"@graph\":[{\"@type\":\"WebPage\",\"@id\":\"https:\\\/\\\/meetobi.com\\\/da\\\/ud-over-uafhaengighed\\\/\",\"url\":\"https:\\\/\\\/meetobi.com\\\/da\\\/ud-over-uafhaengighed\\\/\",\"name\":\"Kursus i medicinsk begrundelse - Obi\",\"isPartOf\":{\"@id\":\"https:\\\/\\\/meetobi.com\\\/da\\\/#website\"},\"datePublished\":\"2025-10-31T16:03:14+00:00\",\"dateModified\":\"2026-01-16T15:31:20+00:00\",\"breadcrumb\":{\"@id\":\"https:\\\/\\\/meetobi.com\\\/da\\\/ud-over-uafhaengighed\\\/#breadcrumb\"},\"inLanguage\":\"da-DK\",\"potentialAction\":[{\"@type\":\"ReadAction\",\"target\":[\"https:\\\/\\\/meetobi.com\\\/da\\\/ud-over-uafhaengighed\\\/\"]}]},{\"@type\":\"BreadcrumbList\",\"@id\":\"https:\\\/\\\/meetobi.com\\\/da\\\/ud-over-uafhaengighed\\\/#breadcrumb\",\"itemListElement\":[{\"@type\":\"ListItem\",\"position\":1,\"name\":\"Home\",\"item\":\"https:\\\/\\\/meetobi.com\\\/da\\\/\"},{\"@type\":\"ListItem\",\"position\":2,\"name\":\"Kursus i medicinsk begrundelse\"}]},{\"@type\":\"WebSite\",\"@id\":\"https:\\\/\\\/meetobi.com\\\/da\\\/#website\",\"url\":\"https:\\\/\\\/meetobi.com\\\/da\\\/\",\"name\":\"Obi\",\"description\":\"Obi: The Independent Eating Device\",\"publisher\":{\"@id\":\"https:\\\/\\\/meetobi.com\\\/da\\\/#organization\"},\"alternateName\":\"Obi Adaptive Eating Device\",\"potentialAction\":[{\"@type\":\"SearchAction\",\"target\":{\"@type\":\"EntryPoint\",\"urlTemplate\":\"https:\\\/\\\/meetobi.com\\\/da\\\/?s={search_term_string}\"},\"query-input\":{\"@type\":\"PropertyValueSpecification\",\"valueRequired\":true,\"valueName\":\"search_term_string\"}}],\"inLanguage\":\"da-DK\"},{\"@type\":\"Organization\",\"@id\":\"https:\\\/\\\/meetobi.com\\\/da\\\/#organization\",\"name\":\"Obi Adaptive Eating Device\",\"alternateName\":\"MeetObi\",\"url\":\"https:\\\/\\\/meetobi.com\\\/da\\\/\",\"logo\":{\"@type\":\"ImageObject\",\"inLanguage\":\"da-DK\",\"@id\":\"https:\\\/\\\/meetobi.com\\\/da\\\/#\\\/schema\\\/logo\\\/image\\\/\",\"url\":\"https:\\\/\\\/d6be6d1b8c.nxcli.io\\\/wp-content\\\/uploads\\\/2022\\\/02\\\/Outdoor-Dining-with-Obi-768x433-1.jpg\",\"contentUrl\":\"https:\\\/\\\/d6be6d1b8c.nxcli.io\\\/wp-content\\\/uploads\\\/2022\\\/02\\\/Outdoor-Dining-with-Obi-768x433-1.jpg\",\"width\":768,\"height\":433,\"caption\":\"Obi Adaptive Eating Device\"},\"image\":{\"@id\":\"https:\\\/\\\/meetobi.com\\\/da\\\/#\\\/schema\\\/logo\\\/image\\\/\"},\"sameAs\":[\"https:\\\/\\\/www.facebook.com\\\/obirobot\",\"https:\\\/\\\/x.com\\\/ObiRobot\",\"https:\\\/\\\/www.youtube.com\\\/c\\\/Meetobirobot\",\"https:\\\/\\\/www.instagram.com\\\/obirobot\"]}]}<\/script>\n<!-- \/ Yoast SEO plugin. -->","yoast_head_json":{"title":"Kursus i medicinsk begrundelse - Obi","robots":{"index":"index","follow":"follow","max-snippet":"max-snippet:-1","max-image-preview":"max-image-preview:large","max-video-preview":"max-video-preview:-1"},"canonical":"https:\/\/meetobi.com\/da\/ud-over-uafhaengighed\/","og_locale":"da_DK","og_type":"article","og_title":"Kursus i medicinsk begrundelse - Obi","og_description":"Efteruddannelseskursus Antidiskrimination og l\u00e6ringsmilj\u00f8DES\u012aN, LLC er forpligtet til at tilbyde et inkluderende, respektfuldt og tilg\u00e6ngeligt l\u00e6ringsmilj\u00f8 for alle deltagere. Diskrimination, chikane eller repressalier tolereres ikke i nogen efteruddannelses- og tr\u00e6ningsaktivitet (CE\/T). Elever opfordres til at give udtryk for bekymringer eller anmode om tilpasninger uden frygt for repressalier.","og_url":"https:\/\/meetobi.com\/da\/ud-over-uafhaengighed\/","og_site_name":"Obi","article_publisher":"https:\/\/www.facebook.com\/obirobot","article_modified_time":"2026-01-16T15:31:20+00:00","og_image":[{"width":768,"height":433,"url":"https:\/\/meetobi.com\/wp-content\/uploads\/2022\/02\/Outdoor-Dining-with-Obi-768x433-1.jpg","type":"image\/jpeg"}],"twitter_card":"summary_large_image","twitter_site":"@ObiRobot","schema":{"@context":"https:\/\/schema.org","@graph":[{"@type":"WebPage","@id":"https:\/\/meetobi.com\/da\/ud-over-uafhaengighed\/","url":"https:\/\/meetobi.com\/da\/ud-over-uafhaengighed\/","name":"Kursus i medicinsk begrundelse - Obi","isPartOf":{"@id":"https:\/\/meetobi.com\/da\/#website"},"datePublished":"2025-10-31T16:03:14+00:00","dateModified":"2026-01-16T15:31:20+00:00","breadcrumb":{"@id":"https:\/\/meetobi.com\/da\/ud-over-uafhaengighed\/#breadcrumb"},"inLanguage":"da-DK","potentialAction":[{"@type":"ReadAction","target":["https:\/\/meetobi.com\/da\/ud-over-uafhaengighed\/"]}]},{"@type":"BreadcrumbList","@id":"https:\/\/meetobi.com\/da\/ud-over-uafhaengighed\/#breadcrumb","itemListElement":[{"@type":"ListItem","position":1,"name":"Home","item":"https:\/\/meetobi.com\/da\/"},{"@type":"ListItem","position":2,"name":"Kursus i medicinsk begrundelse"}]},{"@type":"WebSite","@id":"https:\/\/meetobi.com\/da\/#website","url":"https:\/\/meetobi.com\/da\/","name":"Obi","description":"Obi: The Independent Eating Device","publisher":{"@id":"https:\/\/meetobi.com\/da\/#organization"},"alternateName":"Obi Adaptive Eating Device","potentialAction":[{"@type":"SearchAction","target":{"@type":"EntryPoint","urlTemplate":"https:\/\/meetobi.com\/da\/?s={search_term_string}"},"query-input":{"@type":"PropertyValueSpecification","valueRequired":true,"valueName":"search_term_string"}}],"inLanguage":"da-DK"},{"@type":"Organization","@id":"https:\/\/meetobi.com\/da\/#organization","name":"Obi Adaptive Eating Device","alternateName":"MeetObi","url":"https:\/\/meetobi.com\/da\/","logo":{"@type":"ImageObject","inLanguage":"da-DK","@id":"https:\/\/meetobi.com\/da\/#\/schema\/logo\/image\/","url":"https:\/\/d6be6d1b8c.nxcli.io\/wp-content\/uploads\/2022\/02\/Outdoor-Dining-with-Obi-768x433-1.jpg","contentUrl":"https:\/\/d6be6d1b8c.nxcli.io\/wp-content\/uploads\/2022\/02\/Outdoor-Dining-with-Obi-768x433-1.jpg","width":768,"height":433,"caption":"Obi Adaptive Eating Device"},"image":{"@id":"https:\/\/meetobi.com\/da\/#\/schema\/logo\/image\/"},"sameAs":["https:\/\/www.facebook.com\/obirobot","https:\/\/x.com\/ObiRobot","https:\/\/www.youtube.com\/c\/Meetobirobot","https:\/\/www.instagram.com\/obirobot"]}]}},"jetpack_sharing_enabled":true,"_links":{"self":[{"href":"https:\/\/meetobi.com\/da\/wp-json\/wp\/v2\/pages\/20962","targetHints":{"allow":["GET"]}}],"collection":[{"href":"https:\/\/meetobi.com\/da\/wp-json\/wp\/v2\/pages"}],"about":[{"href":"https:\/\/meetobi.com\/da\/wp-json\/wp\/v2\/types\/page"}],"author":[{"embeddable":true,"href":"https:\/\/meetobi.com\/da\/wp-json\/wp\/v2\/users\/9"}],"replies":[{"embeddable":true,"href":"https:\/\/meetobi.com\/da\/wp-json\/wp\/v2\/comments?post=20962"}],"version-history":[{"count":3,"href":"https:\/\/meetobi.com\/da\/wp-json\/wp\/v2\/pages\/20962\/revisions"}],"predecessor-version":[{"id":21578,"href":"https:\/\/meetobi.com\/da\/wp-json\/wp\/v2\/pages\/20962\/revisions\/21578"}],"wp:attachment":[{"href":"https:\/\/meetobi.com\/da\/wp-json\/wp\/v2\/media?parent=20962"}],"curies":[{"name":"wp","href":"https:\/\/api.w.org\/{rel}","templated":true}]}}